{"id":94,"date":"2015-12-20T00:01:14","date_gmt":"2015-12-19T23:01:14","guid":{"rendered":"http:\/\/scriptores.pl\/hortus\/?page_id=94"},"modified":"2020-05-22T14:20:11","modified_gmt":"2020-05-22T12:20:11","slug":"hortus-deliciarum-3","status":"publish","type":"page","link":"https:\/\/scriptores.pl\/hortus\/archiwum\/hortus-deliciarum-3\/","title":{"rendered":"Spotkanie III"},"content":{"rendered":"<p><\/p>\n<h3>Czas<\/h3>\n<p>15 stycznia 2016 r., godz. 11.00 (!)<\/p>\n<h3>Program<\/h3>\n<p>Anna Maria Wasyl<\/p>\n<ul>\n<li>P\u00f3\u017anoantyczny elegik Maksymian, (prawie) nieznany tw\u00f3rca dewizy Uniwersytetu Jagiello\u0144skiego<\/li>\n<\/ul>\n<h3>Streszczenie<\/h3>\n<p>Dla badaczy zajmuj\u0105cych si\u0119 poezj\u0105 p\u00f3\u017anego antyku, zw\u0142aszcza tzw. okresu rzymsko-barbarzy\u0144skiego, elegik Maksymian nie jest postaci\u0105 zupe\u0142nie anonimow\u0105. Wi\u0119kszo\u015b\u0107 mi\u0142o\u015bnik\u00f3w kultury klasycznej nie zna jednak jego tw\u00f3rczo\u015bci, a szkoda, gdy\u017c jest to poeta nader intryguj\u0105cy, subtelny i b\u0142yskotliwie inteligentny, cho\u0107 czasem r\u00f3wnie\u017c prowokacyjny. Rozmaite nawi\u0105zania do motyw\u00f3w i wyra\u017ce\u0144 zaczerpni\u0119tych z jego elegii \u015bwiadcz\u0105 o niema\u0142ym zainteresowaniu tym autorem, cho\u0107 warto wiedzie\u0107, \u017ce p\u00f3\u017aniejsze epoki nie zawsze zna\u0142y go w\u0142a\u015bnie pod imieniem Maksymiana. Co wi\u0119cej, utw\u00f3r, o kt\u00f3rym mowa, nale\u017ca\u0142 przez pewien czas do kanonu \u015bredniowiecznych lektur szkolnych jako tekst odpowiedni zw\u0142aszcza dla m\u0142odszych uczni\u00f3w. Zalecano go szczeg\u00f3lnie z uwagi na specyficzny walor edukacyjny: w spos\u00f3b dok\u0142adny, nawet przejmuj\u0105cy opisuje bowiem udr\u0119ki i nieszcz\u0119\u015bcia staro\u015bci. W Akademii Krakowskiej by\u0142 Maksymian czytany jeszcze w XV wieku. Co za\u015b najbardziej niezwyk\u0142e \u2013 gdy\u017c zadecydowa\u0142 o tym zbieg okoliczno\u015bci \u2013 to on w\u0142a\u015bnie jest autorem dewizy Uniwersytetu Jagiello\u0144skiego, <em>Plus ratio quam vis<\/em>.<\/p>\n<h3>Prelegentka<\/h3>\n<h4>Dr hab. Anna Maria Wasyl (Instytut Filologii Klasycznej UJ)<\/h4>\n<p>Dr hab. Anna Maria Wasyl zajmuje si\u0119 poezj\u0105 \u0142aci\u0144sk\u0105, zw\u0142aszcza poetyk\u0105 i estetyk\u0105 literack\u0105 p\u00f3\u017anego antyku, a tak\u017ce wybranymi zagadnieniami medio- i neolatynistyki. Interesuje si\u0119 szczeg\u00f3lnie kultur\u0105 czas\u00f3w rzymsko-barbarzy\u0144skich (V-VII w. n.e.). Jest autork\u0105 wielu prac o tej tematyce, przede wszystkim ksi\u0105\u017cki <a href=\"http:\/\/www.wuj.pl\/page,produkt,prodid,1511,strona,Genres_Rediscovered,katid,219.html\" target=\"_blank\" rel=\"noopener noreferrer\"><em>Genres Rediscovered<\/em><\/a> (2011). Z zakresu genologii antycznej opublikowa\u0142a wcze\u015bniej <a href=\"http:\/\/akademicka.pl\/index.php?detale=1&amp;a=2&amp;id=11491\" target=\"_blank\" rel=\"noopener noreferrer\">monografi\u0119 rzymskiego listu poetyckiego<\/a> (2002). Zajmowa\u0142a si\u0119 ponadto \u0142aci\u0144sk\u0105 tw\u00f3rczo\u015bci\u0105 Francesca Petrarki. Z zagadnie\u0144 socjokulturowych interesuje j\u0105 zw\u0142aszcza problem patronatu literackiego w staro\u017cytnym Rzymie.<br \/>\nW wydawnictwie IBL PAN ukazuje si\u0119 w\u0142a\u015bnie jej, pierwszy w j\u0119zyku polskim, przek\u0142ad elegii Maksymiana ze wst\u0119pem i obszernym komentarzem. Uwzgl\u0119dnia on r\u00f3wnie\u017c kwesti\u0119 recepcji tego utworu, tak\u017ce w \u015bredniowiecznej praktyce dydaktycznej Akademii Krakowskiej.<\/p>\n<h4>Miejsce<\/h4>\n<p><a href=\"http:\/\/scriptores.pl\/hortus\/organizacja\/sluchacze\/\" target=\"_blank\" rel=\"noopener noreferrer\">Instytut J\u0119zyka Polskiego PAN<\/a><\/p>\n<h4>Nagranie spotkania<\/h4>\n<p><a href=\"https:\/\/www.youtube.com\/watch?v=j5KHaurrQ80\" target=\"_blank\" rel=\"noopener noreferrer\">Kana\u0142 cyklu<\/a><\/p>","protected":false},"excerpt":{"rendered":"<p>Czas 15 stycznia 2016 r., godz. 11.00 (!) Program Anna Maria Wasyl P\u00f3\u017anoantyczny elegik Maksymian, (prawie) nieznany tw\u00f3rca dewizy Uniwersytetu Jagiello\u0144skiego Streszczenie Dla badaczy zajmuj\u0105cych si\u0119 poezj\u0105 p\u00f3\u017anego antyku, zw\u0142aszcza tzw. okresu rzymsko-barbarzy\u0144skiego, elegik Maksymian nie jest postaci\u0105 zupe\u0142nie anonimow\u0105. Wi\u0119kszo\u015b\u0107 mi\u0142o\u015bnik\u00f3w kultury klasycznej nie zna jednak jego tw\u00f3rczo\u015bci, a szkoda, gdy\u017c jest to poeta [&hellip;]<\/p>\n","protected":false},"author":1,"featured_media":0,"parent":27,"menu_order":3,"comment_status":"closed","ping_status":"closed","template":"","meta":{"footnotes":""},"class_list":["post-94","page","type-page","status-publish","hentry"],"aioseo_notices":[],"_links":{"self":[{"href":"https:\/\/scriptores.pl\/hortus\/wp-json\/wp\/v2\/pages\/94","targetHints":{"allow":["GET"]}}],"collection":[{"href":"https:\/\/scriptores.pl\/hortus\/wp-json\/wp\/v2\/pages"}],"about":[{"href":"https:\/\/scriptores.pl\/hortus\/wp-json\/wp\/v2\/types\/page"}],"author":[{"embeddable":true,"href":"https:\/\/scriptores.pl\/hortus\/wp-json\/wp\/v2\/users\/1"}],"replies":[{"embeddable":true,"href":"https:\/\/scriptores.pl\/hortus\/wp-json\/wp\/v2\/comments?post=94"}],"version-history":[{"count":5,"href":"https:\/\/scriptores.pl\/hortus\/wp-json\/wp\/v2\/pages\/94\/revisions"}],"predecessor-version":[{"id":300,"href":"https:\/\/scriptores.pl\/hortus\/wp-json\/wp\/v2\/pages\/94\/revisions\/300"}],"up":[{"embeddable":true,"href":"https:\/\/scriptores.pl\/hortus\/wp-json\/wp\/v2\/pages\/27"}],"wp:attachment":[{"href":"https:\/\/scriptores.pl\/hortus\/wp-json\/wp\/v2\/media?parent=94"}],"curies":[{"name":"wp","href":"https:\/\/api.w.org\/{rel}","templated":true}]}}