{"id":48,"date":"2015-10-14T11:46:37","date_gmt":"2015-10-14T09:46:37","guid":{"rendered":"http:\/\/scriptores.pl\/hortus\/?page_id=48"},"modified":"2020-05-20T14:14:59","modified_gmt":"2020-05-20T12:14:59","slug":"hortus-deliciarum-1","status":"publish","type":"page","link":"https:\/\/scriptores.pl\/hortus\/archiwum\/hortus-deliciarum-1\/","title":{"rendered":"Spotkanie I"},"content":{"rendered":"<h3>Czas<\/h3>\n<p>6 listopada 2015 r.<\/p>\n<h3>Program<\/h3>\n<p>Joanna Godlewicz-Adamiec<\/p>\n<ul>\n<li>Obraz i s\u0142owo w dzie\u0142ach mistycznych Hildegardy z Bingen i Henryka Suzo<\/li>\n<li>Interdyscyplinarny Zesp\u00f3\u0142 Badawczy \u201eBadania nad Kultur\u0105 Dawn\u0105\u201d<\/li>\n<\/ul>\n<p><a href=\"http:\/\/scriptores.pl\/hortus\/wp-content\/uploads\/sites\/3\/2015\/10\/Interdyscyplinarny-Zesp\u00f3\u0142-Badawczy-prezentacja-zespo\u0142u.pdf\">Interdyscyplinarny Zesp\u00f3\u0142 Badawczy &#8211; prezentacja zespo\u0142u<\/a><\/p>\n<h3>Streszczenie<\/h3>\n<p>Zapisy wizji Hildegardy z Bingen (<em>Liber Scivias Domini<\/em>, <em>Liber Vitae Meritorum<\/em>, <em>Liber Divinorum Operum<\/em>) i Henryka Suzo (<em>Das Dieners Leben<\/em>, <em>Das B\u00fcchlein der ewigen Weisheit<\/em>, <em>Das B\u00fcchlein der Wahrheit<\/em> i <em>Das Briefb\u00fcchlein<\/em>) dowodz\u0105, \u017ce mistycy pos\u0142ugiwali si\u0119 s\u0142owem i obrazem, pr\u00f3buj\u0105c prze\u0142ama\u0107 ograniczenia ludzkiego sposobu komunikacji. W przypadku zapisu wizji Hildegardy z Bingen (ilustrowane r\u0119kopisy do dw\u00f3ch z trzech dzie\u0142 wizyjnych: <em>Scivias<\/em> &#8211; rupertsberskiego <em>Rupertsberger Kodex<\/em> i salemskiego oraz <em>Liber divinorum operum<\/em>) i Henryka Suzo (<em>Exemplar<\/em>) s\u0142owo i obraz stanowi\u0105 rozwi\u0105zania nie tylko r\u00f3wnoleg\u0142e, ale wr\u0119cz r\u00f3wnoczesne, kt\u00f3re wskazuj\u0105 na przekaz i odbi\u00f3r dwutorowy, chocia\u017c spos\u00f3b realizacji tej dwutorowo\u015bci jest u obojga mistyk\u00f3w odmienny.<br \/>\nPodczas wyst\u0105pienia zaprezentowany zostanie r\u00f3wnie\u017c Interdyscyplinarny <a href=\"http:\/\/kulturadawna.uw.edu.pl\/\" target=\"_blank\" rel=\"noopener noreferrer\">Zesp\u00f3\u0142 Badawczy &#8222;Badania nad kultur\u0105 dawn\u0105&#8221;<\/a>, w tym obszary badawcze, zadania, aktualnie prowadzone projekty kompleksowe i zadaniowe.<\/p>\n<h3>Prelegentka<\/h3>\n<h4>Dr hab. Joanna Godlewicz-Adamiec (Instytut Germanistyki Uniwersytetu Warszawskiego)<\/h4>\n<p>Germanistka, mediewistka, wsp\u00f3\u0142za\u0142o\u017cycielka i kierownik Interdyscyplinarnego Zespo\u0142u Badawczego \u201eBadania nad Kultur\u0105 Dawn\u0105\u201d; kierownik (wraz z dr Tomaszem Szybistym) projektu mi\u0119dzyuczelnianego \u201eLiteratura \u2013 konteksty\u201d realizowanego przez Instytut Germanistyki Uniwersytetu Warszawskiego i Instytut Neofilologii Uniwersytetu Pedagogicznego im. KEN w Krakowie; cz\u0142onek Stowarzyszenia Germanist\u00f3w Polskich, Internationale Vereinigung f\u00fcr Germanistik, MIRA (Mittelalter und Renaissance in Romania), Centrum \u201aMittelalter &#8211; Renaissance &#8211; Fr\u00fche Neuzeit\u2018, International Comparative Literature Association; przewodnicz\u0105ca Komitetu Organizacyjnego Interdyscyplinarnej Konferencji Naukowej \u201eKar\u0142y na ramionach olbrzym\u00f3w? Kultura niemieckiego obszaru j\u0119zykowego w dialogu z tradycj\u0105\u201d; cz\u0142onek komitetu redakcyjnego czasopism \u201eStudia Niemcoznawcze\u201d i \u201eConversatoria litteraria\u201d; go\u015b\u0107 audycji \u201e\u015awiat\u0142o nie tylko \u017cyciodajne\u201d Polskiego Radia PR2 (2015); prelegentka \u201eDni Nauki\u201d (2015); zainteresowania naukowe: historia kultury, komunikacja mi\u0119dzykulturowa, korespondencja sztuk (szczeg\u00f3lnie zwi\u0105zki literatury i sztuk wizualnych).<\/p>\n<h4>Miejsce<\/h4>\n<p><a href=\"http:\/\/scriptores.pl\/hortus\/organizacja\/sluchacze\/\" target=\"_blank\" rel=\"noopener noreferrer\">Instytut J\u0119zyka Polskiego PAN<\/a><\/p>\n<h4>Transmisja on-line<\/h4>\n<p><a href=\"https:\/\/www.youtube.com\/watch?v=edThr3cDgh0\" target=\"_blank\" rel=\"noopener noreferrer\">Kana\u0142 Hortus Deliciarum<\/a><\/p>\n<h3><\/h3>\n","protected":false},"excerpt":{"rendered":"<p>Czas 6 listopada 2015 r. Program Joanna Godlewicz-Adamiec Obraz i s\u0142owo w dzie\u0142ach mistycznych Hildegardy z Bingen i Henryka Suzo Interdyscyplinarny Zesp\u00f3\u0142 Badawczy \u201eBadania nad Kultur\u0105 Dawn\u0105\u201d Interdyscyplinarny Zesp\u00f3\u0142 Badawczy &#8211; prezentacja zespo\u0142u Streszczenie Zapisy wizji Hildegardy z Bingen (Liber Scivias Domini, Liber Vitae Meritorum, Liber Divinorum Operum) i Henryka Suzo (Das Dieners Leben, Das [&hellip;]<\/p>\n","protected":false},"author":1,"featured_media":0,"parent":27,"menu_order":1,"comment_status":"closed","ping_status":"closed","template":"","meta":{"footnotes":""},"class_list":["post-48","page","type-page","status-publish","hentry"],"aioseo_notices":[],"_links":{"self":[{"href":"https:\/\/scriptores.pl\/hortus\/wp-json\/wp\/v2\/pages\/48","targetHints":{"allow":["GET"]}}],"collection":[{"href":"https:\/\/scriptores.pl\/hortus\/wp-json\/wp\/v2\/pages"}],"about":[{"href":"https:\/\/scriptores.pl\/hortus\/wp-json\/wp\/v2\/types\/page"}],"author":[{"embeddable":true,"href":"https:\/\/scriptores.pl\/hortus\/wp-json\/wp\/v2\/users\/1"}],"replies":[{"embeddable":true,"href":"https:\/\/scriptores.pl\/hortus\/wp-json\/wp\/v2\/comments?post=48"}],"version-history":[{"count":19,"href":"https:\/\/scriptores.pl\/hortus\/wp-json\/wp\/v2\/pages\/48\/revisions"}],"predecessor-version":[{"id":298,"href":"https:\/\/scriptores.pl\/hortus\/wp-json\/wp\/v2\/pages\/48\/revisions\/298"}],"up":[{"embeddable":true,"href":"https:\/\/scriptores.pl\/hortus\/wp-json\/wp\/v2\/pages\/27"}],"wp:attachment":[{"href":"https:\/\/scriptores.pl\/hortus\/wp-json\/wp\/v2\/media?parent=48"}],"curies":[{"name":"wp","href":"https:\/\/api.w.org\/{rel}","templated":true}]}}