{"id":27,"date":"2015-09-10T16:36:28","date_gmt":"2015-09-10T14:36:28","guid":{"rendered":"http:\/\/scriptores.pl\/hortus\/?page_id=27"},"modified":"2020-05-22T14:52:26","modified_gmt":"2020-05-22T12:52:26","slug":"archiwum","status":"publish","type":"page","link":"https:\/\/scriptores.pl\/hortus\/archiwum\/","title":{"rendered":"Archiwum"},"content":{"rendered":"<p><\/p>\n<hr \/>\n<p align=\"justify\"><i><a href=\"http:\/\/scriptores.pl\/hortus\/wp-content\/uploads\/sites\/3\/2018\/03\/MNISW.jpg\"><img decoding=\"async\" class=\"alignleft wp-image-164 \" src=\"http:\/\/scriptores.pl\/hortus\/wp-content\/uploads\/sites\/3\/2018\/03\/MNISW-300x78.jpg\" alt=\"\" width=\"281\" height=\"73\" srcset=\"https:\/\/scriptores.pl\/hortus\/wp-content\/uploads\/sites\/3\/2018\/03\/MNISW-300x78.jpg 300w, https:\/\/scriptores.pl\/hortus\/wp-content\/uploads\/sites\/3\/2018\/03\/MNISW-768x199.jpg 768w, https:\/\/scriptores.pl\/hortus\/wp-content\/uploads\/sites\/3\/2018\/03\/MNISW-1024x265.jpg 1024w, https:\/\/scriptores.pl\/hortus\/wp-content\/uploads\/sites\/3\/2018\/03\/MNISW-624x162.jpg 624w, https:\/\/scriptores.pl\/hortus\/wp-content\/uploads\/sites\/3\/2018\/03\/MNISW.jpg 1737w\" sizes=\"(max-width: 281px) 100vw, 281px\" \/><\/a><\/i><i>Hortus Deliciarum. Wok\u00f3\u0142 \u015bredniowiecznego tekstu (cykl seminari\u00f3w i publikacja elektroniczna) &#8211; zadanie w latach 2016-7 by\u0142o finansowane w ramach umowy 644\/P-DUN\/2016 ze \u015brodk\u00f3w Ministra Nauki i Szkolnictwa Wy\u017cszego przeznaczonych na dzia\u0142alno\u015b\u0107 upowszechniaj\u0105c\u0105 nauk\u0119<\/i><\/p>\n<p><\/p>","protected":false},"excerpt":{"rendered":"<p>Hortus Deliciarum. Wok\u00f3\u0142 \u015bredniowiecznego tekstu (cykl seminari\u00f3w i publikacja elektroniczna) &#8211; zadanie w latach 2016-7 by\u0142o finansowane w ramach umowy 644\/P-DUN\/2016 ze \u015brodk\u00f3w Ministra Nauki i Szkolnictwa Wy\u017cszego przeznaczonych na dzia\u0142alno\u015b\u0107 upowszechniaj\u0105c\u0105 nauk\u0119<\/p>\n","protected":false},"author":1,"featured_media":0,"parent":0,"menu_order":4,"comment_status":"closed","ping_status":"closed","template":"","meta":{"footnotes":""},"class_list":["post-27","page","type-page","status-publish","hentry"],"aioseo_notices":[],"_links":{"self":[{"href":"https:\/\/scriptores.pl\/hortus\/wp-json\/wp\/v2\/pages\/27","targetHints":{"allow":["GET"]}}],"collection":[{"href":"https:\/\/scriptores.pl\/hortus\/wp-json\/wp\/v2\/pages"}],"about":[{"href":"https:\/\/scriptores.pl\/hortus\/wp-json\/wp\/v2\/types\/page"}],"author":[{"embeddable":true,"href":"https:\/\/scriptores.pl\/hortus\/wp-json\/wp\/v2\/users\/1"}],"replies":[{"embeddable":true,"href":"https:\/\/scriptores.pl\/hortus\/wp-json\/wp\/v2\/comments?post=27"}],"version-history":[{"count":3,"href":"https:\/\/scriptores.pl\/hortus\/wp-json\/wp\/v2\/pages\/27\/revisions"}],"predecessor-version":[{"id":353,"href":"https:\/\/scriptores.pl\/hortus\/wp-json\/wp\/v2\/pages\/27\/revisions\/353"}],"wp:attachment":[{"href":"https:\/\/scriptores.pl\/hortus\/wp-json\/wp\/v2\/media?parent=27"}],"curies":[{"name":"wp","href":"https:\/\/api.w.org\/{rel}","templated":true}]}}