{"id":25,"date":"2015-09-10T16:36:07","date_gmt":"2015-09-10T14:36:07","guid":{"rendered":"http:\/\/scriptores.pl\/hortus\/?page_id=25"},"modified":"2025-06-05T15:37:36","modified_gmt":"2025-06-05T13:37:36","slug":"program","status":"publish","type":"page","link":"https:\/\/scriptores.pl\/hortus\/program\/","title":{"rendered":"Program"},"content":{"rendered":"<p><\/p>\n<h3>2025<\/h3>\n<h3>12 czerwca, godz. 13.00<\/h3>\n<h6>Martin Fiedler (BAdW, MLW)<\/h6>\n<p>Kana\u0142 cyklu<\/p>\n<p>Szczeg\u00f3\u0142owy opis wyst\u0105pienia<\/p>\n<h3>2023<\/h3>\n<h3 class=\"wp-block-heading\">15 czerwca, godz. 13.00<\/h3>\n<h6>Lidia Grzybowska (UJ)<\/h6>\n<p>Kana\u0142 cyklu<\/p>\n<p>Szczeg\u00f3\u0142owy opis wyst\u0105pienia<\/p>\n<h3>2022<\/h3>\n<h3>28 czerwca, godz. 13<\/h3>\n<h6>Joanna Fro\u0144ska (IRHT CNRS)<\/h6>\n<p><a href=\"https:\/\/www.youtube.com\/watch?v=l0dH_PvivcQ&amp;t=530s\">Kana\u0142 cyklu<\/a><\/p>\n<p>Szczeg\u00f3\u0142owy opis wyst\u0105pienia<\/p>\n<h3>2020<\/h3>\n<h3>15 maja, godz. 13<\/h3>\n<h6>Zdzis\u0142aw Koczarski (IJP PAN)<\/h6>\n<p><a href=\"https:\/\/www.youtube.com\/watch?v=_2i8n_ai4LM\">Kana\u0142 cyklu<\/a><\/p>\n<p><a href=\"http:\/\/scriptores.pl\/hortus\/spotkanie-xxii\/\">Szczeg\u00f3\u0142owy opis wyst\u0105pienia<\/a><\/p>\n<h3>2019<\/h3>\n<h3>06 grudnia, godz. 13<\/h3>\n<h6>Marian Wolski (UP JPII)<\/h6>\n<p><a href=\"https:\/\/www.youtube.com\/watch?v=ncykx22WkIk\">Kana\u0142 cyklu<\/a><\/p>\n<p><a href=\"http:\/\/scriptores.pl\/hortus\/archiwum\/spotkanie-21-xxi\/\">Szczeg\u00f3\u0142owy opis wyst\u0105pienia<\/a><\/p>\n<h3>15 listopada, godz. 13<\/h3>\n<h6>Michael T. Lo Piano (Yale University)<\/h6>\n<p>Kana\u0142 cyklu<\/p>\n<p><a href=\"http:\/\/scriptores.pl\/hortus\/archiwum\/spotkanie-20-xx\/\">Szczeg\u00f3\u0142owy opis wyst\u0105pienia<\/a><\/p>\n<h3>15 lutego, godz. 13<\/h3>\n<h6>Mieczys\u0142aw Mejor (IBL PAN)<\/h6>\n<p><a href=\"https:\/\/www.youtube.com\/watch?v=IgVbpb84OI0&amp;t=119s\">Kana\u0142 cyklu<\/a><\/p>\n<p><a href=\"http:\/\/scriptores.pl\/hortus\/archiwum\/spotkanie-xix\/\">Szczeg\u00f3\u0142owy opis wyst\u0105pienia <\/a><\/p>\n<h3>2018<\/h3>\n<h3>30 listopada, godz. 13<\/h3>\n<h6><span data-testid=\"event-permalink-details\">\u00a0Katarzyna Jasi\u0144ska, Magdalena Klapper, Dorota Ko\u0142odziej (IJP PAN)<br \/>\n<\/span><\/h6>\n<p><a href=\"https:\/\/www.youtube.com\/watch?v=CaLhFkc1cJU\" target=\"_blank\" rel=\"noopener noreferrer\">Kana\u0142 cyklu<\/a><br \/>\n<a href=\"http:\/\/scriptores.pl\/hortus\/archiwum\/spotkanie-xviii\" target=\"_blank\" rel=\"noopener noreferrer\">Szczeg\u00f3\u0142owy opis wyst\u0105pienia<\/a><\/p>\n<h3>19 pa\u017adziernika, godz. 13<\/h3>\n<h6>Bart\u0142omiej Bednarek<span data-testid=\"event-permalink-details\"> (Instytut Historyczny UW)<\/span><\/h6>\n<p><a href=\"https:\/\/www.youtube.com\/watch?v=v8Rzo9fUoNc\" target=\"_blank\" rel=\"noopener noreferrer\">Kana\u0142 cyklu<\/a><br \/>\n<a href=\"http:\/\/scriptores.pl\/hortus\/archiwum\/spotkanie-xvii\" target=\"_blank\" rel=\"noopener noreferrer\">Szczeg\u00f3\u0142owy opis wyst\u0105pienia<\/a><\/p>\n<h3>27 kwietnia, godz. 13<\/h3>\n<h6>Joanna Duska (IJP PAN)<\/h6>\n<p><a href=\"https:\/\/www.youtube.com\/watch?v=Q2GNE7qjqLE\" target=\"_blank\" rel=\"noopener noreferrer\">Kana\u0142 cyklu<\/a><br \/>\n<a href=\"http:\/\/scriptores.pl\/hortus\/archiwum\/spotkanie-xvi\" target=\"_blank\" rel=\"noopener noreferrer\">Szczeg\u00f3\u0142owy opis wyst\u0105pienia<\/a><\/p>\n<h3>2017<\/h3>\n<h3>1 grudnia, godz. 13<\/h3>\n<h6>Rafa\u0142 Ros\u00f3\u0142 (IFK UAM)<\/h6>\n<p><a href=\"https:\/\/www.youtube.com\/watch?v=_yhXw8kbEk0\" target=\"_blank\" rel=\"noopener noreferrer\">Kana\u0142 cyklu<\/a><br \/>\n<a href=\"http:\/\/scriptores.pl\/hortus\/archiwum\/spotkanie-xv\" target=\"_blank\" rel=\"noopener noreferrer\">Szczeg\u00f3\u0142owy opis wyst\u0105pienia<\/a><\/p>\n<h3>17 listopada, godz. 13<\/h3>\n<h6>Krzysztof Opali\u0144ski, Patrycja Potoniec (IBL PAN)<\/h6>\n<p><a href=\"https:\/\/www.youtube.com\/watch?v=yt6dA6hXHY8\" target=\"_blank\" rel=\"noopener noreferrer\">Kana\u0142 cyklu<\/a><br \/>\n<a href=\"http:\/\/scriptores.pl\/hortus\/archiwum\/spotkanie-xiv\" target=\"_blank\" rel=\"noopener noreferrer\">Szczeg\u00f3\u0142owy opis wyst\u0105pienia<\/a><\/p>\n<h3>9 czerwca, godz. 13<\/h3>\n<h6>Lucie Mazalov\u00e1 (Masaryk University, Brno)<\/h6>\n<p><a href=\"https:\/\/www.youtube.com\/watch?v=B5w7o0jAJ98\" target=\"_blank\" rel=\"noopener noreferrer\">Kana\u0142 cyklu<\/a><br \/>\n<a href=\"http:\/\/scriptores.pl\/hortus\/archiwum\/spotkanie-xiii\" target=\"_blank\" rel=\"noopener noreferrer\">Szczeg\u00f3\u0142owy opis wyst\u0105pienia<\/a><\/p>\n<h3>26 maja, godz. 13<\/h3>\n<h6>Jakub Wysmu\u0142ek (Instytut Studi\u00f3w Politycznych PAN)<\/h6>\n<p><a href=\"https:\/\/www.youtube.com\/watch?v=PeSrnOHS_ro\" target=\"_blank\" rel=\"noopener noreferrer\">Kana\u0142 cyklu<\/a><br \/>\n<a href=\"http:\/\/scriptores.pl\/hortus\/archiwum\/spotkanie-xii\" target=\"_blank\" rel=\"noopener noreferrer\">Szczeg\u00f3\u0142owy opis wyst\u0105pienia<\/a><\/p>\n<h3>12 maja, godz. 13<\/h3>\n<h6>Maria Trawi\u0144ska (Uniwersytet Adama Mickiewicza)<\/h6>\n<p><a href=\"https:\/\/www.youtube.com\/watch?v=08-M5ex6yJ0\" target=\"_blank\" rel=\"noopener noreferrer\">Kana\u0142 cyklu<\/a><br \/>\n<a href=\"http:\/\/scriptores.pl\/hortus\/archiwum\/spotkanie-xi\" target=\"_blank\" rel=\"noopener noreferrer\">Szczeg\u00f3\u0142owy opis wyst\u0105pienia<\/a><\/p>\n<h3>\u00a028 kwietnia, godz. 13<\/h3>\n<h6>\u0141ukasz G\u0105ga\u0142a (Uniwersytet w Getyndze)<\/h6>\n<ul>\n<li>\u201eCz\u0142owiek to styl&#8230;\u201d. O kronikach \u015bredniowiecznych i komputerach&#8230;<\/li>\n<\/ul>\n<p><a href=\"https:\/\/www.youtube.com\/watch?v=dL60z9dQmNY&amp;list=PL1bH0K-HvWsSQAvTRRtCZMS1tVPEYi8c8&amp;index=7\" target=\"_blank\" rel=\"noopener noreferrer\">Kana\u0142 cyklu<\/a><br \/>\n<a href=\"http:\/\/scriptores.pl\/hortus\/archiwum\/spotkanie-x\" target=\"_blank\" rel=\"noopener noreferrer\">Szczeg\u00f3\u0142owy opis wyst\u0105pienia<\/a><\/p>\n<h3>10 lutego, godz. 13<\/h3>\n<h6>Renaud Alexandre (IRHT CNRS)<\/h6>\n<ul>\n<li>Valerius of Bierzo and his hagiographical compilation<\/li>\n<\/ul>\n<p><a href=\"https:\/\/www.youtube.com\/watch?v=Q-_eEegN8a8&amp;list=PL1bH0K-HvWsSQAvTRRtCZMS1tVPEYi8c8&amp;index=8\" target=\"_blank\" rel=\"noopener noreferrer\">Kana\u0142 cyklu<\/a><br \/>\n<a href=\"http:\/\/scriptores.pl\/hortus\/archiwum\/spotkanie-ix\/\" target=\"_blank\" rel=\"noopener noreferrer\">Szczeg\u00f3\u0142owy opis wyst\u0105pienia<\/a><\/p>\n<h3>2016<\/h3>\n<h3>12 grudnia, godz. 14<\/h3>\n<h6>\u0141ukasz Kozak (Polona)<\/h6>\n<ul>\n<li>\u015aredniowiecze w sieci. Od digitalizacji do lajk\u00f3w<\/li>\n<\/ul>\n<p><a href=\"https:\/\/www.youtube.com\/watch?v=8mzIjMc6FgI&amp;list=PL1bH0K-HvWsSQAvTRRtCZMS1tVPEYi8c8&amp;index=9\" target=\"_blank\" rel=\"noopener noreferrer\">Kana\u0142 cyklu<\/a><br \/>\n<a href=\"http:\/\/scriptores.pl\/hortus\/archiwum\/spotkanie-viii\/\" target=\"_blank\" rel=\"noopener noreferrer\">Szczeg\u00f3\u0142owy opis wyst\u0105pienia<\/a><\/p>\n<h3>18 listopada, godz. 13.30<\/h3>\n<h6>Bartosz Awianowicz (Uniwersytet Miko\u0142aja Kopernika, Toru\u0144), Pawe\u0142 Gancarczyk (Instytut Sztuki PAN, Warszawa)<\/h6>\n<ul>\n<li>Petrus Wilhelmi de Grudencz (1392\u2013po 1452) \u2013 mi\u0119dzy muzyk\u0105 i poezj\u0105<\/li>\n<\/ul>\n<p><a href=\"https:\/\/www.youtube.com\/watch?v=LSYb44OJT1M\" target=\"_blank\" rel=\"noopener noreferrer\">Kana\u0142 cyklu<\/a><br \/>\n<a href=\"http:\/\/scriptores.pl\/hortus\/archiwum\/spotkanie-vii\/\" target=\"_blank\" rel=\"noopener noreferrer\">Szczeg\u00f3\u0142owy opis wyst\u0105pienia<\/a><\/p>\n<h3>\u00a07 pa\u017adziernika, godz. 13.30<\/h3>\n<h6>Tim Geelhaar (Goethe-Universit\u00e4t Frankfurt am Main)<\/h6>\n<ul>\n<li>A Carolingian christianitas? Semasiological Observations on &#8222;christianitas&#8221; in the 8th and 9th centuries<\/li>\n<\/ul>\n<p><a href=\"https:\/\/www.youtube.com\/watch?v=5o3QC_zgvic\" target=\"_blank\" rel=\"noopener noreferrer\">Kana\u0142 cyklu<\/a><br \/>\n<a href=\"http:\/\/scriptores.pl\/hortus\/archiwum\/spotkanie-vi\/\" target=\"_blank\" rel=\"noopener noreferrer\">Szczeg\u00f3\u0142owy opis wyst\u0105pienia<\/a><\/p>\n<h3>\u00a024 czerwca, godz. 13.00<\/h3>\n<h6>Magdalena \u0141anuszka<\/h6>\n<ul>\n<li>Dekoracje pi\u0119tnastowiecznego r\u0119kopisu &#8222;Powie\u015bci o R\u00f3\u017cy&#8221; przechowywanego w Bibliotece Czartoryskich w Krakowie (Ms. Czart. 2920 IV)<\/li>\n<\/ul>\n<p><a href=\"https:\/\/www.youtube.com\/watch?v=f4xe2My6y4g\" target=\"_blank\" rel=\"noopener noreferrer\">Kana\u0142 cyklu<\/a><br \/>\n<a href=\"http:\/\/scriptores.pl\/hortus\/archiwum\/hortus-deliciarum-5\/\" target=\"_blank\" rel=\"noopener noreferrer\">Szczeg\u00f3\u0142owy opis wyst\u0105pienia<\/a><\/p>\n<h3>2016<\/h3>\n<h4>15 kwietnia, godz. 12.00 (!)<\/h4>\n<h6>Joanna Fronska<br \/>\n(IRHT CNRS)<\/h6>\n<ul>\n<li>Tradycja i innowacja. Badania nad r\u0119kopisami \u015bredniowiecznymi w erze cyfrowej<\/li>\n<\/ul>\n<p><a href=\"https:\/\/www.youtube.com\/watch?v=cxvfCbNNT30\" target=\"_blank\" rel=\"noopener noreferrer\">Kana\u0142 cyklu<\/a><br \/>\n<a href=\"http:\/\/scriptores.pl\/hortus\/archiwum\/hortus-deliciarum-4\/\" target=\"_blank\" rel=\"noopener noreferrer\">Szczeg\u00f3\u0142owy opis wyst\u0105pienia<\/a><\/p>\n<h4>15 stycznia, godz. 11.00 (!)<\/h4>\n<h6>Anna Maria Wasyl<br \/>\n(Instytut Filologii Klasycznej UJ)<\/h6>\n<ul>\n<li>P\u00f3\u017anoantyczny elegik Maksymian, (prawie) nieznany tw\u00f3rca dewizy Uniwersytetu Jagiello\u0144skiego<\/li>\n<\/ul>\n<p><a href=\"https:\/\/www.youtube.com\/watch?v=j5KHaurrQ80\" target=\"_blank\" rel=\"noopener noreferrer\">Kana\u0142 cyklu<\/a><br \/>\n<a href=\"http:\/\/scriptores.pl\/hortus\/archiwum\/hortus-deliciarum-3\/\" target=\"_blank\" rel=\"noopener noreferrer\">Szczeg\u00f3\u0142owy opis wyst\u0105pienia<\/a><\/p>\n<h3>2015<\/h3>\n<h4>11 grudnia, godz. 12.30 (!)<\/h4>\n<h6>Beata Spieralska-Kasprzyk<br \/>\n(Wydzia\u0142 Nauk Humanistycznych UKSW)<\/h6>\n<ul>\n<li>Barbarzy\u0144ska \u0142acina z g\u00f3ry Sorakte<\/li>\n<\/ul>\n<p><a href=\"https:\/\/www.youtube.com\/watch?v=qnBcArULBNo&amp;list=PLHA_4tTsDMjGfKHnQulM35ZyRGawhdNOj&amp;index=20\" target=\"_blank\" rel=\"noopener noreferrer\">Kana\u0142 cyklu<\/a><br \/>\n<a href=\"http:\/\/scriptores.pl\/hortus\/archiwum\/hortus-deliciarum-2\/\" target=\"_blank\" rel=\"noopener noreferrer\">Szczeg\u00f3\u0142owy opis wyst\u0105pienia<\/a><\/p>\n<h3>2015<\/h3>\n<h4>6 listopada, godz. 13.30<\/h4>\n<h6>Joanna Godlewicz-Adamiec<br \/>\n(Instytut Germanistyki UW)<\/h6>\n<ul>\n<li>Prezentacja Interdyscyplinarnego Zespo\u0142u Badawczego \u201eBadania nad Kultur\u0105 Dawn\u0105\u201d<\/li>\n<li>Obraz i s\u0142owo w dzie\u0142ach mistycznych Hildegardy z Bingen i Henryka Suzo<\/li>\n<\/ul>\n<p><a href=\"http:\/\/scriptores.pl\/hortus\/archiwum\/hortus-deliciarum-1\/\" target=\"_blank\" rel=\"noopener noreferrer\">Szczeg\u00f3\u0142owy opis wyst\u0105pienia<\/a><\/p>\n<hr \/>\n<p align=\"justify\"><i><a href=\"http:\/\/scriptores.pl\/hortus\/wp-content\/uploads\/sites\/3\/2018\/03\/MNISW.jpg\"><img decoding=\"async\" class=\"alignleft wp-image-164 \" src=\"http:\/\/scriptores.pl\/hortus\/wp-content\/uploads\/sites\/3\/2018\/03\/MNISW-300x78.jpg\" alt=\"\" width=\"281\" height=\"73\" srcset=\"https:\/\/scriptores.pl\/hortus\/wp-content\/uploads\/sites\/3\/2018\/03\/MNISW-300x78.jpg 300w, https:\/\/scriptores.pl\/hortus\/wp-content\/uploads\/sites\/3\/2018\/03\/MNISW-768x199.jpg 768w, https:\/\/scriptores.pl\/hortus\/wp-content\/uploads\/sites\/3\/2018\/03\/MNISW-1024x265.jpg 1024w, https:\/\/scriptores.pl\/hortus\/wp-content\/uploads\/sites\/3\/2018\/03\/MNISW-624x162.jpg 624w, https:\/\/scriptores.pl\/hortus\/wp-content\/uploads\/sites\/3\/2018\/03\/MNISW.jpg 1737w\" sizes=\"(max-width: 281px) 100vw, 281px\" \/><\/a><\/i><i>Hortus Deliciarum. Wok\u00f3\u0142 \u015bredniowiecznego tekstu (cykl seminari\u00f3w i publikacja elektroniczna) &#8211; zadanie w latach 2016-7 by\u0142o finansowane w ramach umowy 644\/P-DUN\/2016 ze \u015brodk\u00f3w Ministra Nauki i Szkolnictwa Wy\u017cszego przeznaczonych na dzia\u0142alno\u015b\u0107 upowszechniaj\u0105c\u0105 nauk\u0119<\/i><\/p>\n<p><\/p>","protected":false},"excerpt":{"rendered":"<p>2025 12 czerwca, godz. 13.00 Martin Fiedler (BAdW, MLW) Kana\u0142 cyklu Szczeg\u00f3\u0142owy opis wyst\u0105pienia 2023 15 czerwca, godz. 13.00 Lidia Grzybowska (UJ) Kana\u0142 cyklu Szczeg\u00f3\u0142owy opis wyst\u0105pienia 2022 28 czerwca, godz. 13 Joanna Fro\u0144ska (IRHT CNRS) Kana\u0142 cyklu Szczeg\u00f3\u0142owy opis wyst\u0105pienia 2020 15 maja, godz. 13 Zdzis\u0142aw Koczarski (IJP PAN) Kana\u0142 cyklu Szczeg\u00f3\u0142owy opis wyst\u0105pienia [&hellip;]<\/p>\n","protected":false},"author":1,"featured_media":0,"parent":0,"menu_order":0,"comment_status":"closed","ping_status":"closed","template":"","meta":{"footnotes":""},"class_list":["post-25","page","type-page","status-publish","hentry"],"aioseo_notices":[],"_links":{"self":[{"href":"https:\/\/scriptores.pl\/hortus\/wp-json\/wp\/v2\/pages\/25","targetHints":{"allow":["GET"]}}],"collection":[{"href":"https:\/\/scriptores.pl\/hortus\/wp-json\/wp\/v2\/pages"}],"about":[{"href":"https:\/\/scriptores.pl\/hortus\/wp-json\/wp\/v2\/types\/page"}],"author":[{"embeddable":true,"href":"https:\/\/scriptores.pl\/hortus\/wp-json\/wp\/v2\/users\/1"}],"replies":[{"embeddable":true,"href":"https:\/\/scriptores.pl\/hortus\/wp-json\/wp\/v2\/comments?post=25"}],"version-history":[{"count":68,"href":"https:\/\/scriptores.pl\/hortus\/wp-json\/wp\/v2\/pages\/25\/revisions"}],"predecessor-version":[{"id":1503,"href":"https:\/\/scriptores.pl\/hortus\/wp-json\/wp\/v2\/pages\/25\/revisions\/1503"}],"wp:attachment":[{"href":"https:\/\/scriptores.pl\/hortus\/wp-json\/wp\/v2\/media?parent=25"}],"curies":[{"name":"wp","href":"https:\/\/api.w.org\/{rel}","templated":true}]}}