{"id":242,"date":"2020-05-12T17:47:50","date_gmt":"2020-05-12T15:47:50","guid":{"rendered":"http:\/\/scriptores.pl\/hortus\/?page_id=242"},"modified":"2022-06-22T00:51:20","modified_gmt":"2022-06-21T22:51:20","slug":"spotkanie-22-xxii","status":"publish","type":"page","link":"https:\/\/scriptores.pl\/hortus\/archiwum\/spotkanie-22-xxii\/","title":{"rendered":"Spotkanie XXII"},"content":{"rendered":"<p><\/p>\n<h3>Czas<\/h3>\n<p>15 maja 2020 r., godz. 13.00<\/p>\n<h3>Program<\/h3>\n<p class=\"western\">mgr Zdzis\u0142aw Koczarski<\/p>\n<ul>\n<li>\n<p class=\"western\">W sporze o D\u0142ugosza argument nowy: przej\u0105tki z Petrarki w <i>Rocznikach<\/i> Jana D\u0142ugosza<\/p>\n<\/li>\n<\/ul>\n<h3>Streszczenie<\/h3>\n<p class=\"western\" align=\"justify\">Niniejsze wyst\u0105pienie ma na celu prezentacj\u0119 kwestii lektury oraz wykorzystania dzie\u0142 Francesca Petrarki w <i>Rocznikach<\/i> Jana D\u0142ugosza. Oparte na komputerowej analizie por\u00f3wnawczej i metodach filologicznych badania pozwoli\u0142y wy\u0142oni\u0107 ponad osiemdziesi\u0105t dos\u0142ownych cytat\u00f3w, kt\u00f3re zosta\u0142y przej\u0119te przez polskiego kronikarza z utwor\u00f3w w\u0142oskiego humanisty. <span lang=\"en-GB\">Pochodz\u0105 one z <\/span><span lang=\"en-GB\"><i>De remediis utriusque fortunae, De viris illustribus, Epistolae familiares, Epistolae sine nomine<\/i><\/span><span lang=\"en-GB\"> oraz listu zatutu\u0142owanego <\/span><span lang=\"en-GB\"><i>Posteritati<\/i><\/span><span lang=\"en-GB\">. <\/span>Analizie zosta\u0142y tak\u017ce poddane wykorzystane przez D\u0142ugosza kodeksy r\u0119kopi\u015bmienne zawieraj\u0105ce te dzie\u0142a oraz obecne w nich marginalia historyka. Na podstawie powy\u017cszych obserwacji autor wyci\u0105ga wnioski o czasie lektury dzie\u0142, sposobie pozyskiwania i wykorzystywania przej\u0105tk\u00f3w oraz zainteresowaniach czytelniczych kronikarza. Na koniec proponuje hipotez\u0119 kartoteki, kt\u00f3ra mo\u017ce stanowi\u0107 odpowied\u017a na pytanie o metody pracy D\u0142ugosza ze \u017ar\u00f3d\u0142ami literackimi, oraz przedstawia list\u0119 koniecznych do zbadania, a dotychczas nieznanych \u017ar\u00f3de\u0142 literackich <i>Rocznik\u00f3w<\/i>.<\/p>\n<h3>Prelegenci<\/h3>\n<p class=\"western\">mgr Zdzis\u0142aw Koczarski (Instytut J\u0119zyka Polskiego PAN)<\/p>\n<p class=\"western\" align=\"justify\"><span style=\"font-size: small\">Absolwent filologii klasycznej na Uniwersytecie Wroc\u0142awskim, lektor j\u0119zyka \u0142aci\u0144skiego na Uniwersytecie przyrodniczym we Wroc\u0142awiu oraz dokumentalista w projekcie <\/span><span style=\"font-size: small\"><i>D\u0142ugosz 2.0. Korpus i narz\u0119dzia analizy j\u0119zyka<\/i><\/span><span style=\"font-size: small\">, realizowanym w Pracowni \u0141aciny \u015aredniowiecznej Instytutu J\u0119zyka Polskiego PAN.<\/span><\/p>\n<p class=\"western\" align=\"justify\"><span style=\"font-size: small\"> Uczestnik og\u00f3lnopolskich studenckich oraz naukowych konferencji mediewistycznych (np. Sesji Mediewistycznych w Krakowie czy konferencji naukowej <\/span><span style=\"font-size: small\"><i>Inter Prussiam et Masoviam <\/i><\/span><span style=\"font-size: small\">w Muzeum Bitwy pod Grunwaldem w St\u0119barku<\/span><span style=\"font-size: small\">). Spektrum jego zainteresowa\u0144 stanowi literatura \u015bredniowieczna, w szczeg\u00f3lno\u015bci okresu krucjat, oraz j\u0119zykoznawstwo i dydaktyka j\u0119zyka \u0142aci\u0144skiego.<\/span><\/p>\n<p class=\"western\" align=\"justify\"><span style=\"font-size: small\"> Pod opiek\u0105 naukow\u0105 dr. hab. Micha\u0142a Rzepieli, prof. IJP PAN, pisze prac\u0119 doktorsk\u0105 pt. <\/span><span style=\"font-size: small\"><i>Leksykalne wyk\u0142adniki modalno\u015bci epistemicznej w &#8222;Rocznikach&#8221; Jana D\u0142ugosza<\/i><\/span><span style=\"font-size: small\">. W projekcie <\/span><span style=\"font-size: small\"><i>D\u0142ugosz 2.0<\/i><\/span><span style=\"font-size: small\"> zajmuje si\u0119 r\u00f3wnie\u017c poszukiwaniem \u017ar\u00f3de\u0142 i inspiracji literackich oraz j\u0119zykowych polskiego historiografa.<\/span><\/p>\n<h3>Materia\u0142y do pobrania<\/h3>\n<p class=\"western\" align=\"justify\"><span style=\"font-size: small\">https:\/\/cloud.ijp.pan.pl\/s\/85pBtmo2fTeazCT?fbclid=IwAR2qyTuVqaAIjIfduqHdOndKdv8OcbaT63Lxa6x6Ew3P3HhkNXuzjpQMuyo#pdfviewer<\/span><\/p>\n<h3>Kana\u0142 cyklu<\/h3>\n<p>https:\/\/youtu.be\/_2i8n_ai4LM<\/p>","protected":false},"excerpt":{"rendered":"<p>Czas 15 maja 2020 r., godz. 13.00 Program mgr Zdzis\u0142aw Koczarski W sporze o D\u0142ugosza argument nowy: przej\u0105tki z Petrarki w Rocznikach Jana D\u0142ugosza Streszczenie Niniejsze wyst\u0105pienie ma na celu prezentacj\u0119 kwestii lektury oraz wykorzystania dzie\u0142 Francesca Petrarki w Rocznikach Jana D\u0142ugosza. Oparte na komputerowej analizie por\u00f3wnawczej i metodach filologicznych badania pozwoli\u0142y wy\u0142oni\u0107 ponad osiemdziesi\u0105t [&hellip;]<\/p>\n","protected":false},"author":8,"featured_media":0,"parent":27,"menu_order":22,"comment_status":"closed","ping_status":"closed","template":"","meta":{"footnotes":""},"class_list":["post-242","page","type-page","status-publish","hentry"],"aioseo_notices":[],"_links":{"self":[{"href":"https:\/\/scriptores.pl\/hortus\/wp-json\/wp\/v2\/pages\/242","targetHints":{"allow":["GET"]}}],"collection":[{"href":"https:\/\/scriptores.pl\/hortus\/wp-json\/wp\/v2\/pages"}],"about":[{"href":"https:\/\/scriptores.pl\/hortus\/wp-json\/wp\/v2\/types\/page"}],"author":[{"embeddable":true,"href":"https:\/\/scriptores.pl\/hortus\/wp-json\/wp\/v2\/users\/8"}],"replies":[{"embeddable":true,"href":"https:\/\/scriptores.pl\/hortus\/wp-json\/wp\/v2\/comments?post=242"}],"version-history":[{"count":10,"href":"https:\/\/scriptores.pl\/hortus\/wp-json\/wp\/v2\/pages\/242\/revisions"}],"predecessor-version":[{"id":629,"href":"https:\/\/scriptores.pl\/hortus\/wp-json\/wp\/v2\/pages\/242\/revisions\/629"}],"up":[{"embeddable":true,"href":"https:\/\/scriptores.pl\/hortus\/wp-json\/wp\/v2\/pages\/27"}],"wp:attachment":[{"href":"https:\/\/scriptores.pl\/hortus\/wp-json\/wp\/v2\/media?parent=242"}],"curies":[{"name":"wp","href":"https:\/\/api.w.org\/{rel}","templated":true}]}}