{"id":23,"date":"2015-09-10T16:35:13","date_gmt":"2015-09-10T14:35:13","guid":{"rendered":"http:\/\/scriptores.pl\/hortus\/?page_id=23"},"modified":"2023-05-08T17:20:17","modified_gmt":"2023-05-08T15:20:17","slug":"organizatorzy","status":"publish","type":"page","link":"https:\/\/scriptores.pl\/hortus\/organizacja\/organizatorzy\/","title":{"rendered":"Organizatorzy"},"content":{"rendered":"<p>Organizatorami spotka\u0144 s\u0105 dr Anna Ledzi\u0144ska (<a href=\"https:\/\/ijp.pan.pl\/pracownicy\/anna-ledzinska\/\">https:\/\/ijp.pan.pl\/pracownicy\/anna-ledzinska\/<\/a>), dr Krzysztof Nowak (<a href=\"https:\/\/ijp.pan.pl\/pracownicy\/krzysztof-nowak\/\">https:\/\/ijp.pan.pl\/pracownicy\/krzysztof-nowak\/<\/a>; spotkania I-XV) i mgr Iwona Krawczyk (<a href=\"https:\/\/ijp.pan.pl\/pracownicy\/iwona-krawczyk\/\">https:\/\/ijp.pan.pl\/pracownicy\/iwona-krawczyk\/<\/a>; od spotkania XVI) z Pracowni \u0141aciny \u015aredniowiecznej IJP PAN.<\/p>\n<h5>Patronat<\/h5>\n<hr \/>\n<p align=\"justify\"><i><a href=\"http:\/\/scriptores.pl\/hortus\/wp-content\/uploads\/sites\/3\/2018\/03\/MNISW.jpg\"><img decoding=\"async\" class=\"alignleft wp-image-164 \" src=\"http:\/\/scriptores.pl\/hortus\/wp-content\/uploads\/sites\/3\/2018\/03\/MNISW-300x78.jpg\" alt=\"\" width=\"281\" height=\"73\" srcset=\"https:\/\/scriptores.pl\/hortus\/wp-content\/uploads\/sites\/3\/2018\/03\/MNISW-300x78.jpg 300w, https:\/\/scriptores.pl\/hortus\/wp-content\/uploads\/sites\/3\/2018\/03\/MNISW-768x199.jpg 768w, https:\/\/scriptores.pl\/hortus\/wp-content\/uploads\/sites\/3\/2018\/03\/MNISW-1024x265.jpg 1024w, https:\/\/scriptores.pl\/hortus\/wp-content\/uploads\/sites\/3\/2018\/03\/MNISW-624x162.jpg 624w, https:\/\/scriptores.pl\/hortus\/wp-content\/uploads\/sites\/3\/2018\/03\/MNISW.jpg 1737w\" sizes=\"(max-width: 281px) 100vw, 281px\" \/><\/a><\/i><i>Hortus Deliciarum. Wok\u00f3\u0142 \u015bredniowiecznego tekstu (cykl seminari\u00f3w i publikacja elektroniczna) &#8211; zadanie w latach 2016-7 by\u0142o finansowane w ramach umowy 644\/P-DUN\/2016 ze \u015brodk\u00f3w Ministra Nauki i Szkolnictwa Wy\u017cszego przeznaczonych na dzia\u0142alno\u015b\u0107 upowszechniaj\u0105c\u0105 nauk\u0119<\/i><\/p>\n<p><\/p>","protected":false},"excerpt":{"rendered":"<p>Organizatorami spotka\u0144 s\u0105 dr Anna Ledzi\u0144ska (https:\/\/ijp.pan.pl\/pracownicy\/anna-ledzinska\/), dr Krzysztof Nowak (https:\/\/ijp.pan.pl\/pracownicy\/krzysztof-nowak\/; spotkania I-XV) i mgr Iwona Krawczyk (https:\/\/ijp.pan.pl\/pracownicy\/iwona-krawczyk\/; od spotkania XVI) z Pracowni \u0141aciny \u015aredniowiecznej IJP PAN. Patronat Hortus Deliciarum. Wok\u00f3\u0142 \u015bredniowiecznego tekstu (cykl seminari\u00f3w i publikacja elektroniczna) &#8211; zadanie w latach 2016-7 by\u0142o finansowane w ramach umowy 644\/P-DUN\/2016 ze \u015brodk\u00f3w Ministra Nauki i Szkolnictwa [&hellip;]<\/p>\n","protected":false},"author":1,"featured_media":0,"parent":19,"menu_order":3,"comment_status":"closed","ping_status":"closed","template":"","meta":{"footnotes":""},"class_list":["post-23","page","type-page","status-publish","hentry"],"aioseo_notices":[],"_links":{"self":[{"href":"https:\/\/scriptores.pl\/hortus\/wp-json\/wp\/v2\/pages\/23","targetHints":{"allow":["GET"]}}],"collection":[{"href":"https:\/\/scriptores.pl\/hortus\/wp-json\/wp\/v2\/pages"}],"about":[{"href":"https:\/\/scriptores.pl\/hortus\/wp-json\/wp\/v2\/types\/page"}],"author":[{"embeddable":true,"href":"https:\/\/scriptores.pl\/hortus\/wp-json\/wp\/v2\/users\/1"}],"replies":[{"embeddable":true,"href":"https:\/\/scriptores.pl\/hortus\/wp-json\/wp\/v2\/comments?post=23"}],"version-history":[{"count":10,"href":"https:\/\/scriptores.pl\/hortus\/wp-json\/wp\/v2\/pages\/23\/revisions"}],"predecessor-version":[{"id":881,"href":"https:\/\/scriptores.pl\/hortus\/wp-json\/wp\/v2\/pages\/23\/revisions\/881"}],"up":[{"embeddable":true,"href":"https:\/\/scriptores.pl\/hortus\/wp-json\/wp\/v2\/pages\/19"}],"wp:attachment":[{"href":"https:\/\/scriptores.pl\/hortus\/wp-json\/wp\/v2\/media?parent=23"}],"curies":[{"name":"wp","href":"https:\/\/api.w.org\/{rel}","templated":true}]}}