{"id":208,"date":"2019-02-10T17:58:55","date_gmt":"2019-02-10T16:58:55","guid":{"rendered":"http:\/\/scriptores.pl\/hortus\/?page_id=208"},"modified":"2020-05-20T14:18:45","modified_gmt":"2020-05-20T12:18:45","slug":"spotkanie-xix","status":"publish","type":"page","link":"https:\/\/scriptores.pl\/hortus\/archiwum\/spotkanie-xix\/","title":{"rendered":"Spotkanie XIX"},"content":{"rendered":"<p><\/p>\n<h3>Czas<\/h3>\n<p>15 lutego 2019 r., godz. 13<\/p>\n<h3>Program<\/h3>\n<p class=\"western\">Mieczys\u0142aw Mejor<\/p>\n<ul>\n<li>Antyk w \u015bredniowiecznej Polsce<\/li>\n<\/ul>\n<h3>Streszczenie<\/h3>\n<p class=\"western\" align=\"justify\">Ani historycy, ani literaturoznawcy polscy nie udzielaj\u0105 zbyt wydatnej pomocy w kwestii czym by\u0142, wzgl\u0119dnie czym m\u00f3g\u0142 by\u0107 antyk w \u015bredniowiecznej Polsce. Nie chodzi tylko o szczup\u0142o\u015b\u0107 \u017ar\u00f3de\u0142 i \u015bwiadectw tradycji antycznej w Polsce, lecz tak\u017ce o trudno\u015b\u0107 w samym zdefiniowaniu poj\u0119cia \u201eantyku\u201d. Mo\u017ce te trudno\u015bci odstr\u0119cza\u0142y autor\u00f3w (poza Aleksandrem Gieysztorem i in.) od pr\u00f3b przedstawienia problemu uj\u0119tego tytu\u0142em niniejszego wyst\u0105pienia. Przede wszystkim, je\u015bli tytu\u0142owy \u201eantyk\u201d ograniczymy do tradycji kultury poga\u0144skiej, z wy\u0142\u0105czeniem w\u0105tk\u00f3w wczesnochrze\u015bcija\u0144skich, kt\u00f3rych spadkobierc\u0105 by\u0142 Ko\u015bci\u00f3\u0142 i religia chrze\u015bcija\u0144ska, to pole badawcze znacznie si\u0119 zaw\u0119zi. Oka\u017ce si\u0119, \u017ce jest ono bogate w \u015bwiadectwa nie tylko literackie, lecz tak\u017ce ikoniczne dowody znajomo\u015bci kultury antycznej. W swym wyst\u0105pieniu om\u00f3wi\u0119 g\u0142\u00f3wne trudno\u015bci metodologiczne oraz zaproponuj\u0119 zasady bada\u0144 tradycji antycznej w kulturze \u015bredniowiecznej Polski, odwo\u0142uj\u0105c si\u0119 do wybranych przyk\u0142ad\u00f3w z r\u00f3\u017cnych dziedzin sztuk.<\/p>\n<h3>Prelegenci<\/h3>\n<p class=\"western\">prof. dr hab. Mieczys\u0142aw Mejor (Instytut Bada\u0144 Literackich PAN)<\/p>\n<p>Filolog klasyczny, neolatynista, edytor, zajmuje si\u0119 literatur\u0105 powszechn\u0105 i staropolsk\u0105, g\u0142\u00f3wnie okresu \u015bredniowiecza i renesansu. W swych pracach interpretacyjnych zwraca uwag\u0119 na w\u0105tki \u0142\u0105cz\u0105ce literatur\u0119 z innymi dziedzinami tw\u00f3rczo\u015bci artystycznej danej epoki.<\/p>\n<h4>Miejsce<\/h4>\n<p><a href=\"http:\/\/scriptores.pl\/hortus\/organizacja\/sluchacze\/\" target=\"_blank\" rel=\"noopener noreferrer\">Instytut J\u0119zyka Polskiego PAN<\/a><\/p>\n<h4>Nagranie spotkania<\/h4>\n<p><a href=\"https:\/\/www.youtube.com\/channel\/UCTPB8Jskj51J3DqA6nO5isA\" target=\"_blank\" rel=\"noopener noreferrer\">Kana\u0142 cyklu<\/a><i><\/i><\/p>","protected":false},"excerpt":{"rendered":"<p>Czas 15 lutego 2019 r., godz. 13 Program Mieczys\u0142aw Mejor Antyk w \u015bredniowiecznej Polsce Streszczenie Ani historycy, ani literaturoznawcy polscy nie udzielaj\u0105 zbyt wydatnej pomocy w kwestii czym by\u0142, wzgl\u0119dnie czym m\u00f3g\u0142 by\u0107 antyk w \u015bredniowiecznej Polsce. Nie chodzi tylko o szczup\u0142o\u015b\u0107 \u017ar\u00f3de\u0142 i \u015bwiadectw tradycji antycznej w Polsce, lecz tak\u017ce o trudno\u015b\u0107 w samym [&hellip;]<\/p>\n","protected":false},"author":1,"featured_media":0,"parent":27,"menu_order":19,"comment_status":"closed","ping_status":"closed","template":"","meta":{"footnotes":""},"class_list":["post-208","page","type-page","status-publish","hentry"],"aioseo_notices":[],"_links":{"self":[{"href":"https:\/\/scriptores.pl\/hortus\/wp-json\/wp\/v2\/pages\/208","targetHints":{"allow":["GET"]}}],"collection":[{"href":"https:\/\/scriptores.pl\/hortus\/wp-json\/wp\/v2\/pages"}],"about":[{"href":"https:\/\/scriptores.pl\/hortus\/wp-json\/wp\/v2\/types\/page"}],"author":[{"embeddable":true,"href":"https:\/\/scriptores.pl\/hortus\/wp-json\/wp\/v2\/users\/1"}],"replies":[{"embeddable":true,"href":"https:\/\/scriptores.pl\/hortus\/wp-json\/wp\/v2\/comments?post=208"}],"version-history":[{"count":4,"href":"https:\/\/scriptores.pl\/hortus\/wp-json\/wp\/v2\/pages\/208\/revisions"}],"predecessor-version":[{"id":313,"href":"https:\/\/scriptores.pl\/hortus\/wp-json\/wp\/v2\/pages\/208\/revisions\/313"}],"up":[{"embeddable":true,"href":"https:\/\/scriptores.pl\/hortus\/wp-json\/wp\/v2\/pages\/27"}],"wp:attachment":[{"href":"https:\/\/scriptores.pl\/hortus\/wp-json\/wp\/v2\/media?parent=208"}],"curies":[{"name":"wp","href":"https:\/\/api.w.org\/{rel}","templated":true}]}}