{"id":185,"date":"2018-04-19T19:11:00","date_gmt":"2018-04-19T17:11:00","guid":{"rendered":"http:\/\/scriptores.pl\/hortus\/?page_id=185"},"modified":"2020-05-20T14:19:45","modified_gmt":"2020-05-20T12:19:45","slug":"spotkanie-xvi","status":"publish","type":"page","link":"https:\/\/scriptores.pl\/hortus\/archiwum\/spotkanie-xvi\/","title":{"rendered":"Spotkanie XVI"},"content":{"rendered":"<p><\/p>\n<h3>Czas<\/h3>\n<p>27 kwietnia 2018 r., godz. 13<\/p>\n<h3>Program<\/h3>\n<p class=\"western\">Joanna Duska<\/p>\n<ul>\n<li>Czy data to tata &#8211; przyczynek do odczytania polskich wyraz\u00f3w w tek\u015bcie \u0142aci\u0144skim<\/li>\n<\/ul>\n<h3>Streszczenie<\/h3>\n<p class=\"western\" align=\"justify\">Referat dotyczy s\u0142owa data, kt\u00f3re wyst\u0119puje w zapisce 315 tomu III. opracowanych i wydanych w roku 1902 w Krakowie przez Boles\u0142awa Ulanowskiego Acta iudicii ecclesiastici gneznensis. S\u0142owo to zosta\u0142o przez niego zaznaczone kursyw\u0105 jako s\u0142owo polskie i w zwi\u0105zku z tym nie ma go w\u015br\u00f3d hase\u0142 S\u0142ownika \u0142aciny \u015bredniowiecznej w Polsce, a autorzy S\u0142ownika staropolskiego zaproponowali (ze znakiem zapytania) odczytanie go jako tata i zacytowali w tak zatytu\u0142owanym artykule has\u0142owym. Po przeanalizowaniu szerszego kontekstu (ca\u0142ej zapiski) proponuj\u0119 i uzasadniam odczytanie tego s\u0142owa jako data, interpretuj\u0105c je jako \u0142aci\u0144ski odpowiednik polskiego toastu Da zdrow, z kt\u00f3rym s\u0105siaduje. Rozwa\u017cam te\u017c, kiedy zosta\u0142o ono przej\u0119te przez polszczyzn\u0119 i czy powinno si\u0119 znale\u017a\u0107 jako has\u0142o tylko w S\u0142ownika \u0142aciny \u015bredniowiecznej w Polsce, czy tak\u017ce w S\u0142owniku staropolskim.<\/p>\n<h3>Prelegenci<\/h3>\n<p class=\"western\">dr Joanna Duska (IJP PAN)<\/p>\n<p class=\"western\" align=\"justify\">ur. 29 sierpnia 1951 w Krakowie, absolwentka I LO im. B. Nowodworskiego w Krakowie (1969), polonistyki (1974) i historii sztuki (1978). 1974 Krakowska Pracownia S\u0142ownika Polszczyzny XVI w. IBL, 1993 Pracownie S\u0142ownika Polszczyzny Jana Kochanowskiego, Semantyki Historycznej, J\u0119zyka Staropolskiego IJP Polskiej Akademii Nauk. 2008 obrona pracy doktorskiej Synonimy i antonimy w polskiej tw\u00f3rczo\u015bci Jana Kochanowskiego. Analiza leksykalno-stylistyczna pod kierunkiem Felicji Wysockiej. 913 sygnowanych hase\u0142 s\u0142ownikowych w 8 tomach SPXVI, wsp\u00f3\u0142autorka tom\u00f3w 2-4 SPJK oraz 83 hase\u0142 sygnowanych 5. Tomu.<\/p>\n<h4>Miejsce<\/h4>\n<p><a href=\"http:\/\/scriptores.pl\/hortus\/organizacja\/sluchacze\/\" target=\"_blank\" rel=\"noopener noreferrer\">Instytut J\u0119zyka Polskiego PAN<\/a><\/p>\n<h4>Nagranie spotkania<\/h4>\n<p><a href=\"https:\/\/www.youtube.com\/watch?v=Q2GNE7qjqLE\" target=\"_blank\" rel=\"noopener noreferrer\">Kana\u0142 cyklu<\/a><i><\/i><\/p>","protected":false},"excerpt":{"rendered":"<p>Czas 27 kwietnia 2018 r., godz. 13 Program Joanna Duska Czy data to tata &#8211; przyczynek do odczytania polskich wyraz\u00f3w w tek\u015bcie \u0142aci\u0144skim Streszczenie Referat dotyczy s\u0142owa data, kt\u00f3re wyst\u0119puje w zapisce 315 tomu III. opracowanych i wydanych w roku 1902 w Krakowie przez Boles\u0142awa Ulanowskiego Acta iudicii ecclesiastici gneznensis. S\u0142owo to zosta\u0142o przez niego [&hellip;]<\/p>\n","protected":false},"author":1,"featured_media":0,"parent":27,"menu_order":16,"comment_status":"closed","ping_status":"closed","template":"","meta":{"footnotes":""},"class_list":["post-185","page","type-page","status-publish","hentry"],"aioseo_notices":[],"_links":{"self":[{"href":"https:\/\/scriptores.pl\/hortus\/wp-json\/wp\/v2\/pages\/185","targetHints":{"allow":["GET"]}}],"collection":[{"href":"https:\/\/scriptores.pl\/hortus\/wp-json\/wp\/v2\/pages"}],"about":[{"href":"https:\/\/scriptores.pl\/hortus\/wp-json\/wp\/v2\/types\/page"}],"author":[{"embeddable":true,"href":"https:\/\/scriptores.pl\/hortus\/wp-json\/wp\/v2\/users\/1"}],"replies":[{"embeddable":true,"href":"https:\/\/scriptores.pl\/hortus\/wp-json\/wp\/v2\/comments?post=185"}],"version-history":[{"count":7,"href":"https:\/\/scriptores.pl\/hortus\/wp-json\/wp\/v2\/pages\/185\/revisions"}],"predecessor-version":[{"id":316,"href":"https:\/\/scriptores.pl\/hortus\/wp-json\/wp\/v2\/pages\/185\/revisions\/316"}],"up":[{"embeddable":true,"href":"https:\/\/scriptores.pl\/hortus\/wp-json\/wp\/v2\/pages\/27"}],"wp:attachment":[{"href":"https:\/\/scriptores.pl\/hortus\/wp-json\/wp\/v2\/media?parent=185"}],"curies":[{"name":"wp","href":"https:\/\/api.w.org\/{rel}","templated":true}]}}