{"id":160,"date":"2017-11-26T17:21:32","date_gmt":"2017-11-26T16:21:32","guid":{"rendered":"http:\/\/scriptores.pl\/hortus\/?page_id=160"},"modified":"2020-05-22T13:45:16","modified_gmt":"2020-05-22T11:45:16","slug":"spotkanie-xv","status":"publish","type":"page","link":"https:\/\/scriptores.pl\/hortus\/archiwum\/spotkanie-xv\/","title":{"rendered":"Spotkanie XV"},"content":{"rendered":"<p><\/p>\n<h3>Czas<\/h3>\n<p>1 grudnia 2017 r., godz. 13<\/p>\n<h3>Program<\/h3>\n<p class=\"western\">Rafa\u0142 Ros\u00f3\u0142<\/p>\n<ul>\n<li>Z bada\u0144 nad inskrypcjami \u0142aci\u0144skimi w Poznaniu<\/li>\n<\/ul>\n<h3>Streszczenie<\/h3>\n<p class=\"western\" align=\"justify\">Przygl\u0105daj\u0105c si\u0119 dost\u0119pnemu materia\u0142owi epigraficznemu z teren\u00f3w Poznania, mo\u017cemy szacunkowo stwierdzi\u0107, \u017ce zawiera on ok. 1000 inskrypcji \u0142aci\u0144skich powsta\u0142ych od \u015bredniowiecza a\u017c do dzisiaj (\u0142\u0105cznie ze znanymi z odpis\u00f3w inskrypcjami obecnie zaginionymi). Ten spory materia\u0142 nie przek\u0142ada si\u0119 na ilo\u015b\u0107 opracowa\u0144 naukowych w tym zakresie, st\u0105d te\u017c spora cz\u0119\u015b\u0107 inskrypcji nie zosta\u0142a w og\u00f3le opublikowana lub jedynie przytoczona w publikacjach bez oczekiwanego komentarza czy przek\u0142adu. Niniejszy referat przedstawia wst\u0119pne wyniki bada\u0144 nad pierwsz\u0105 cz\u0119\u015bci\u0105 korpusu inskrypcji \u0142aci\u0144skich w Poznaniu. Dotyczy on materia\u0142u epigraficznego znajduj\u0105cego si\u0119 w obecnym ko\u015bciele farnym (dawniej nale\u017c\u0105cym do jezuit\u00f3w). Przede wszystkim referent zamierza podda\u0107 pod dyskusj\u0119 r\u00f3\u017cne trudno\u015bci zwi\u0105zane z odczytem i rekonstrukcj\u0105 tekst\u00f3w, kt\u00f3re zosta\u0142y zniekszta\u0142cone w trakcie przeprowadzanych na przestrzeni wiek\u00f3w prac konserwatorskich.<\/p>\n<h3>Prelegenci<\/h3>\n<p class=\"western\">dr hab. Rafa\u0142 Ros\u00f3\u0142, prof. UAM (Instytut Filologii Klasycznej UAM)<\/p>\n<p class=\"western\" align=\"justify\">Do g\u0142\u00f3wnych zainteresowa\u0144 prelegenta nale\u017c\u0105 j\u0119zyki klasyczne, kontakty j\u0119zykowe w staro\u017cytno\u015bci, wp\u0142ywy orientalne na kultur\u0119 greck\u0105 i obecno\u015b\u0107 j\u0119zyka \u0142aci\u0144skiego w przestrzeni publicznej na przestrzeni wiek\u00f3w. Obecnie przygotowuje on do druku ksi\u0105\u017ck\u0119 na temat inskrypcji \u0142aci\u0144skich z ko\u015bcio\u0142a farnego w Poznaniu i publikacj\u0119 materia\u0142\u00f3w dydaktycznych do nauki greki dla \u015brednio zaawansowanych (wraz z M. Marcinkowsk\u0105-Ros\u00f3\u0142), a ponadto pracuje nad r\u00f3\u017cnymi problemami w zakresie etymologii j\u0119zyka greckiego.<\/p>\n<h4>Miejsce<\/h4>\n<p><a href=\"http:\/\/scriptores.pl\/hortus\/organizacja\/sluchacze\/\" target=\"_blank\" rel=\"noopener noreferrer\">Instytut J\u0119zyka Polskiego PAN<\/a><\/p>\n<h4>Nagranie spotkania<\/h4>\n<p><a href=\"https:\/\/www.youtube.com\/watch?v=_yhXw8kbEk0\" target=\"_blank\" rel=\"noopener noreferrer\">Kana\u0142 cyklu<\/a><\/p>\n<hr \/>\n<p align=\"justify\"><i><a href=\"http:\/\/scriptores.pl\/hortus\/wp-content\/uploads\/sites\/3\/2018\/03\/MNISW.jpg\"><img decoding=\"async\" class=\"alignleft wp-image-164 \" src=\"http:\/\/scriptores.pl\/hortus\/wp-content\/uploads\/sites\/3\/2018\/03\/MNISW-300x78.jpg\" alt=\"\" width=\"281\" height=\"73\" srcset=\"https:\/\/scriptores.pl\/hortus\/wp-content\/uploads\/sites\/3\/2018\/03\/MNISW-300x78.jpg 300w, https:\/\/scriptores.pl\/hortus\/wp-content\/uploads\/sites\/3\/2018\/03\/MNISW-768x199.jpg 768w, https:\/\/scriptores.pl\/hortus\/wp-content\/uploads\/sites\/3\/2018\/03\/MNISW-1024x265.jpg 1024w, https:\/\/scriptores.pl\/hortus\/wp-content\/uploads\/sites\/3\/2018\/03\/MNISW-624x162.jpg 624w, https:\/\/scriptores.pl\/hortus\/wp-content\/uploads\/sites\/3\/2018\/03\/MNISW.jpg 1737w\" sizes=\"(max-width: 281px) 100vw, 281px\" \/><\/a><\/i><i>Hortus Deliciarum. Wok\u00f3\u0142 \u015bredniowiecznego tekstu (cykl seminari\u00f3w i publikacja elektroniczna) &#8211; zadanie finansowane w ramach umowy 644\/P-DUN\/2016 ze \u015brodk\u00f3w Ministra Nauki i Szkolnictwa Wy\u017cszego przeznaczonych na dzia\u0142alno\u015b\u0107 upowszechniaj\u0105c\u0105 nauk\u0119<\/i><\/p>\n<p><\/p>","protected":false},"excerpt":{"rendered":"<p>Czas 1 grudnia 2017 r., godz. 13 Program Rafa\u0142 Ros\u00f3\u0142 Z bada\u0144 nad inskrypcjami \u0142aci\u0144skimi w Poznaniu Streszczenie Przygl\u0105daj\u0105c si\u0119 dost\u0119pnemu materia\u0142owi epigraficznemu z teren\u00f3w Poznania, mo\u017cemy szacunkowo stwierdzi\u0107, \u017ce zawiera on ok. 1000 inskrypcji \u0142aci\u0144skich powsta\u0142ych od \u015bredniowiecza a\u017c do dzisiaj (\u0142\u0105cznie ze znanymi z odpis\u00f3w inskrypcjami obecnie zaginionymi). Ten spory materia\u0142 nie przek\u0142ada [&hellip;]<\/p>\n","protected":false},"author":1,"featured_media":0,"parent":27,"menu_order":15,"comment_status":"closed","ping_status":"closed","template":"","meta":{"footnotes":""},"class_list":["post-160","page","type-page","status-publish","hentry"],"aioseo_notices":[],"_links":{"self":[{"href":"https:\/\/scriptores.pl\/hortus\/wp-json\/wp\/v2\/pages\/160","targetHints":{"allow":["GET"]}}],"collection":[{"href":"https:\/\/scriptores.pl\/hortus\/wp-json\/wp\/v2\/pages"}],"about":[{"href":"https:\/\/scriptores.pl\/hortus\/wp-json\/wp\/v2\/types\/page"}],"author":[{"embeddable":true,"href":"https:\/\/scriptores.pl\/hortus\/wp-json\/wp\/v2\/users\/1"}],"replies":[{"embeddable":true,"href":"https:\/\/scriptores.pl\/hortus\/wp-json\/wp\/v2\/comments?post=160"}],"version-history":[{"count":6,"href":"https:\/\/scriptores.pl\/hortus\/wp-json\/wp\/v2\/pages\/160\/revisions"}],"predecessor-version":[{"id":321,"href":"https:\/\/scriptores.pl\/hortus\/wp-json\/wp\/v2\/pages\/160\/revisions\/321"}],"up":[{"embeddable":true,"href":"https:\/\/scriptores.pl\/hortus\/wp-json\/wp\/v2\/pages\/27"}],"wp:attachment":[{"href":"https:\/\/scriptores.pl\/hortus\/wp-json\/wp\/v2\/media?parent=160"}],"curies":[{"name":"wp","href":"https:\/\/api.w.org\/{rel}","templated":true}]}}