{"id":146,"date":"2017-05-17T10:54:21","date_gmt":"2017-05-17T08:54:21","guid":{"rendered":"http:\/\/scriptores.pl\/hortus\/?page_id=146"},"modified":"2020-05-22T13:52:53","modified_gmt":"2020-05-22T11:52:53","slug":"spotkanie-xii","status":"publish","type":"page","link":"https:\/\/scriptores.pl\/hortus\/archiwum\/spotkanie-xii\/","title":{"rendered":"Spotkanie XII"},"content":{"rendered":"<p><\/p>\n<h3>Czas<\/h3>\n<p>26 maja 2017 r., godz. 13<\/p>\n<h3>Program<\/h3>\n<p class=\"western\">Jakub Wysmu\u0142ek<\/p>\n<ul>\n<li>\n<p class=\"western\">Od testamentu kanonicznego do komunalnego: rezultaty bada\u0144 nad histori\u0105 \u015bredniowiecznych krakowskich testament\u00f3w<\/p>\n<\/li>\n<\/ul>\n<h3>Streszczenie<\/h3>\n<p>Prezentacja po\u015bwi\u0119cona b\u0119dzie historii testamentu \u015bredniowiecznego w Krakowie. Rozw\u00f3j tego aktu prawnego oraz zr\u00f3\u017cnicowane formy pos\u0142ugiwania si\u0119 nim przez mieszczan krakowskich ukazane zostan\u0105 na szerszym tle przemian spo\u0142eczno-prawnych zachodz\u0105cych w okresie \u015bredniowiecza. Testament zostanie ukazany zar\u00f3wno jako akt zapewniaj\u0105cy jednostce niezwykle du\u017cy zakres w\u0142adzy nad jej dobrami ale tak\u017ce jako przedmiot rywalizacji mi\u0119dzy w\u0142adz\u0105 miejsk\u0105, a ko\u015bcieln\u0105.<\/p>\n<h3>Prelegenci<\/h3>\n<p class=\"western\">dr Jakub Wysmu\u0142ek (Instytut Studi\u00f3w Politycznych PAN)<\/p>\n<p class=\"western\" align=\"justify\">Jakub Wysmu\u0142ek obroni\u0142 prac\u0119 doktorsk\u0105 na Wydziale Historycznym Uniwersytetu Warszawskiego. Nast\u0119pnie otrzyma\u0142 tytu\u0142 magistra socjologii oraz zako\u0144czy\u0142 studia doktoranckie w zakresie socjologii w Instytucie Filozofii i Socjologii PAN. Laureat kilku nagr\u00f3d i wyr\u00f3\u017cnie\u0144 w tym p\u00f3\u0142rocznego stypendium w Loyola University w Chicago. Autor czterech ksi\u0105\u017cek historycznych (ostatnia uka\u017ce si\u0119 drukiem w tym roku) oraz kilkunastu artyku\u0142\u00f3w. Obecnie zatrudniony w Instytucie Studi\u00f3w Politycznych PAN w Zespole System\u00f3w Spo\u0142eczno-Politycznych kierowanym przez Bogdana W. Macha.<\/p>\n<p>https:\/\/pan-pl.academia.edu\/JakubWysmulek<\/p>\n<h4>Miejsce<\/h4>\n<p><a href=\"http:\/\/scriptores.pl\/hortus\/organizacja\/sluchacze\/\" target=\"_blank\" rel=\"noopener noreferrer\">Instytut J\u0119zyka Polskiego PAN<\/a><\/p>\n<h4>Nagranie spotkania<\/h4>\n<p><a href=\"https:\/\/www.youtube.com\/watch?v=PeSrnOHS_ro\" target=\"_blank\" rel=\"noopener noreferrer\">Kana\u0142 cyklu<\/a><\/p>\n<hr \/>\n<p align=\"justify\"><i><a href=\"http:\/\/scriptores.pl\/hortus\/wp-content\/uploads\/sites\/3\/2018\/03\/MNISW.jpg\"><img decoding=\"async\" class=\"alignleft wp-image-164 \" src=\"http:\/\/scriptores.pl\/hortus\/wp-content\/uploads\/sites\/3\/2018\/03\/MNISW-300x78.jpg\" alt=\"\" width=\"281\" height=\"73\" srcset=\"https:\/\/scriptores.pl\/hortus\/wp-content\/uploads\/sites\/3\/2018\/03\/MNISW-300x78.jpg 300w, https:\/\/scriptores.pl\/hortus\/wp-content\/uploads\/sites\/3\/2018\/03\/MNISW-768x199.jpg 768w, https:\/\/scriptores.pl\/hortus\/wp-content\/uploads\/sites\/3\/2018\/03\/MNISW-1024x265.jpg 1024w, https:\/\/scriptores.pl\/hortus\/wp-content\/uploads\/sites\/3\/2018\/03\/MNISW-624x162.jpg 624w, https:\/\/scriptores.pl\/hortus\/wp-content\/uploads\/sites\/3\/2018\/03\/MNISW.jpg 1737w\" sizes=\"(max-width: 281px) 100vw, 281px\" \/><\/a><\/i><i>Hortus Deliciarum. Wok\u00f3\u0142 \u015bredniowiecznego tekstu (cykl seminari\u00f3w i publikacja elektroniczna) &#8211; zadanie finansowane w ramach umowy 644\/P-DUN\/2016 ze \u015brodk\u00f3w Ministra Nauki i Szkolnictwa Wy\u017cszego przeznaczonych na dzia\u0142alno\u015b\u0107 upowszechniaj\u0105c\u0105 nauk\u0119<\/i><\/p>\n<p><\/p>","protected":false},"excerpt":{"rendered":"<p>Czas 26 maja 2017 r., godz. 13 Program Jakub Wysmu\u0142ek Od testamentu kanonicznego do komunalnego: rezultaty bada\u0144 nad histori\u0105 \u015bredniowiecznych krakowskich testament\u00f3w Streszczenie Prezentacja po\u015bwi\u0119cona b\u0119dzie historii testamentu \u015bredniowiecznego w Krakowie. Rozw\u00f3j tego aktu prawnego oraz zr\u00f3\u017cnicowane formy pos\u0142ugiwania si\u0119 nim przez mieszczan krakowskich ukazane zostan\u0105 na szerszym tle przemian spo\u0142eczno-prawnych zachodz\u0105cych w okresie \u015bredniowiecza. [&hellip;]<\/p>\n","protected":false},"author":1,"featured_media":0,"parent":27,"menu_order":12,"comment_status":"closed","ping_status":"closed","template":"","meta":{"footnotes":""},"class_list":["post-146","page","type-page","status-publish","hentry"],"aioseo_notices":[],"_links":{"self":[{"href":"https:\/\/scriptores.pl\/hortus\/wp-json\/wp\/v2\/pages\/146","targetHints":{"allow":["GET"]}}],"collection":[{"href":"https:\/\/scriptores.pl\/hortus\/wp-json\/wp\/v2\/pages"}],"about":[{"href":"https:\/\/scriptores.pl\/hortus\/wp-json\/wp\/v2\/types\/page"}],"author":[{"embeddable":true,"href":"https:\/\/scriptores.pl\/hortus\/wp-json\/wp\/v2\/users\/1"}],"replies":[{"embeddable":true,"href":"https:\/\/scriptores.pl\/hortus\/wp-json\/wp\/v2\/comments?post=146"}],"version-history":[{"count":7,"href":"https:\/\/scriptores.pl\/hortus\/wp-json\/wp\/v2\/pages\/146\/revisions"}],"predecessor-version":[{"id":327,"href":"https:\/\/scriptores.pl\/hortus\/wp-json\/wp\/v2\/pages\/146\/revisions\/327"}],"up":[{"embeddable":true,"href":"https:\/\/scriptores.pl\/hortus\/wp-json\/wp\/v2\/pages\/27"}],"wp:attachment":[{"href":"https:\/\/scriptores.pl\/hortus\/wp-json\/wp\/v2\/media?parent=146"}],"curies":[{"name":"wp","href":"https:\/\/api.w.org\/{rel}","templated":true}]}}