{"id":141,"date":"2017-04-10T20:52:45","date_gmt":"2017-04-10T18:52:45","guid":{"rendered":"http:\/\/scriptores.pl\/hortus\/?page_id=141"},"modified":"2020-05-22T13:53:54","modified_gmt":"2020-05-22T11:53:54","slug":"spotkanie-xi","status":"publish","type":"page","link":"https:\/\/scriptores.pl\/hortus\/archiwum\/spotkanie-xi\/","title":{"rendered":"Spotkanie XI"},"content":{"rendered":"<p><\/p>\n<h3>Czas<\/h3>\n<p>12 maja 2017 r., godz. 13<\/p>\n<h3>Program<\/h3>\n<p class=\"western\">Maria Trawi\u0144ska<\/p>\n<ul>\n<li>\n<p class=\"western\">Edycja \u0142aci\u0144sko-polskich r\u0119kopis\u00f3w z XIV i XV wieku. Zarys projektu<\/p>\n<\/li>\n<\/ul>\n<h3>Streszczenie<\/h3>\n<p>Zachowane pozna\u0144skie ksi\u0119gi ziemskie, kt\u00f3rych zbi\u00f3r liczy 23 voluminy, zaliczane s\u0105 do najcenniejszych \u015bredniowiecznych zabytk\u00f3w wielkopolskich. Ich warto\u015b\u0107 \u017ar\u00f3d\u0142ow\u0105 podkre\u015bla si\u0119 od ponad stu lat, mimo to nie doczeka\u0142y si\u0119 ca\u0142o\u015bciowych opracowa\u0144. Przygotowywana edycja zak\u0142ada wydanie dw\u00f3ch najstarszych ksi\u0105g oraz stworzenie bazy danych, kt\u00f3ra b\u0119dzie zawiera\u0142a: skany manuskrypt\u00f3w, transkrypcj\u0119, t\u0142umaczenie \u0142aci\u0144skich fragment\u00f3w, indeksy polskich wyraz\u00f3w pospolitych, \u0142aci\u0144skich termin\u00f3w i nazw w\u0142asnych. Rozpocz\u0119cie prac wi\u0105\u017ce si\u0119 z konieczno\u015bci\u0105 wypracowania narz\u0119dzi, takich m.in. jak opracowanie zasad transkrypcji, wypracowanie formu\u0142 translacji oraz indeks\u00f3w, kt\u00f3re pozwol\u0105 obj\u0105\u0107 ca\u0142o\u015b\u0107 planowanej edycji jednolitym post\u0119powaniem badawczym.<\/p>\n<h3>Prelegenci<\/h3>\n<p class=\"western\">dr hab. Maria Trawi\u0144ska, prof. IS PAN<\/p>\n<p class=\"western\" align=\"justify\">Zainteresowania naukowe koncentruj\u0105 si\u0119 wok\u00f3\u0142 historii j\u0119zyka polskiego doby staropolskiej, paleografii i edycji \u017ar\u00f3de\u0142. Tematem rozprawy doktorskiej by\u0142a <i>Fonetyka wielkopolskich rot s\u0105dowych<\/i> (2005). R\u00f3wnolegle opracowa\u0142am <i>Indeks wyraz\u00f3w pospolitych<\/i> (2009) wyst\u0119puj\u0105cych w rotach. Aktualnie finalizuj\u0119 prace nad drug\u0105 cz\u0119\u015bci\u0105 indeksu, kt\u00f3ra obejmie nazwy w\u0142asne. Tematem rozprawy habilitacyjnej by\u0142 <i>R\u0119kopis najstarszej pozna\u0144skiej ksi\u0119gi ziemskiej<\/i> (2014). Rozpocz\u0119\u0142am prace nad edycj\u0105 dw\u00f3ch najstarszych pozna\u0144skich ksi\u0105g z lat 1386-1400, 1400-1407.<\/p>\n<p class=\"western\" align=\"justify\">Do\u015bwiadczenie naukowe w pracy z r\u0119kopisami zdobywa\u0142am pod kierunkiem prof. Tomasza Jasi\u0144skiego i prof. Tomasza Jurka, wiedz\u0119 paleograficzn\u0105 i \u017ar\u00f3d\u0142oznawcz\u0105 pog\u0142\u0119bia\u0142am na Uniwersytetach w Bolonii i Padwie w ramach otrzymywanych stypendi\u00f3w badawczych.<\/p>\n<h4>Miejsce<\/h4>\n<p><a href=\"http:\/\/scriptores.pl\/hortus\/organizacja\/sluchacze\/\" target=\"_blank\" rel=\"noopener noreferrer\">Instytut J\u0119zyka Polskiego PAN<\/a><\/p>\n<h4>Nagranie spotkania<\/h4>\n<p><a href=\"https:\/\/www.youtube.com\/watch?v=08-M5ex6yJ0\" target=\"_blank\" rel=\"noopener noreferrer\">Kana\u0142 cyklu<\/a><\/p>\n<hr \/>\n<p align=\"justify\"><i><a href=\"http:\/\/scriptores.pl\/hortus\/wp-content\/uploads\/sites\/3\/2018\/03\/MNISW.jpg\"><img decoding=\"async\" class=\"alignleft wp-image-164 \" src=\"http:\/\/scriptores.pl\/hortus\/wp-content\/uploads\/sites\/3\/2018\/03\/MNISW-300x78.jpg\" alt=\"\" width=\"281\" height=\"73\" srcset=\"https:\/\/scriptores.pl\/hortus\/wp-content\/uploads\/sites\/3\/2018\/03\/MNISW-300x78.jpg 300w, https:\/\/scriptores.pl\/hortus\/wp-content\/uploads\/sites\/3\/2018\/03\/MNISW-768x199.jpg 768w, https:\/\/scriptores.pl\/hortus\/wp-content\/uploads\/sites\/3\/2018\/03\/MNISW-1024x265.jpg 1024w, https:\/\/scriptores.pl\/hortus\/wp-content\/uploads\/sites\/3\/2018\/03\/MNISW-624x162.jpg 624w, https:\/\/scriptores.pl\/hortus\/wp-content\/uploads\/sites\/3\/2018\/03\/MNISW.jpg 1737w\" sizes=\"(max-width: 281px) 100vw, 281px\" \/><\/a><\/i><i>Hortus Deliciarum. Wok\u00f3\u0142 \u015bredniowiecznego tekstu (cykl seminari\u00f3w i publikacja elektroniczna) &#8211; zadanie finansowane w ramach umowy 644\/P-DUN\/2016 ze \u015brodk\u00f3w Ministra Nauki i Szkolnictwa Wy\u017cszego przeznaczonych na dzia\u0142alno\u015b\u0107 upowszechniaj\u0105c\u0105 nauk\u0119<\/i><\/p>\n<p><\/p>","protected":false},"excerpt":{"rendered":"<p>Czas 12 maja 2017 r., godz. 13 Program Maria Trawi\u0144ska Edycja \u0142aci\u0144sko-polskich r\u0119kopis\u00f3w z XIV i XV wieku. Zarys projektu Streszczenie Zachowane pozna\u0144skie ksi\u0119gi ziemskie, kt\u00f3rych zbi\u00f3r liczy 23 voluminy, zaliczane s\u0105 do najcenniejszych \u015bredniowiecznych zabytk\u00f3w wielkopolskich. Ich warto\u015b\u0107 \u017ar\u00f3d\u0142ow\u0105 podkre\u015bla si\u0119 od ponad stu lat, mimo to nie doczeka\u0142y si\u0119 ca\u0142o\u015bciowych opracowa\u0144. Przygotowywana edycja [&hellip;]<\/p>\n","protected":false},"author":1,"featured_media":0,"parent":27,"menu_order":11,"comment_status":"closed","ping_status":"closed","template":"","meta":{"footnotes":""},"class_list":["post-141","page","type-page","status-publish","hentry"],"aioseo_notices":[],"_links":{"self":[{"href":"https:\/\/scriptores.pl\/hortus\/wp-json\/wp\/v2\/pages\/141","targetHints":{"allow":["GET"]}}],"collection":[{"href":"https:\/\/scriptores.pl\/hortus\/wp-json\/wp\/v2\/pages"}],"about":[{"href":"https:\/\/scriptores.pl\/hortus\/wp-json\/wp\/v2\/types\/page"}],"author":[{"embeddable":true,"href":"https:\/\/scriptores.pl\/hortus\/wp-json\/wp\/v2\/users\/1"}],"replies":[{"embeddable":true,"href":"https:\/\/scriptores.pl\/hortus\/wp-json\/wp\/v2\/comments?post=141"}],"version-history":[{"count":6,"href":"https:\/\/scriptores.pl\/hortus\/wp-json\/wp\/v2\/pages\/141\/revisions"}],"predecessor-version":[{"id":329,"href":"https:\/\/scriptores.pl\/hortus\/wp-json\/wp\/v2\/pages\/141\/revisions\/329"}],"up":[{"embeddable":true,"href":"https:\/\/scriptores.pl\/hortus\/wp-json\/wp\/v2\/pages\/27"}],"wp:attachment":[{"href":"https:\/\/scriptores.pl\/hortus\/wp-json\/wp\/v2\/media?parent=141"}],"curies":[{"name":"wp","href":"https:\/\/api.w.org\/{rel}","templated":true}]}}