{"id":127,"date":"2016-12-05T15:17:17","date_gmt":"2016-12-05T14:17:17","guid":{"rendered":"http:\/\/scriptores.pl\/hortus\/?page_id=127"},"modified":"2020-05-22T13:58:18","modified_gmt":"2020-05-22T11:58:18","slug":"spotkanie-viii","status":"publish","type":"page","link":"https:\/\/scriptores.pl\/hortus\/archiwum\/spotkanie-viii\/","title":{"rendered":"Spotkanie VIII"},"content":{"rendered":"<p><\/p>\n<h3>Czas<\/h3>\n<p>12 grudnia 2016 r., godz. 14<\/p>\n<h3>Program<\/h3>\n<p class=\"western\">\u0141ukasz Kozak<\/p>\n<ul>\n<li>\n<p class=\"western\">\u015aredniowiecze w sieci. Od digitalizacji do lajk\u00f3w<\/p>\n<\/li>\n<\/ul>\n<h3>Streszczenie<\/h3>\n<p class=\"western\">Z ka\u017cdym dniem powi\u0119ksza si\u0119 zas\u00f3b udost\u0119pnionych w sieci r\u0119kopis\u00f3w \u015bredniowiecznych. Nie znaczy to jednak, \u017ce ich u\u017cytkownicy (nie tylko naukowcy) s\u0105 w coraz wygodniejszej sytuacji. Pojawiaj\u0105 si\u0119 problemy z jako\u015bci\u0105 cyfrowych reprodukcji oraz sposobami ich udost\u0119pniania. Biblioteka Narodowa od 2013 roku oferuje w bibliotece cyfrowej Polona (www.polona.pl) ca\u0142kowicie otwarty dost\u0119p do swoich zbior\u00f3w w najwy\u017cszej dost\u0119pnej jako\u015bci. W bie\u017c\u0105cym roku Polona zmieni\u0142a jednak polityk\u0119 digitalizacji i udost\u0119pniania r\u0119kopis\u00f3w \u015bredniowiecznych, dzi\u0119ki czemu u\u017cytkownicy otrzymuj\u0105 nie tylko zdigitalizowane r\u0119kopisy, ale tak\u017ce edycje, opracowania oraz dodatkowe narz\u0119dzia do pracy online. Kolejnym aspektem udost\u0119pniania \u015bredniowiecznych r\u0119kopis\u00f3w w Polonie jest niestandardowa popularyzacja, dzi\u0119ki kt\u00f3rej podstawowa wiedza na ich temat dociera do wielu odbiorc\u00f3w.<\/p>\n<h3>Prelegenci<\/h3>\n<p class=\"western\">\u0141ukasz Kozak (Polona)<\/p>\n<h4>Miejsce<\/h4>\n<p><a href=\"http:\/\/scriptores.pl\/hortus\/organizacja\/sluchacze\/\" target=\"_blank\" rel=\"noopener noreferrer\">Instytut J\u0119zyka Polskiego PAN<\/a><\/p>\n<h4>Nagranie spotkania<\/h4>\n<p><a href=\"https:\/\/www.youtube.com\/watch?v=8mzIjMc6FgI&amp;list=PL1bH0K-HvWsSQAvTRRtCZMS1tVPEYi8c8&amp;index=9\" target=\"_blank\" rel=\"noopener noreferrer\">Kana\u0142 cyklu<\/a><\/p>\n<hr \/>\n<p align=\"justify\"><i><a href=\"http:\/\/scriptores.pl\/hortus\/wp-content\/uploads\/sites\/3\/2018\/03\/MNISW.jpg\"><img decoding=\"async\" class=\"alignleft wp-image-164 \" src=\"http:\/\/scriptores.pl\/hortus\/wp-content\/uploads\/sites\/3\/2018\/03\/MNISW-300x78.jpg\" alt=\"\" width=\"281\" height=\"73\" srcset=\"https:\/\/scriptores.pl\/hortus\/wp-content\/uploads\/sites\/3\/2018\/03\/MNISW-300x78.jpg 300w, https:\/\/scriptores.pl\/hortus\/wp-content\/uploads\/sites\/3\/2018\/03\/MNISW-768x199.jpg 768w, https:\/\/scriptores.pl\/hortus\/wp-content\/uploads\/sites\/3\/2018\/03\/MNISW-1024x265.jpg 1024w, https:\/\/scriptores.pl\/hortus\/wp-content\/uploads\/sites\/3\/2018\/03\/MNISW-624x162.jpg 624w, https:\/\/scriptores.pl\/hortus\/wp-content\/uploads\/sites\/3\/2018\/03\/MNISW.jpg 1737w\" sizes=\"(max-width: 281px) 100vw, 281px\" \/><\/a><\/i><i>Hortus Deliciarum. Wok\u00f3\u0142 \u015bredniowiecznego tekstu (cykl seminari\u00f3w i publikacja elektroniczna) &#8211; zadanie finansowane w ramach umowy 644\/P-DUN\/2016 ze \u015brodk\u00f3w Ministra Nauki i Szkolnictwa Wy\u017cszego przeznaczonych na dzia\u0142alno\u015b\u0107 upowszechniaj\u0105c\u0105 nauk\u0119<\/i><\/p>\n<p><\/p>","protected":false},"excerpt":{"rendered":"<p>Czas 12 grudnia 2016 r., godz. 14 Program \u0141ukasz Kozak \u015aredniowiecze w sieci. Od digitalizacji do lajk\u00f3w Streszczenie Z ka\u017cdym dniem powi\u0119ksza si\u0119 zas\u00f3b udost\u0119pnionych w sieci r\u0119kopis\u00f3w \u015bredniowiecznych. Nie znaczy to jednak, \u017ce ich u\u017cytkownicy (nie tylko naukowcy) s\u0105 w coraz wygodniejszej sytuacji. Pojawiaj\u0105 si\u0119 problemy z jako\u015bci\u0105 cyfrowych reprodukcji oraz sposobami ich udost\u0119pniania. [&hellip;]<\/p>\n","protected":false},"author":1,"featured_media":0,"parent":27,"menu_order":8,"comment_status":"closed","ping_status":"closed","template":"","meta":{"footnotes":""},"class_list":["post-127","page","type-page","status-publish","hentry"],"aioseo_notices":[],"_links":{"self":[{"href":"https:\/\/scriptores.pl\/hortus\/wp-json\/wp\/v2\/pages\/127","targetHints":{"allow":["GET"]}}],"collection":[{"href":"https:\/\/scriptores.pl\/hortus\/wp-json\/wp\/v2\/pages"}],"about":[{"href":"https:\/\/scriptores.pl\/hortus\/wp-json\/wp\/v2\/types\/page"}],"author":[{"embeddable":true,"href":"https:\/\/scriptores.pl\/hortus\/wp-json\/wp\/v2\/users\/1"}],"replies":[{"embeddable":true,"href":"https:\/\/scriptores.pl\/hortus\/wp-json\/wp\/v2\/comments?post=127"}],"version-history":[{"count":5,"href":"https:\/\/scriptores.pl\/hortus\/wp-json\/wp\/v2\/pages\/127\/revisions"}],"predecessor-version":[{"id":335,"href":"https:\/\/scriptores.pl\/hortus\/wp-json\/wp\/v2\/pages\/127\/revisions\/335"}],"up":[{"embeddable":true,"href":"https:\/\/scriptores.pl\/hortus\/wp-json\/wp\/v2\/pages\/27"}],"wp:attachment":[{"href":"https:\/\/scriptores.pl\/hortus\/wp-json\/wp\/v2\/media?parent=127"}],"curies":[{"name":"wp","href":"https:\/\/api.w.org\/{rel}","templated":true}]}}