{"id":11,"date":"2015-09-10T16:08:20","date_gmt":"2015-09-10T14:08:20","guid":{"rendered":"http:\/\/scriptores.pl\/hortus\/?page_id=11"},"modified":"2022-06-22T01:38:24","modified_gmt":"2022-06-21T23:38:24","slug":"strona-glowna","status":"publish","type":"page","link":"https:\/\/scriptores.pl\/hortus\/","title":{"rendered":"Strona g\u0142\u00f3wna"},"content":{"rendered":"<p>Pracownia \u0141aciny \u015aredniowiecznej Instytutu J\u0119zyka Polskiego PAN w Krakowie serdecznie zaprasza do udzia\u0142u w cyklu comiesi\u0119cznych spotka\u0144 mediewistycznych pod has\u0142em <i>Hortus deliciarum. <\/i>Wok\u00f3\u0142 \u015bredniowiecznego tekstu.<\/p>\n<figure id=\"attachment_9\" aria-describedby=\"caption-attachment-9\" style=\"width: 241px\" class=\"wp-caption alignright\"><a href=\"http:\/\/scriptores.pl\/hortus\/wp-content\/uploads\/sites\/3\/2015\/09\/cropped-386px-Hortus_Deliciarum_Die_Philosophie_mit_den_sieben_freien_K\u00fcnsten.jpg\"><img fetchpriority=\"high\" decoding=\"async\" class=\"wp-image-9 size-medium\" src=\"http:\/\/scriptores.pl\/hortus\/wp-content\/uploads\/sites\/3\/2015\/09\/cropped-386px-Hortus_Deliciarum_Die_Philosophie_mit_den_sieben_freien_K\u00fcnsten-241x300.jpg\" alt=\"cropped-386px-Hortus_Deliciarum_Die_Philosophie_mit_den_sieben_freien_K\u00fcnsten.jpg\" width=\"241\" height=\"300\" srcset=\"https:\/\/scriptores.pl\/hortus\/wp-content\/uploads\/sites\/3\/2015\/09\/cropped-386px-Hortus_Deliciarum_Die_Philosophie_mit_den_sieben_freien_K\u00fcnsten-241x300.jpg 241w, https:\/\/scriptores.pl\/hortus\/wp-content\/uploads\/sites\/3\/2015\/09\/cropped-386px-Hortus_Deliciarum_Die_Philosophie_mit_den_sieben_freien_K\u00fcnsten.jpg 386w\" sizes=\"(max-width: 241px) 100vw, 241px\" \/><\/a><figcaption id=\"caption-attachment-9\" class=\"wp-caption-text\">Filozofia w otoczeniu siedmiu sztuk wyzwolonych<\/figcaption><\/figure>\n<p>Tytu\u0142 cyklu nawi\u0105zuje do <a href=\"https:\/\/pl.wikipedia.org\/wiki\/Hortus_deliciarum\">encyklopedycznego dzie\u0142a Herrady z Landsbergu<\/a>, gdy\u017c spotkania s\u0142u\u017cy\u0107 maj\u0105 kre\u015bleniu szerokiej panoramy studi\u00f3w \u015bredniowiecznych, a zarazem popularyzowa\u0107 uj\u0119cia interdyscyplinarne. \u00a0Mamy nadziej\u0119, i\u017c przyczyni\u0105 si\u0119 one do integracji \u015brodowiska mediewist\u00f3w r\u00f3\u017cnych specjalno\u015bci i stan\u0105 si\u0119 \u017ar\u00f3d\u0142em wsp\u00f3lnych projekt\u00f3w badawczych. Do wyg\u0142oszenia referatu zapraszamy zatem tak filolog\u00f3w, j\u0119zykoznawc\u00f3w, literaturoznawc\u00f3w, paleograf\u00f3w, epigrafik\u00f3w i wydawc\u00f3w tekstu, jak i historyk\u00f3w, historyk\u00f3w filozofii, muzyki i sztuk plastycznych.<\/p>\n<p>Centralnym tematem cyklu jest <b>tekst \u015bredniowieczny <\/b>&#8211; tak \u0142aci\u0144ski, jak spisany w j\u0119zyku wernakularnym &#8211; w jego mnogich formach i funkcjach.<\/p>\n<p>Przyk\u0142adowe zagadnienia:<\/p>\n<ul>\n<li>tekst jako element \u015bredniowiecznej kultury literackiej w Polsce i w Europie,<\/li>\n<li>odbiorca tekstu \u015bredniowiecznego (praktyki lektury, pami\u0119\u0107 i jej przekaz; parateksty, tj. komentarze, <i>accessus ad auctores<\/i>, s\u0142owniki itd., i hiperteksty, tj. przek\u0142ady, pastisze, wersyfikacje itd.),<\/li>\n<li>dyskurs filozofii, teologii i nauki \u015bredniowiecznej,<\/li>\n<li>tekst a spo\u0142ecze\u0144stwo (znajomo\u015b\u0107 j\u0119zyka, spo\u0142eczne jego odmiany; tekst w praktyce prawnej i administracyjnej oraz w \u017cyciu codziennym),<\/li>\n<li>tekst a kultura materialna, tekst w muzyce i sztukach wizualnych,<\/li>\n<li>tekst jako przedmiot (paleografia, kodykologia, historia ksi\u0105\u017cki, krytyka i wydanie tekstu),<\/li>\n<li>recepcja tekstu \u015bredniowiecznego (adaptacje, nawi\u0105zania, przek\u0142ady itp.),<\/li>\n<li>tekst \u015bredniowieczny a nowe technologie (korpusy, metody automatyczne w badaniu tekstu, s\u0142owniki elektroniczne, bazy danych, wizualizacja).<\/li>\n<\/ul>\n<hr \/>\n<p align=\"justify\"><i><a href=\"http:\/\/scriptores.pl\/hortus\/wp-content\/uploads\/sites\/3\/2018\/03\/MNISW.jpg\"><img decoding=\"async\" class=\"alignleft wp-image-164 \" src=\"http:\/\/scriptores.pl\/hortus\/wp-content\/uploads\/sites\/3\/2018\/03\/MNISW-300x78.jpg\" alt=\"\" width=\"281\" height=\"73\" srcset=\"https:\/\/scriptores.pl\/hortus\/wp-content\/uploads\/sites\/3\/2018\/03\/MNISW-300x78.jpg 300w, https:\/\/scriptores.pl\/hortus\/wp-content\/uploads\/sites\/3\/2018\/03\/MNISW-768x199.jpg 768w, https:\/\/scriptores.pl\/hortus\/wp-content\/uploads\/sites\/3\/2018\/03\/MNISW-1024x265.jpg 1024w, https:\/\/scriptores.pl\/hortus\/wp-content\/uploads\/sites\/3\/2018\/03\/MNISW-624x162.jpg 624w, https:\/\/scriptores.pl\/hortus\/wp-content\/uploads\/sites\/3\/2018\/03\/MNISW.jpg 1737w\" sizes=\"(max-width: 281px) 100vw, 281px\" \/><\/a><\/i><i>Hortus Deliciarum. Wok\u00f3\u0142 \u015bredniowiecznego tekstu (cykl seminari\u00f3w i publikacja elektroniczna) &#8211; zadanie w latach 2016-7 by\u0142o finansowane w ramach umowy 644\/P-DUN\/2016 ze \u015brodk\u00f3w Ministra Nauki i Szkolnictwa Wy\u017cszego przeznaczonych na dzia\u0142alno\u015b\u0107 upowszechniaj\u0105c\u0105 nauk\u0119<\/i><\/p>\n<p><\/p>","protected":false},"excerpt":{"rendered":"<p>Pracownia \u0141aciny \u015aredniowiecznej Instytutu J\u0119zyka Polskiego PAN w Krakowie serdecznie zaprasza do udzia\u0142u w cyklu comiesi\u0119cznych spotka\u0144 mediewistycznych pod has\u0142em Hortus deliciarum. Wok\u00f3\u0142 \u015bredniowiecznego tekstu. Tytu\u0142 cyklu nawi\u0105zuje do encyklopedycznego dzie\u0142a Herrady z Landsbergu, gdy\u017c spotkania s\u0142u\u017cy\u0107 maj\u0105 kre\u015bleniu szerokiej panoramy studi\u00f3w \u015bredniowiecznych, a zarazem popularyzowa\u0107 uj\u0119cia interdyscyplinarne. \u00a0Mamy nadziej\u0119, i\u017c przyczyni\u0105 si\u0119 one do [&hellip;]<\/p>\n","protected":false},"author":1,"featured_media":0,"parent":0,"menu_order":0,"comment_status":"closed","ping_status":"closed","template":"","meta":{"footnotes":""},"class_list":["post-11","page","type-page","status-publish","hentry"],"aioseo_notices":[],"_links":{"self":[{"href":"https:\/\/scriptores.pl\/hortus\/wp-json\/wp\/v2\/pages\/11","targetHints":{"allow":["GET"]}}],"collection":[{"href":"https:\/\/scriptores.pl\/hortus\/wp-json\/wp\/v2\/pages"}],"about":[{"href":"https:\/\/scriptores.pl\/hortus\/wp-json\/wp\/v2\/types\/page"}],"author":[{"embeddable":true,"href":"https:\/\/scriptores.pl\/hortus\/wp-json\/wp\/v2\/users\/1"}],"replies":[{"embeddable":true,"href":"https:\/\/scriptores.pl\/hortus\/wp-json\/wp\/v2\/comments?post=11"}],"version-history":[{"count":10,"href":"https:\/\/scriptores.pl\/hortus\/wp-json\/wp\/v2\/pages\/11\/revisions"}],"predecessor-version":[{"id":664,"href":"https:\/\/scriptores.pl\/hortus\/wp-json\/wp\/v2\/pages\/11\/revisions\/664"}],"wp:attachment":[{"href":"https:\/\/scriptores.pl\/hortus\/wp-json\/wp\/v2\/media?parent=11"}],"curies":[{"name":"wp","href":"https:\/\/api.w.org\/{rel}","templated":true}]}}