{"id":1019,"date":"2023-06-13T11:16:17","date_gmt":"2023-06-13T09:16:17","guid":{"rendered":"https:\/\/scriptores.pl\/hortus\/?page_id=1019"},"modified":"2025-06-05T15:22:30","modified_gmt":"2025-06-05T13:22:30","slug":"spotkanie-xxiv","status":"publish","type":"page","link":"https:\/\/scriptores.pl\/hortus\/archiwum\/spotkanie-xxiv\/","title":{"rendered":"Spotkanie XXIV"},"content":{"rendered":"<p><\/p>\n<h3 class=\"wp-block-heading\">Czas<\/h3>\n<p>15 czerwca 2023 r., godz. 13.00<\/p>\n<h3 class=\"wp-block-heading\">Wyk\u0142ad<\/h3>\n<h2 class=\"has-large-font-size wp-block-heading\"><strong>dr Lidii Grzybowskiej<br \/>\n<\/strong><\/h2>\n<p>&nbsp;<\/p>\n<h2 class=\"has-large-font-size wp-block-heading\">Katalo\u0144ski teolog Marek Bonifili (zm. 1453) i jego krakowskie kazania maryjne. Stan i perspektywy bada\u0144<\/h2>\n<h3 class=\"wp-block-heading\">Streszczenie<\/h3>\n<p class=\"western\">Marek Bonifili z Katalonii by\u0142 profesorem teologii Uniwersytetu w Lleidzie. W latach 1440-1447 pe\u0142ni\u0142 funkcj\u0119 pos\u0142a i ambasadora Soboru Bazylejskiego w Polsce, a w latach 1452-1453 przebywa\u0142 na s\u0142u\u017cbie kardyna\u0142a Antoniego Cerd\u00e0 i Lloscos. G\u0142osi\u0142 kazania m.in. w Bazylei, Lozannie, Rzymie, Krakowie i Perpignan. Teksty jego kaza\u0144 znamy z manuskrypt\u00f3w obecnie przechowywanych m.in. w Barcelonie [Biblioteca de Catalunya, MS 478], Brunszwiku [Stadtbibliothek Braunschweig, Ms 80], Augsburgu [Archiv des Bistums Augsburg, Hs. 41], Oksfordzie [Bodleian Library, MS. Laud Misc 96], Budapeszcie [E\u00f6tv\u00f6s Lor\u00e1nd Tudom\u00e1nyegyetem Cod. Lat. 64], O\u0142omu\u0144cu [V\u011bdeck\u00e1 knihovna, M I 156], Erlangen-Nuremberg [Universit\u00e4tsbibliothek Erlangen-N\u00fcrnberg, MS 534] i Wroc\u0142awiu [Biblioteka Uniwersytecka, Akc. 1948\/788]. Przedmiotem wyst\u0105pienia b\u0119dzie zar\u00f3wno zrekonstruowana na podstawie licznych \u017ar\u00f3de\u0142 biografia Bonifiliego, jak r\u00f3wnie\u017c jego dzia\u0142alno\u015b\u0107 kaznodziejska, a zw\u0142aszcza cztery kazania, kt\u00f3re wyg\u0142osi\u0142 w Krakowie w latach 1444-1447. Wszystkie one zwi\u0105zane s\u0105 z kultem maryjnym i prezentowa\u0142y doktryn\u0119 Niepokalanego Pocz\u0119cia Naj\u015bwi\u0119tszej Maryi Panny, przyj\u0119t\u0105 jako dogmat na soborze bazylejskim w 1439 roku. W wyst\u0105pieniu zaprezentowany zostanie zatem stan bada\u0144 nad kazaniami maryjnymi Bonifiliego oraz wskazane zostan\u0105 wst\u0119pne rozpoznania i problemy badawcze dotycz\u0105ce spu\u015bcizny kaznodziejskiej katalo\u0144skiego teologa.<\/p>\n<h3><\/h3>\n<h3 class=\"wp-block-heading\">Prelegentka<\/h3>\n<p>dr Lidia Grzybowska (Wydzia\u0142 Polonistyki, Uniwersytet Jagiello\u0144ski)<\/p>\n<p>Doktor nauk humanistycznych w dziedzinie literaturoznawstwa. Zainteresowania naukowe: historia literatury \u015bredniowiecznej, kaznodziejstwo \u015bredniowieczne, dawna teoria literatury, retoryka \u015bredniowieczna, koncyliaryzm i eklezjologia w \u015bredniowieczu. Najnowsze publikacje: <i>Sk\u0105d wzi\u0105\u0142 si\u0119 w Krakowie traktat Franciszka Eiximenisa Ars praedicandi populo?<\/i>, \u201eAnnales Universitatis Paedagogicae Cracoviensis. <span lang=\"en-GB\">Studia Historicolitteraria\u201d 21 (2021), <\/span><span lang=\"en-GB\"><i>Was Miko\u0142aj of B\u0142onie a supporter of the conciliarist movement?<\/i><\/span><span lang=\"en-GB\">, \u201eTerminus\u201d, 25, z. 1 (66), 2023. <\/span>Obecnie kieruje zespo\u0142em przygotowuj\u0105cym polski przek\u0142ad i opracowanie zbioru <i>Carmina Burana<\/i> (projekt NPRH, Uniwersalia 2.2, edycja 11).<\/p>","protected":false},"excerpt":{"rendered":"<p>Czas 15 czerwca 2023 r., godz. 13.00 Wyk\u0142ad dr Lidii Grzybowskiej &nbsp; Katalo\u0144ski teolog Marek Bonifili (zm. 1453) i jego krakowskie kazania maryjne. Stan i perspektywy bada\u0144 Streszczenie Marek Bonifili z Katalonii by\u0142 profesorem teologii Uniwersytetu w Lleidzie. W latach 1440-1447 pe\u0142ni\u0142 funkcj\u0119 pos\u0142a i ambasadora Soboru Bazylejskiego w Polsce, a w latach 1452-1453 przebywa\u0142 [&hellip;]<\/p>\n","protected":false},"author":8,"featured_media":0,"parent":27,"menu_order":24,"comment_status":"closed","ping_status":"closed","template":"","meta":{"footnotes":""},"class_list":["post-1019","page","type-page","status-publish","hentry"],"aioseo_notices":[],"_links":{"self":[{"href":"https:\/\/scriptores.pl\/hortus\/wp-json\/wp\/v2\/pages\/1019","targetHints":{"allow":["GET"]}}],"collection":[{"href":"https:\/\/scriptores.pl\/hortus\/wp-json\/wp\/v2\/pages"}],"about":[{"href":"https:\/\/scriptores.pl\/hortus\/wp-json\/wp\/v2\/types\/page"}],"author":[{"embeddable":true,"href":"https:\/\/scriptores.pl\/hortus\/wp-json\/wp\/v2\/users\/8"}],"replies":[{"embeddable":true,"href":"https:\/\/scriptores.pl\/hortus\/wp-json\/wp\/v2\/comments?post=1019"}],"version-history":[{"count":6,"href":"https:\/\/scriptores.pl\/hortus\/wp-json\/wp\/v2\/pages\/1019\/revisions"}],"predecessor-version":[{"id":1497,"href":"https:\/\/scriptores.pl\/hortus\/wp-json\/wp\/v2\/pages\/1019\/revisions\/1497"}],"up":[{"embeddable":true,"href":"https:\/\/scriptores.pl\/hortus\/wp-json\/wp\/v2\/pages\/27"}],"wp:attachment":[{"href":"https:\/\/scriptores.pl\/hortus\/wp-json\/wp\/v2\/media?parent=1019"}],"curies":[{"name":"wp","href":"https:\/\/api.w.org\/{rel}","templated":true}]}}