{"id":101,"date":"2016-03-29T11:52:56","date_gmt":"2016-03-29T09:52:56","guid":{"rendered":"http:\/\/scriptores.pl\/hortus\/?page_id=101"},"modified":"2020-05-22T14:19:06","modified_gmt":"2020-05-22T12:19:06","slug":"hortus-deliciarum-4","status":"publish","type":"page","link":"https:\/\/scriptores.pl\/hortus\/archiwum\/hortus-deliciarum-4\/","title":{"rendered":"Spotkanie IV"},"content":{"rendered":"<p><\/p>\n<h3>Czas<\/h3>\n<p>15 kwietnia 2016 r., godz. 12.00 (!)<\/p>\n<h3>Program<\/h3>\n<p>Joanna Fronska<\/p>\n<ul>\n<li>Tradycja i innowacja. Badania nad r\u0119kopisami \u015bredniowiecznymi w erze cyfrowej<\/li>\n<\/ul>\n<h3>Streszczenie<\/h3>\n<p>Dr Joanna Fronska przedstawi histori\u0119 i misj\u0119 badawcz\u0105 Institut de recherche et d\u2019histoire des textes (Centre National de Recherches Scientifiques) w Pary\u017cu, plac\u03ccwki naukowej po\u015bwi\u0119conej multidyscyplinarnym badaniom nad r\u0119kopisem \u015bredniowiecznym i ksi\u0105\u017ck\u0105 wczesno-nowo\u017cytn\u0105. Od swojego powstania w 1937 roku, g\u0142\u03ccwnym zadaniem instytutu by\u0142o gromadznie dokumentacji dotycz\u0105cej zbior\u03ccw r\u0119kopi\u015bmiennych, produkcji r\u0119kopis\u03ccw, oraz recepcji i dyseminacji \u0142aci\u0144skich i wernakularnych tekst\u03ccw \u015bredniowiecznych. Od samego pocz\u0105tku badaniom towarzyszy\u0142y nowe technologie, przede wszystkim reprograficzne. Przedmiotem niniejszego wyst\u0105pienia b\u0119dzie prezentacja cyfrowych narz\u0119dzi badawczych (baz danych, repozytori\u03ccw, katalog\u03ccw, edycji elektornicznych), tworzonych w ramach projekt\u03ccw IRHT, oraz refleksja nad nowymi metodami i praktykami badawczymi, kt\u03ccre one stymuluj\u0105.<\/p>\n<h3>Prelegentka<\/h3>\n<h4>Dr Joanna Fronska (IRHT CNRS)<\/h4>\n<h4>Miejsce<\/h4>\n<p><a href=\"http:\/\/scriptores.pl\/hortus\/organizacja\/sluchacze\/\" target=\"_blank\" rel=\"noopener noreferrer\">Instytut J\u0119zyka Polskiego PAN<\/a><\/p>\n<h4>Nagranie spotkania<\/h4>\n<p><a href=\"https:\/\/www.youtube.com\/watch?v=cxvfCbNNT30\" target=\"_blank\" rel=\"noopener noreferrer\">Kana\u0142 cyklu<\/a><\/p>","protected":false},"excerpt":{"rendered":"<p>Czas 15 kwietnia 2016 r., godz. 12.00 (!) Program Joanna Fronska Tradycja i innowacja. Badania nad r\u0119kopisami \u015bredniowiecznymi w erze cyfrowej Streszczenie Dr Joanna Fronska przedstawi histori\u0119 i misj\u0119 badawcz\u0105 Institut de recherche et d\u2019histoire des textes (Centre National de Recherches Scientifiques) w Pary\u017cu, plac\u03ccwki naukowej po\u015bwi\u0119conej multidyscyplinarnym badaniom nad r\u0119kopisem \u015bredniowiecznym i ksi\u0105\u017ck\u0105 wczesno-nowo\u017cytn\u0105. [&hellip;]<\/p>\n","protected":false},"author":1,"featured_media":0,"parent":27,"menu_order":4,"comment_status":"closed","ping_status":"closed","template":"","meta":{"footnotes":""},"class_list":["post-101","page","type-page","status-publish","hentry"],"aioseo_notices":[],"_links":{"self":[{"href":"https:\/\/scriptores.pl\/hortus\/wp-json\/wp\/v2\/pages\/101","targetHints":{"allow":["GET"]}}],"collection":[{"href":"https:\/\/scriptores.pl\/hortus\/wp-json\/wp\/v2\/pages"}],"about":[{"href":"https:\/\/scriptores.pl\/hortus\/wp-json\/wp\/v2\/types\/page"}],"author":[{"embeddable":true,"href":"https:\/\/scriptores.pl\/hortus\/wp-json\/wp\/v2\/users\/1"}],"replies":[{"embeddable":true,"href":"https:\/\/scriptores.pl\/hortus\/wp-json\/wp\/v2\/comments?post=101"}],"version-history":[{"count":4,"href":"https:\/\/scriptores.pl\/hortus\/wp-json\/wp\/v2\/pages\/101\/revisions"}],"predecessor-version":[{"id":345,"href":"https:\/\/scriptores.pl\/hortus\/wp-json\/wp\/v2\/pages\/101\/revisions\/345"}],"up":[{"embeddable":true,"href":"https:\/\/scriptores.pl\/hortus\/wp-json\/wp\/v2\/pages\/27"}],"wp:attachment":[{"href":"https:\/\/scriptores.pl\/hortus\/wp-json\/wp\/v2\/media?parent=101"}],"curies":[{"name":"wp","href":"https:\/\/api.w.org\/{rel}","templated":true}]}}