{"id":60,"date":"2015-10-14T12:43:45","date_gmt":"2015-10-14T10:43:45","guid":{"rendered":"http:\/\/scriptores.pl\/hortus\/?page_id=60"},"modified":"2015-10-14T12:45:11","modified_gmt":"2015-10-14T10:45:11","slug":"formularz-uczestnictwa","status":"publish","type":"page","link":"https:\/\/scriptores.pl\/hortus\/en\/organizacja\/sluchacze\/formularz-uczestnictwa\/","title":{"rendered":"Formularz uczestnictwa"},"content":{"rendered":"<p><iframe src=\"https:\/\/docs.google.com\/forms\/d\/180ZKgOsT2Ju3WEFeIJ91PpVq91-KlK167ozGQi_SDW8\/viewform?embedded=true\" width=\"760\" height=\"500\" frameborder=\"0\" marginheight=\"0\" marginwidth=\"0\">\u0141adowanie&#8230;<\/iframe><br \/>\nJe\u015bli formularz nie wy\u015bwietla si\u0119 poprawnie, przejd\u017a pod <a href=\"http:\/\/goo.gl\/forms\/k1KbMmFuYD\" target=\"_blank\">adres formularza<\/a>.<\/p>\n","protected":false},"excerpt":{"rendered":"<p>\u0141adowanie&#8230; Je\u015bli formularz nie wy\u015bwietla si\u0119 poprawnie, przejd\u017a pod adres formularza.<\/p>\n","protected":false},"author":1,"featured_media":0,"parent":30,"menu_order":0,"comment_status":"closed","ping_status":"closed","template":"","meta":{"footnotes":""},"class_list":["post-60","page","type-page","status-publish","hentry"],"aioseo_notices":[],"_links":{"self":[{"href":"https:\/\/scriptores.pl\/hortus\/en\/wp-json\/wp\/v2\/pages\/60","targetHints":{"allow":["GET"]}}],"collection":[{"href":"https:\/\/scriptores.pl\/hortus\/en\/wp-json\/wp\/v2\/pages"}],"about":[{"href":"https:\/\/scriptores.pl\/hortus\/en\/wp-json\/wp\/v2\/types\/page"}],"author":[{"embeddable":true,"href":"https:\/\/scriptores.pl\/hortus\/en\/wp-json\/wp\/v2\/users\/1"}],"replies":[{"embeddable":true,"href":"https:\/\/scriptores.pl\/hortus\/en\/wp-json\/wp\/v2\/comments?post=60"}],"version-history":[{"count":4,"href":"https:\/\/scriptores.pl\/hortus\/en\/wp-json\/wp\/v2\/pages\/60\/revisions"}],"predecessor-version":[{"id":64,"href":"https:\/\/scriptores.pl\/hortus\/en\/wp-json\/wp\/v2\/pages\/60\/revisions\/64"}],"up":[{"embeddable":true,"href":"https:\/\/scriptores.pl\/hortus\/en\/wp-json\/wp\/v2\/pages\/30"}],"wp:attachment":[{"href":"https:\/\/scriptores.pl\/hortus\/en\/wp-json\/wp\/v2\/media?parent=60"}],"curies":[{"name":"wp","href":"https:\/\/api.w.org\/{rel}","templated":true}]}}