{"id":30,"date":"2015-09-10T16:38:18","date_gmt":"2015-09-10T14:38:18","guid":{"rendered":"http:\/\/scriptores.pl\/hortus\/?page_id=30"},"modified":"2020-05-20T10:03:35","modified_gmt":"2020-05-20T08:03:35","slug":"sluchacze","status":"publish","type":"page","link":"https:\/\/scriptores.pl\/hortus\/en\/organizacja\/sluchacze\/","title":{"rendered":"S\u0142uchacze"},"content":{"rendered":"<p>Spotkania s\u0105 otwarte dla publiczno\u015bci &#8211; tak dla badaczy, jak i doktorant\u00f3w czy student\u00f3w. Mo\u017cna w nich uczestniczy\u0107 w siedzibie IJP PAN lub te\u017c poprzez transmisj\u0119 w internecie.<\/p>\n<h3>Jak dotrze\u0107 do IJP PAN<\/h3>\n<p>Spotkania odbywa\u0107 si\u0119 b\u0119d\u0105 w sali konferencyjnej Instytutu J\u0119zyka Polskiego PAN w Krakowie (al. Mickiewicza 31, I pi\u0119tro).<\/p>\n<h3>Jak uczestniczy\u0107 w transmisji<\/h3>\n<p>Spotkania b\u0119d\u0105 transmitowane na <a href=\"https:\/\/www.youtube.com\/channel\/UCTPB8Jskj51J3DqA6nO5isA\" target=\"_blank\" rel=\"noopener noreferrer\">kanale YouTube cyklu<\/a><\/p>","protected":false},"excerpt":{"rendered":"<p>Spotkania s\u0105 otwarte dla publiczno\u015bci &#8211; tak dla badaczy, jak i doktorant\u00f3w czy student\u00f3w. Mo\u017cna w nich uczestniczy\u0107 w siedzibie IJP PAN lub te\u017c poprzez transmisj\u0119 w internecie. Jak dotrze\u0107 do IJP PAN Spotkania odbywa\u0107 si\u0119 b\u0119d\u0105 w sali konferencyjnej Instytutu J\u0119zyka Polskiego PAN w Krakowie (al. Mickiewicza 31, I pi\u0119tro). Jak uczestniczy\u0107 w transmisji [&hellip;]<\/p>\n","protected":false},"author":1,"featured_media":0,"parent":19,"menu_order":0,"comment_status":"closed","ping_status":"closed","template":"","meta":{"footnotes":""},"class_list":["post-30","page","type-page","status-publish","hentry"],"aioseo_notices":[],"_links":{"self":[{"href":"https:\/\/scriptores.pl\/hortus\/en\/wp-json\/wp\/v2\/pages\/30","targetHints":{"allow":["GET"]}}],"collection":[{"href":"https:\/\/scriptores.pl\/hortus\/en\/wp-json\/wp\/v2\/pages"}],"about":[{"href":"https:\/\/scriptores.pl\/hortus\/en\/wp-json\/wp\/v2\/types\/page"}],"author":[{"embeddable":true,"href":"https:\/\/scriptores.pl\/hortus\/en\/wp-json\/wp\/v2\/users\/1"}],"replies":[{"embeddable":true,"href":"https:\/\/scriptores.pl\/hortus\/en\/wp-json\/wp\/v2\/comments?post=30"}],"version-history":[{"count":13,"href":"https:\/\/scriptores.pl\/hortus\/en\/wp-json\/wp\/v2\/pages\/30\/revisions"}],"predecessor-version":[{"id":270,"href":"https:\/\/scriptores.pl\/hortus\/en\/wp-json\/wp\/v2\/pages\/30\/revisions\/270"}],"up":[{"embeddable":true,"href":"https:\/\/scriptores.pl\/hortus\/en\/wp-json\/wp\/v2\/pages\/19"}],"wp:attachment":[{"href":"https:\/\/scriptores.pl\/hortus\/en\/wp-json\/wp\/v2\/media?parent=30"}],"curies":[{"name":"wp","href":"https:\/\/api.w.org\/{rel}","templated":true}]}}