{"id":23,"date":"2015-09-10T16:35:13","date_gmt":"2015-09-10T14:35:13","guid":{"rendered":"http:\/\/scriptores.pl\/hortus\/?page_id=23"},"modified":"2023-05-08T17:20:17","modified_gmt":"2023-05-08T15:20:17","slug":"organizatorzy","status":"publish","type":"page","link":"https:\/\/scriptores.pl\/hortus\/en\/organizacja\/organizatorzy\/","title":{"rendered":"Organizatorzy"},"content":{"rendered":"<p>Spotkania organizuj\u0105 badacze z Pracowni \u0141aciny \u015aredniowiecznej IJP PAN, dr Anna Ledzi\u0144ska i dr Krzysztof Nowak.<\/p>\n<h5>Patronat<\/h5>\n<p>Spotkania organizuj\u0105 badacze z Pracowni \u0141aciny \u015aredniowiecznej IJP PAN, dr Anna Ledzi\u0144ska i dr Krzysztof Nowak.<\/p>\n<h5>Patronat<\/h5>\n<p><\/p>","protected":false},"excerpt":{"rendered":"<p>Spotkania organizuj\u0105 badacze z Pracowni \u0141aciny \u015aredniowiecznej IJP PAN, dr Anna Ledzi\u0144ska i dr Krzysztof Nowak. Patronat Spotkania organizuj\u0105 badacze z Pracowni \u0141aciny \u015aredniowiecznej IJP PAN, dr Anna Ledzi\u0144ska i dr Krzysztof Nowak. Patronat<\/p>\n","protected":false},"author":1,"featured_media":0,"parent":19,"menu_order":3,"comment_status":"closed","ping_status":"closed","template":"","meta":{"footnotes":""},"class_list":["post-23","page","type-page","status-publish","hentry"],"aioseo_notices":[],"_links":{"self":[{"href":"https:\/\/scriptores.pl\/hortus\/en\/wp-json\/wp\/v2\/pages\/23","targetHints":{"allow":["GET"]}}],"collection":[{"href":"https:\/\/scriptores.pl\/hortus\/en\/wp-json\/wp\/v2\/pages"}],"about":[{"href":"https:\/\/scriptores.pl\/hortus\/en\/wp-json\/wp\/v2\/types\/page"}],"author":[{"embeddable":true,"href":"https:\/\/scriptores.pl\/hortus\/en\/wp-json\/wp\/v2\/users\/1"}],"replies":[{"embeddable":true,"href":"https:\/\/scriptores.pl\/hortus\/en\/wp-json\/wp\/v2\/comments?post=23"}],"version-history":[{"count":10,"href":"https:\/\/scriptores.pl\/hortus\/en\/wp-json\/wp\/v2\/pages\/23\/revisions"}],"predecessor-version":[{"id":881,"href":"https:\/\/scriptores.pl\/hortus\/en\/wp-json\/wp\/v2\/pages\/23\/revisions\/881"}],"up":[{"embeddable":true,"href":"https:\/\/scriptores.pl\/hortus\/en\/wp-json\/wp\/v2\/pages\/19"}],"wp:attachment":[{"href":"https:\/\/scriptores.pl\/hortus\/en\/wp-json\/wp\/v2\/media?parent=23"}],"curies":[{"name":"wp","href":"https:\/\/api.w.org\/{rel}","templated":true}]}}