{"id":117,"date":"2016-11-09T00:56:23","date_gmt":"2016-11-08T23:56:23","guid":{"rendered":"http:\/\/scriptores.pl\/hortus\/?page_id=117"},"modified":"2020-05-22T14:03:26","modified_gmt":"2020-05-22T12:03:26","slug":"spotkanie-vii","status":"publish","type":"page","link":"https:\/\/scriptores.pl\/hortus\/en\/archiwum\/spotkanie-vii\/","title":{"rendered":"Spotkanie VII"},"content":{"rendered":"<p><\/p>\n<h3>Czas<\/h3>\n<p>18 listopada 2016 r., godz. 13.30<\/p>\n<h3>Program<\/h3>\n<p class=\"western\">Bartosz Awianowicz, Pawe\u0142 Gancarczyk<\/p>\n<ul>\n<li>\n<p class=\"western\">Petrus Wilhelmi de Grudencz (1392\u2013po 1452) \u2013 mi\u0119dzy muzyk\u0105 i poezj\u0105<\/p>\n<\/li>\n<\/ul>\n<h3>Streszczenie<\/h3>\n<p class=\"western\">Petrus Wilhelmi de Grudencz by\u0142 kompozytorem i poet\u0105, magistrem sztuk wyzwolonych Akademii Krakowskiej i kapelanem cesarza Fryderyka III. Jego utwory zachowa\u0142y si\u0119 w ponad 50 \u017ar\u00f3d\u0142ach z teren\u00f3w Europy \u015arodkowej, m.in. w Polsce, Czechach, Austrii, S\u0142owacji i w Niemczech. W swojej tw\u00f3rczo\u015bci muzycznej odwo\u0142ywa\u0142 si\u0119 do form i technik kompozytorskich typowych dla tego regionu. Jego tw\u00f3rczo\u015b\u0107 cieszy\u0142a si\u0119 powodzeniem w kr\u0119gach uniwersyteckich, szkolnych i monastycznych, cho\u0107 trafi\u0142a te\u017c do repertuaru utrakwistycznych bractw literackich i \u015bl\u0105skich luteran. Niekt\u00f3re z tych kompozycji zachowa\u0142y si\u0119 w \u017cywej tradycji muzycznej a\u017c do XVII wieku.<\/p>\n<p class=\"western\">Utwory Petrusa Wilhelmiego s\u0105 przedmiotem uwagi muzykolog\u00f3w; ciesz\u0105 si\u0119 r\u00f3wnie\u017c sporym zainteresowaniem wykonawc\u00f3w muzyki dawnej. Pomimo, \u017ce by\u0142 autorem skojarzonych z muzyk\u0105 wierszy, jego tw\u00f3rczo\u015b\u0107 \u0142aci\u0144ska nie doczeka\u0142a si\u0119 dotychczas opracowania. Tymczasem ma ona wa\u017cne znaczenie dla okre\u015blenia to\u017csamo\u015bci tego tw\u00f3rcy i zakre\u015blenia wp\u0142yw\u00f3w, jakim ulega\u0142. Jej cech\u0105 wyr\u00f3\u017cniaj\u0105c\u0105 jest stosowanie akrostych\u00f3w (\u201ePETRVS\u201d), kt\u00f3re maj\u0105 kluczowe znaczenie dla atrybucji utwor\u00f3w. Tw\u00f3rczo\u015b\u0107 literacka Petrusa \u2013 traktowana autonomicznie \u2013 nie wydaje si\u0119 przedstawia\u0107 unikatowej warto\u015bci. Zyskuje j\u0105 jednak w po\u0142\u0105czeniu z towarzysz\u0105c\u0105 jej muzyk\u0105. Wyk\u0142ad b\u0119dzie po\u015bwi\u0119cony ukazaniu jak zespolenie poezji z muzyk\u0105 tworzy oryginaln\u0105 jako\u015b\u0107, decyduj\u0105c\u0105 o tym, \u017ce Petrus Wilhelmi de Grudencz postrzegany jest jako jeden z najbardziej interesuj\u0105cych kompozytor\u00f3w Europy \u015arodkowej XV wieku.<\/p>\n<h3>Prelegenci<\/h3>\n<p class=\"western\">dr hab. Bartosz Awianowicz (Uniwersytet Miko\u0142aja Kopernika, Toru\u0144)<\/p>\n<p class=\"western\">dr hab. Pawe\u0142 Gancarczyk (Instytut Sztuki PAN, Warszawa)<\/p>\n<h4>Miejsce<\/h4>\n<p><a href=\"http:\/\/scriptores.pl\/hortus\/organizacja\/sluchacze\/\" target=\"_blank\" rel=\"noopener noreferrer\">Instytut J\u0119zyka Polskiego PAN<\/a><\/p>\n<h4>Nagranie spotkania<\/h4>\n<p><a href=\"https:\/\/www.youtube.com\/watch?v=j5KHaurrQ80\" target=\"_blank\" rel=\"noopener noreferrer\">Kana\u0142 cyklu<\/a><\/p>","protected":false},"excerpt":{"rendered":"<p>Czas 18 listopada 2016 r., godz. 13.30 Program Bartosz Awianowicz, Pawe\u0142 Gancarczyk Petrus Wilhelmi de Grudencz (1392\u2013po 1452) \u2013 mi\u0119dzy muzyk\u0105 i poezj\u0105 Streszczenie Petrus Wilhelmi de Grudencz by\u0142 kompozytorem i poet\u0105, magistrem sztuk wyzwolonych Akademii Krakowskiej i kapelanem cesarza Fryderyka III. Jego utwory zachowa\u0142y si\u0119 w ponad 50 \u017ar\u00f3d\u0142ach z teren\u00f3w Europy \u015arodkowej, m.in. [&hellip;]<\/p>\n","protected":false},"author":1,"featured_media":0,"parent":27,"menu_order":7,"comment_status":"closed","ping_status":"closed","template":"","meta":{"footnotes":""},"class_list":["post-117","page","type-page","status-publish","hentry"],"aioseo_notices":[],"_links":{"self":[{"href":"https:\/\/scriptores.pl\/hortus\/en\/wp-json\/wp\/v2\/pages\/117","targetHints":{"allow":["GET"]}}],"collection":[{"href":"https:\/\/scriptores.pl\/hortus\/en\/wp-json\/wp\/v2\/pages"}],"about":[{"href":"https:\/\/scriptores.pl\/hortus\/en\/wp-json\/wp\/v2\/types\/page"}],"author":[{"embeddable":true,"href":"https:\/\/scriptores.pl\/hortus\/en\/wp-json\/wp\/v2\/users\/1"}],"replies":[{"embeddable":true,"href":"https:\/\/scriptores.pl\/hortus\/en\/wp-json\/wp\/v2\/comments?post=117"}],"version-history":[{"count":9,"href":"https:\/\/scriptores.pl\/hortus\/en\/wp-json\/wp\/v2\/pages\/117\/revisions"}],"predecessor-version":[{"id":338,"href":"https:\/\/scriptores.pl\/hortus\/en\/wp-json\/wp\/v2\/pages\/117\/revisions\/338"}],"up":[{"embeddable":true,"href":"https:\/\/scriptores.pl\/hortus\/en\/wp-json\/wp\/v2\/pages\/27"}],"wp:attachment":[{"href":"https:\/\/scriptores.pl\/hortus\/en\/wp-json\/wp\/v2\/media?parent=117"}],"curies":[{"name":"wp","href":"https:\/\/api.w.org\/{rel}","templated":true}]}}