{"id":106,"date":"2016-06-20T10:20:04","date_gmt":"2016-06-20T08:20:04","guid":{"rendered":"http:\/\/scriptores.pl\/hortus\/?page_id=106"},"modified":"2022-06-21T23:44:12","modified_gmt":"2022-06-21T21:44:12","slug":"hortus-deliciarum-5","status":"publish","type":"page","link":"https:\/\/scriptores.pl\/hortus\/en\/archiwum\/hortus-deliciarum-5\/","title":{"rendered":"Spotkanie V"},"content":{"rendered":"<p><\/p>\n<h3>Czas<\/h3>\n<p>24 czerwca 2016 r., godz. 13.00 (!)<\/p>\n<h3>Program<\/h3>\n<p>Magdalena \u0141anuszka<\/p>\n<ul>\n<li>Dekoracje pi\u0119tnastowiecznego r\u0119kopisu &#8220;Powie\u015bci o R\u00f3\u017cy&#8221; przechowywanego w Bibliotece Czartoryskich w Krakowie (Ms. Czart. 2920 IV)<\/li>\n<\/ul>\n<h3>Streszczenie<\/h3>\n<p>Powie\u015b\u0107 o R\u00f3\u017cy, arcydzie\u0142o literatury XIII stulecia, by\u0142 to poemat powszechnie znany i masowo kopiowany \u2013 jeden iluminowany egzemplarz przechowywany jest w Bibliotece Czartoryskich w Krakowie (Ms. Czart. 2920 IV). Jest to r\u0119kopis pi\u0119tnastowieczny, pod wieloma wgl\u0119dami wyj\u0105tkowy: bogato dekorowany (37 miniatur), osobliwy jest zar\u00f3wno stylistycznie jak ikonograficznie. Ilustracje nie s\u0105 najwy\u017cszej klasy artystycznej, ale jest ich stosunkowo du\u017co, a w dodatku wielokrotnie wy\u0142amuj\u0105 si\u0119 z popularnych dla tego poematu schemat\u00f3w dekoracji, lub dla odmiany zupe\u0142nie rozmijaj\u0105 z tekstem dzie\u0142a. Prawdopodobnym jest, i\u017c dekorowa\u0142 go prowincjonalny artysta \u2013 wyst\u0105pienie stanowi\u0107 b\u0119dzie podsumowanie bada\u0144 nad tym r\u0119kopisem, wraz z pr\u00f3b\u0105 zaw\u0119\u017cenia datowania i okre\u015blenia ewentualnego regionu pochodzenia artysty, kt\u00f3ry go dekorowa\u0142. Badanie dekoracji r\u0119kopisu Ms. Czart. 2920 IV z\u0142o\u017cone jest z analizy relacji obrazu i tekstu, stylistycznech cech miniatur oraz przedstawionych na nich stroj\u00f3w postaci (analiza kostiumologiczna).<\/p>\n<h3>Prelegentka<\/h3>\n<h4>Dr Magdalena \u0141anuszka<\/h4>\n<h4>Miejsce<\/h4>\n<p><a href=\"http:\/\/scriptores.pl\/hortus\/organizacja\/sluchacze\/\" target=\"_blank\" rel=\"noopener noreferrer\">Instytut J\u0119zyka Polskiego PAN<\/a><\/p>\n<h4>Nagranie spotkania<\/h4>\n<p><a href=\"https:\/\/www.youtube.com\/watch?v=j5KHaurrQ80\" target=\"_blank\" rel=\"noopener noreferrer\">Kana\u0142 cyklu<\/a><\/p>","protected":false},"excerpt":{"rendered":"<p>Czas 24 czerwca 2016 r., godz. 13.00 (!) Program Magdalena \u0141anuszka Dekoracje pi\u0119tnastowiecznego r\u0119kopisu &#8220;Powie\u015bci o R\u00f3\u017cy&#8221; przechowywanego w Bibliotece Czartoryskich w Krakowie (Ms. Czart. 2920 IV) Streszczenie Powie\u015b\u0107 o R\u00f3\u017cy, arcydzie\u0142o literatury XIII stulecia, by\u0142 to poemat powszechnie znany i masowo kopiowany \u2013 jeden iluminowany egzemplarz przechowywany jest w Bibliotece Czartoryskich w Krakowie (Ms. [&hellip;]<\/p>\n","protected":false},"author":1,"featured_media":0,"parent":27,"menu_order":5,"comment_status":"closed","ping_status":"closed","template":"","meta":{"footnotes":""},"class_list":["post-106","page","type-page","status-publish","hentry"],"aioseo_notices":[],"_links":{"self":[{"href":"https:\/\/scriptores.pl\/hortus\/en\/wp-json\/wp\/v2\/pages\/106","targetHints":{"allow":["GET"]}}],"collection":[{"href":"https:\/\/scriptores.pl\/hortus\/en\/wp-json\/wp\/v2\/pages"}],"about":[{"href":"https:\/\/scriptores.pl\/hortus\/en\/wp-json\/wp\/v2\/types\/page"}],"author":[{"embeddable":true,"href":"https:\/\/scriptores.pl\/hortus\/en\/wp-json\/wp\/v2\/users\/1"}],"replies":[{"embeddable":true,"href":"https:\/\/scriptores.pl\/hortus\/en\/wp-json\/wp\/v2\/comments?post=106"}],"version-history":[{"count":6,"href":"https:\/\/scriptores.pl\/hortus\/en\/wp-json\/wp\/v2\/pages\/106\/revisions"}],"predecessor-version":[{"id":592,"href":"https:\/\/scriptores.pl\/hortus\/en\/wp-json\/wp\/v2\/pages\/106\/revisions\/592"}],"up":[{"embeddable":true,"href":"https:\/\/scriptores.pl\/hortus\/en\/wp-json\/wp\/v2\/pages\/27"}],"wp:attachment":[{"href":"https:\/\/scriptores.pl\/hortus\/en\/wp-json\/wp\/v2\/media?parent=106"}],"curies":[{"name":"wp","href":"https:\/\/api.w.org\/{rel}","templated":true}]}}