{"id":9920,"date":"2021-03-22T15:25:57","date_gmt":"2021-03-22T14:25:57","guid":{"rendered":"https:\/\/scriptores.pl\/efontes\/?page_id=9920"},"modified":"2021-06-07T18:44:26","modified_gmt":"2021-06-07T16:44:26","slug":"iii-warsztaty-efontes-call-for-papers","status":"publish","type":"page","link":"https:\/\/scriptores.pl\/efontes\/warsztaty\/iii-warsztaty-efontes-call-for-papers\/","title":{"rendered":"III Warsztaty eFontes: Call for Papers"},"content":{"rendered":"<h1 style=\"text-align: center;\">III Warsztaty eFontes: Call for Papers<\/h1>\n<h2 style=\"text-align: center;\"><em>S\u0142owa i rzeczy(wisto\u015b\u0107)<\/em><\/h2>\n<h3 style=\"text-align: center;\">Krak\u00f3w, 1-3 grudnia 2021 r.<\/h3>\n<p><img decoding=\"async\" class=\"alignleft wp-image-422 size-medium\" src=\"https:\/\/scriptores.pl\/efontes\/wp-content\/uploads\/sites\/8\/2019\/12\/logo11.svg_-300x98.png\" alt=\"\" width=\"300\" height=\"98\" srcset=\"https:\/\/scriptores.pl\/efontes\/wp-content\/uploads\/sites\/8\/2019\/12\/logo11.svg_-300x98.png 300w, https:\/\/scriptores.pl\/efontes\/wp-content\/uploads\/sites\/8\/2019\/12\/logo11.svg_-768x252.png 768w, https:\/\/scriptores.pl\/efontes\/wp-content\/uploads\/sites\/8\/2019\/12\/logo11.svg_-1024x336.png 1024w, https:\/\/scriptores.pl\/efontes\/wp-content\/uploads\/sites\/8\/2019\/12\/logo11.svg_.png 1391w\" sizes=\"(max-width: 300px) 100vw, 300px\" \/>III edycja warsztat\u00f3w projektu <em>eFontes. Elektroniczny korpus polskiej \u0142aciny \u015bredniowiecznej<\/em> odb\u0119dzie si\u0119 w dniach <strong>1-3 grudnia 2021 r.<\/strong> pod has\u0142em <em>S\u0142owa i rzeczy(wisto\u015b\u0107)<\/em>. W interdyscyplinarnym gronie przyjrzymy si\u0119 roli studi\u00f3w nad \u0142aci\u0144skim s\u0142ownictwem w poznaniu dziej\u00f3w, kultury i spo\u0142ecze\u0144stwa \u015bredniowiecznej Polski.<\/p>\n<p>Wagi i potrzeby systematycznych bada\u0144 nad s\u0142ownictwem dla pog\u0142\u0119bienia naszej wiedzy o \u015bredniowieczu dowiod\u0142y po\u015bwi\u0119cone terminologii politycznej prace spod znaku niemieckiej <em>Begriffsgeschichte<\/em> , francuskie opracowania s\u0142ownictwa feudalnego, ale te\u017c prace polskich historyk\u00f3w i leksykograf\u00f3w. Badacze tekstu dawnego mierz\u0105 si\u0119 z problemem nieostro\u015bci i wieloznaczno\u015bci wyra\u017ce\u0144, kt\u00f3re w\u0142a\u015bciwe s\u0105 ka\u017cdemu j\u0119zykowi naturalnemu, ale o znaczeniu rozstrzygaj\u0105 na podstawie zwykle ograniczonego kontekstu, fragmentarycznej wiedzy o \u015bwiecie i niepe\u0142nej znajomo\u015bci sytuacji komunikacyjnej.<\/p>\n<p>Nawet jednak w sytuacji idealnej, w kt\u00f3rej interpretacja nie pozostawia w\u0105tpliwo\u015bci, \u015bredniowieczne s\u0142ownictwo nie opowiada nam, by tak rzec, ca\u0142ej historii. Jego przemiany pozwalaj\u0105 wnioskowa\u0107 o dziejach instytucji w\u0142adzy i administracji czy o ewolucji pogl\u0105d\u00f3w naukowych, mniej natomiast m\u00f3wi\u0105 o \u017cyciu prywatnym czy rozumieniu \u015bwiata poza \u015brodowiskiem pisz\u0105cej elity. Co wi\u0119cej, wyuczona w silnie sformalizowanym \u015brodowisku \u015bredniowiecznej szko\u0142y \u0142acina nie odpowiada na zmieniaj\u0105ce si\u0119 potrzeby komunikacyjne r\u00f3wnie dynamicznie co j\u0119zyk wernakularny. Przy tym, jako narz\u0119dzie komunikacji oficjalnej, podlega daleko id\u0105cej \u201eregulacji\u201d: jest przedmiotem purystycznych interwencji i podlega regu\u0142om dyskursu, kt\u00f3re determinuj\u0105, co i jak mo\u017cna w danym czasie pomy\u015ble\u0107 czy wyrazi\u0107.<\/p>\n<p>Tradycyjna krytyka \u017ar\u00f3d\u0142a historycznego i jej wsp\u00f3\u0142czesne wcielenia rzucaj\u0105 \u015bwiat\u0142o na stosunek j\u0119zyka dokumentu czy kroniki do ewokowanej w nich rzeczywisto\u015bci. Tzw. zwrot j\u0119zykowy \u2013 niezale\u017cnie od jego wp\u0142ywu na mediewistyk\u0119 \u2013 bezsprzecznie wyostrzy\u0142 jeszcze \u015bwiadomo\u015b\u0107 narracyjnego charakteru \u017ar\u00f3de\u0142 (H. White), roli metafory (F. R. Ankersmit) i konieczno\u015bci krytycznej analizy warstwy interpretacyjno-retorycznej (J. Topolski). W polu zainteresowania znalaz\u0142y si\u0119 &#8211; obok tw\u00f3rcy z jego wykszta\u0142ceniem czy \u201etendencj\u0105\u201d &#8211; tak\u017ce regu\u0142y gatunku czy strategie perswazyjne. S\u0142owa bowiem nie tylko odnosz\u0105 si\u0119 do rzeczywisto\u015bci, ale te\u017c s\u0142u\u017c\u0105 jej zmianie, przekonuj\u0105 nas do przyj\u0119cia okre\u015blonej jej wizji, s\u0105 no\u015bnikiem ideologii i narz\u0119dziem propagandy.<\/p>\n<h3 style=\"text-align: left;\">Tematy wyst\u0105pie\u0144<\/h3>\n<p>Podczas III warsztat\u00f3w proponujemy pochyli\u0107 si\u0119 m. in. nad nast\u0119puj\u0105cymi zagadnieniami:<\/p>\n<p><b>S\u0142owa <\/b><b>i rzeczy<\/b><\/p>\n<ul>\n<li>wieloznaczno\u015b\u0107 i nieostro\u015b\u0107 w praktyce j\u0119zykoznawcy i historyka<\/li>\n<li><em>mi\u0119dzy s\u0142owami<\/em>: metafora, ironia, \u017cart<\/li>\n<li>\u0142acina a j\u0119zyk wernakularny\n<ul>\n<li>konceptualizacja w perspektywie mi\u0119dzyj\u0119zykowej<\/li>\n<li>glosa a znaczenie<\/li>\n<\/ul>\n<\/li>\n<\/ul>\n<p><b>Z<\/b><b>miana <\/b><b>j\u0119zykowa a <\/b><b>spo\u0142ecze\u0144stwo, kultura, historia<\/b><\/p>\n<ul>\n<li>nowe s\u0142owa (zapo\u017cyczenia, s\u0142owotw\u00f3rstwo itd.)<\/li>\n<li>nowe znaczenia (polisemia, kalki semantyczne itd.)<\/li>\n<li>popularno\u015b\u0107 i zanik s\u0142\u00f3w<\/li>\n<\/ul>\n<p><i><b>Jak dzia\u0142a\u0107 s\u0142owami<\/b><\/i><b> <\/b><b>(w polskim \u015bredniowieczu)<\/b><\/p>\n<ul>\n<li>grzeczno\u015b\u0107 j\u0119zykowa<\/li>\n<li>pochlebstwo i zniewaga<\/li>\n<li>eufemizm i tabu<\/li>\n<li>perswazja i retoryka<\/li>\n<li>s\u0142owa a w\u0142adza, ideologia, propaganda<\/li>\n<\/ul>\n<p><b>C<\/b><b>zego \u0142aci\u0144skie \u017ar\u00f3d\u0142a nie m\u00f3wi\u0105<\/b><b>?<\/b><\/p>\n<ul>\n<li>\u0142acina jako j\u0119zyk elit<\/li>\n<li>\u0142acina jako j\u0119zyk obcy<\/li>\n<li>\u0142acina jako j\u0119zyk komunikacji formalnej<\/li>\n<\/ul>\n<p><b>Metody, techniki, narz\u0119dzia<\/b><\/p>\n<ul>\n<li>semantyka historyczna w Polsce: recepcja, stan bada\u0144<\/li>\n<li>wyzwania: zwrot j\u0119zykowy a interpretacja \u017ar\u00f3d\u0142a historycznego<\/li>\n<li>metody p\u00f3\u0142-automatyczne i automatyczne w badaniach znaczenia<\/li>\n<li>humanistyka cyfrowa a mediewistyka<i><br \/>\n<\/i><\/li>\n<\/ul>\n<p><i><b>Korpus polskiej \u0142aciny \u015bredniowiecznej<\/b><\/i><\/p>\n<ul>\n<li>postulaty i potrzeby<\/li>\n<li>zr\u00f3\u017cnicowanie funkcjonalne, spo\u0142eczna i stylistyczna wariacja tekst\u00f3w<\/li>\n<li><em>loca scribendi<\/em>, socjolekty, j\u0119zyki specjalne<\/li>\n<\/ul>\n<p>&nbsp;<\/p>\n<h3>Udzia\u0142 w warsztatach<\/h3>\n<ul>\n<li>Warsztaty odb\u0119d\u0105 si\u0119 w trybie hybrydowym lub \u2013 w razie konieczno\u015bci \u2013 w pe\u0142ni wirtualnie. Udzia\u0142 w warsztatach jest bezp\u0142atny.<\/li>\n<li>Czas wyst\u0105pienia nie mo\u017ce przekroczy\u0107 30 minut.<\/li>\n<li>Prezentowane badania powinny mie\u0107 charakter oryginalny. Streszczenie referatu (do 500 s\u0142\u00f3w) powinno zawiera\u0107 jasno sformu\u0142owany problem badawczy, w tym kr\u00f3tkie om\u00f3wienie literatury wraz z reprezentatywn\u0105 bibliografi\u0105 (bibliografii nie wlicza si\u0119 do limitu s\u0142\u00f3w).<\/li>\n<li>Abstrakty mo\u017cna przesy\u0142a\u0107 <strong>do 30 czerwca<\/strong> 2021 r., <strong>do 11 lipca<\/strong> zostan\u0105 Pa\u0144stwo poinformowani o akceptacji wyst\u0105pienia. Zg\u0142oszenie mo\u017cna nades\u0142a\u0107 za pomoc\u0105 formularza:<\/li>\n<\/ul>\n<p style=\"text-align: center;\"><a href=\"https:\/\/ankiety.ijp.pan.pl\/index.php\/643157?lang=pl\">Formularz zg\u0142oszenia referatu<\/a><\/p>\n<ul>\n<li>Planujemy publikacj\u0119 recenzowanych materia\u0142\u00f3w pokonferencyjnych.<\/li>\n<\/ul>\n<h3>Wa\u017cne daty<\/h3>\n<ul>\n<li><strong><del>28 maja<\/del> 30 czerwca 2021 r.<\/strong> &#8211; termin nadsy\u0142ania abstrakt\u00f3w<\/li>\n<li><strong><del>11 czerwca<\/del> 11 lipca 2021 r.<\/strong> &#8211; informacja o przyj\u0119ciu referatu<\/li>\n<li><strong>1-3 grudnia 2021 r.<\/strong> &#8211; warsztaty<\/li>\n<li><strong>11 lutego 2022 r.<\/strong> &#8211; termin nadsy\u0142ania artyku\u0142u do tomu pokonferencyjnego<\/li>\n<\/ul>\n<h3>Kontakt<\/h3>\n<p>Pytania mo\u017cna kierowa\u0107 na adres: krzysztof.nowak@ijp.pan.pl.<\/p>\n","protected":false},"excerpt":{"rendered":"<p>III Warsztaty eFontes: Call for Papers S\u0142owa i rzeczy(wisto\u015b\u0107) Krak\u00f3w, 1-3 grudnia 2021 r. III edycja warsztat\u00f3w projektu eFontes. Elektroniczny korpus polskiej \u0142aciny \u015bredniowiecznej odb\u0119dzie si\u0119 w dniach 1-3 grudnia 2021 r. pod has\u0142em S\u0142owa i rzeczy(wisto\u015b\u0107). W interdyscyplinarnym gronie przyjrzymy si\u0119 roli studi\u00f3w nad \u0142aci\u0144skim s\u0142ownictwem w poznaniu dziej\u00f3w, kultury i spo\u0142ecze\u0144stwa \u015bredniowiecznej Polski. [&hellip;]<\/p>\n","protected":false},"author":1,"featured_media":422,"parent":191,"menu_order":0,"comment_status":"closed","ping_status":"closed","template":"","meta":{"footnotes":""},"class_list":["post-9920","page","type-page","status-publish","has-post-thumbnail","hentry"],"blocksy_meta":[],"aioseo_notices":[],"_links":{"self":[{"href":"https:\/\/scriptores.pl\/efontes\/wp-json\/wp\/v2\/pages\/9920","targetHints":{"allow":["GET"]}}],"collection":[{"href":"https:\/\/scriptores.pl\/efontes\/wp-json\/wp\/v2\/pages"}],"about":[{"href":"https:\/\/scriptores.pl\/efontes\/wp-json\/wp\/v2\/types\/page"}],"author":[{"embeddable":true,"href":"https:\/\/scriptores.pl\/efontes\/wp-json\/wp\/v2\/users\/1"}],"replies":[{"embeddable":true,"href":"https:\/\/scriptores.pl\/efontes\/wp-json\/wp\/v2\/comments?post=9920"}],"version-history":[{"count":3,"href":"https:\/\/scriptores.pl\/efontes\/wp-json\/wp\/v2\/pages\/9920\/revisions"}],"predecessor-version":[{"id":10182,"href":"https:\/\/scriptores.pl\/efontes\/wp-json\/wp\/v2\/pages\/9920\/revisions\/10182"}],"up":[{"embeddable":true,"href":"https:\/\/scriptores.pl\/efontes\/wp-json\/wp\/v2\/pages\/191"}],"wp:featuredmedia":[{"embeddable":true,"href":"https:\/\/scriptores.pl\/efontes\/wp-json\/wp\/v2\/media\/422"}],"wp:attachment":[{"href":"https:\/\/scriptores.pl\/efontes\/wp-json\/wp\/v2\/media?parent=9920"}],"curies":[{"name":"wp","href":"https:\/\/api.w.org\/{rel}","templated":true}]}}