{"id":8768,"date":"2021-03-03T10:46:47","date_gmt":"2021-03-03T09:46:47","guid":{"rendered":"http:\/\/scriptores.pl\/efontes\/?page_id=8768"},"modified":"2021-03-23T11:08:34","modified_gmt":"2021-03-23T10:08:34","slug":"wiosna-21","status":"publish","type":"page","link":"https:\/\/scriptores.pl\/efontes\/seminarium-efontes\/wiosna-21\/","title":{"rendered":"Wiosna 21"},"content":{"rendered":"\t\t<div data-elementor-type=\"wp-page\" data-elementor-id=\"8768\" class=\"elementor elementor-8768\">\n\t\t\t\t\t\t<section class=\"elementor-section elementor-top-section elementor-element elementor-element-472b5e18 elementor-section-boxed elementor-section-height-default elementor-section-height-default\" data-id=\"472b5e18\" data-element_type=\"section\">\n\t\t\t\t\t\t<div class=\"elementor-container elementor-column-gap-default\">\n\t\t\t\t\t<div class=\"elementor-column elementor-col-100 elementor-top-column elementor-element elementor-element-6f7d48e9\" data-id=\"6f7d48e9\" data-element_type=\"column\">\n\t\t\t<div class=\"elementor-widget-wrap elementor-element-populated\">\n\t\t\t\t\t\t<div class=\"elementor-element elementor-element-cad2a13 elementor-widget elementor-widget-text-editor\" data-id=\"cad2a13\" data-element_type=\"widget\" data-widget_type=\"text-editor.default\">\n\t\t\t\t<div class=\"elementor-widget-container\">\n\t\t\t\t\t\t\t\t\t<p>W semestrze letnim 20\/21 proponujemy Pa\u0144stwu <strong>wprowadzenie do u\u017cywanych przez nas metod humanistyki cyfrowej<\/strong>, elektronicznych narz\u0119dzi oraz podstaw pracy z korpusem. Spotyka\u0107 si\u0119 b\u0119dziemy co dwa tygodnie w pi\u0105tki w godz. 17-19, rozpoczynamy ju\u017c 12 marca.<\/p>\n<p><strong>Materia\u0142y:<\/strong> <a href=\"https:\/\/moodle.ijp.pan.pl\/course\/view.php?id=2\">Moodle IJP PAN<\/a><br><\/p>\n<p><strong>Spotkania:<\/strong> BigBlueButton (wymagana rejestracja)<br><\/p>\t\t\t\t\t\t\t\t<\/div>\n\t\t\t\t<\/div>\n\t\t\t\t<section class=\"elementor-section elementor-inner-section elementor-element elementor-element-905cbfc elementor-section-boxed elementor-section-height-default elementor-section-height-default\" data-id=\"905cbfc\" data-element_type=\"section\">\n\t\t\t\t\t\t<div class=\"elementor-container elementor-column-gap-default\">\n\t\t\t\t\t<div class=\"elementor-column elementor-col-50 elementor-inner-column elementor-element elementor-element-49c3847\" data-id=\"49c3847\" data-element_type=\"column\">\n\t\t\t<div class=\"elementor-widget-wrap elementor-element-populated\">\n\t\t\t\t\t\t<div class=\"elementor-element elementor-element-6964134 elementor-button-info elementor-align-center elementor-widget elementor-widget-button\" data-id=\"6964134\" data-element_type=\"widget\" data-widget_type=\"button.default\">\n\t\t\t\t<div class=\"elementor-widget-container\">\n\t\t\t\t\t\t\t\t\t<div class=\"elementor-button-wrapper\">\n\t\t\t\t\t<a class=\"elementor-button elementor-button-link elementor-size-xl\" href=\"http:\/\/scriptores.pl\/efontes\/wydarzenia\/seminarium-wiosna-21\/\" target=\"_blank\">\n\t\t\t\t\t\t<span class=\"elementor-button-content-wrapper\">\n\t\t\t\t\t\t<span class=\"elementor-button-icon\">\n\t\t\t\t<i aria-hidden=\"true\" class=\"far fa-calendar-alt\"><\/i>\t\t\t<\/span>\n\t\t\t\t\t\t\t\t\t<span class=\"elementor-button-text\">Program<\/span>\n\t\t\t\t\t<\/span>\n\t\t\t\t\t<\/a>\n\t\t\t\t<\/div>\n\t\t\t\t\t\t\t\t<\/div>\n\t\t\t\t<\/div>\n\t\t\t\t\t<\/div>\n\t\t<\/div>\n\t\t\t\t<div class=\"elementor-column elementor-col-50 elementor-inner-column elementor-element elementor-element-a2b0e55\" data-id=\"a2b0e55\" data-element_type=\"column\">\n\t\t\t<div class=\"elementor-widget-wrap elementor-element-populated\">\n\t\t\t\t\t\t<div class=\"elementor-element elementor-element-f930895 elementor-button-info elementor-align-center elementor-widget elementor-widget-button\" data-id=\"f930895\" data-element_type=\"widget\" data-widget_type=\"button.default\">\n\t\t\t\t<div class=\"elementor-widget-container\">\n\t\t\t\t\t\t\t\t\t<div class=\"elementor-button-wrapper\">\n\t\t\t\t\t<a class=\"elementor-button elementor-button-link elementor-size-xl\" href=\"http:\/\/scriptores.pl\/efontes\/seminarium-efontes\/rejestracja\/\" target=\"_blank\">\n\t\t\t\t\t\t<span class=\"elementor-button-content-wrapper\">\n\t\t\t\t\t\t<span class=\"elementor-button-icon\">\n\t\t\t\t<i aria-hidden=\"true\" class=\"fas fa-user-circle\"><\/i>\t\t\t<\/span>\n\t\t\t\t\t\t\t\t\t<span class=\"elementor-button-text\">Rejestracja<\/span>\n\t\t\t\t\t<\/span>\n\t\t\t\t\t<\/a>\n\t\t\t\t<\/div>\n\t\t\t\t\t\t\t\t<\/div>\n\t\t\t\t<\/div>\n\t\t\t\t\t<\/div>\n\t\t<\/div>\n\t\t\t\t\t<\/div>\n\t\t<\/section>\n\t\t\t\t\t<\/div>\n\t\t<\/div>\n\t\t\t\t\t<\/div>\n\t\t<\/section>\n\t\t\t\t<\/div>\n\t\t","protected":false},"excerpt":{"rendered":"<p>W semestrze letnim 20\/21 proponujemy Pa\u0144stwu wprowadzenie do u\u017cywanych przez nas metod humanistyki cyfrowej, elektronicznych narz\u0119dzi oraz podstaw pracy z korpusem. Spotyka\u0107 si\u0119 b\u0119dziemy co dwa tygodnie w pi\u0105tki w godz. 17-19, rozpoczynamy ju\u017c 12 marca. Materia\u0142y: Moodle IJP PAN Spotkania: BigBlueButton (wymagana rejestracja) Program Rejestracja SelectStycze\u0144LutyMarzecKwiecie\u0144MajCzerwiecLipiecSierpie\u0144Wrzesie\u0144Pa\u017adziernikListopadGrudzie\u0144Select2019202020212022202320242025 Co miesi\u0105c Co tydzie\u0144 Codziennie Lista Grid Tile [&hellip;]<\/p>\n","protected":false},"author":1,"featured_media":264,"parent":8500,"menu_order":0,"comment_status":"closed","ping_status":"closed","template":"","meta":{"footnotes":""},"class_list":["post-8768","page","type-page","status-publish","has-post-thumbnail","hentry"],"blocksy_meta":[],"aioseo_notices":[],"_links":{"self":[{"href":"https:\/\/scriptores.pl\/efontes\/wp-json\/wp\/v2\/pages\/8768","targetHints":{"allow":["GET"]}}],"collection":[{"href":"https:\/\/scriptores.pl\/efontes\/wp-json\/wp\/v2\/pages"}],"about":[{"href":"https:\/\/scriptores.pl\/efontes\/wp-json\/wp\/v2\/types\/page"}],"author":[{"embeddable":true,"href":"https:\/\/scriptores.pl\/efontes\/wp-json\/wp\/v2\/users\/1"}],"replies":[{"embeddable":true,"href":"https:\/\/scriptores.pl\/efontes\/wp-json\/wp\/v2\/comments?post=8768"}],"version-history":[{"count":0,"href":"https:\/\/scriptores.pl\/efontes\/wp-json\/wp\/v2\/pages\/8768\/revisions"}],"up":[{"embeddable":true,"href":"https:\/\/scriptores.pl\/efontes\/wp-json\/wp\/v2\/pages\/8500"}],"wp:featuredmedia":[{"embeddable":true,"href":"https:\/\/scriptores.pl\/efontes\/wp-json\/wp\/v2\/media\/264"}],"wp:attachment":[{"href":"https:\/\/scriptores.pl\/efontes\/wp-json\/wp\/v2\/media?parent=8768"}],"curies":[{"name":"wp","href":"https:\/\/api.w.org\/{rel}","templated":true}]}}