{"id":361,"date":"2019-11-03T18:56:04","date_gmt":"2019-11-03T17:56:04","guid":{"rendered":"http:\/\/scriptores.pl\/efontes\/?page_id=361"},"modified":"2019-11-07T10:32:35","modified_gmt":"2019-11-07T09:32:35","slug":"i-warsztaty-efontes-2019-mini-granty","status":"publish","type":"page","link":"https:\/\/scriptores.pl\/efontes\/warsztaty\/i-warsztaty-efontes\/i-warsztaty-efontes-2019-mini-granty\/","title":{"rendered":"I warsztaty eFontes (2019): minigranty"},"content":{"rendered":"<h3 style=\"text-align: center;\"><img decoding=\"async\" class=\"wp-image-363 alignleft\" src=\"https:\/\/scriptores.pl\/efontes\/wp-content\/uploads\/sites\/8\/2019\/11\/Fontes-300x100.png\" alt=\"\" width=\"177\" height=\"59\" srcset=\"https:\/\/scriptores.pl\/efontes\/wp-content\/uploads\/sites\/8\/2019\/11\/Fontes-300x100.png 300w, https:\/\/scriptores.pl\/efontes\/wp-content\/uploads\/sites\/8\/2019\/11\/Fontes-768x256.png 768w, https:\/\/scriptores.pl\/efontes\/wp-content\/uploads\/sites\/8\/2019\/11\/Fontes-1024x342.png 1024w, https:\/\/scriptores.pl\/efontes\/wp-content\/uploads\/sites\/8\/2019\/11\/Fontes.png 1366w\" sizes=\"(max-width: 177px) 100vw, 177px\" \/><\/h3>\n<h3 style=\"text-align: center;\">Minigranty konferencyjne (2019)<\/h3>\n<h4>Kto mo\u017ce stara\u0107 si\u0119 o minigrant?<\/h4>\n<p>O minigranty konferencyjne ubiega\u0107 mog\u0105 si\u0119 zar\u00f3wno m\u0142odzi (w tym: doktoranci), jak i do\u015bwiadczeni naukowcy, kt\u00f3rych badania zwi\u0105zane s\u0105 z tematyk\u0105 warsztat\u00f3w (polska \u0142acina \u015bredniowieczna, edycje, w tym cyfrowe, tworzenie i wykorzystanie korpus\u00f3w j\u0119zyk\u00f3w historycznych itd.). Ze wzgl\u0119du na charakter projektu priorytetowo traktujemy zg\u0142oszenia od m\u0142odych badaczy, tj. doktorant\u00f3w oraz doktor\u00f3w do 8 lat po obronie rozprawy.<\/p>\n<h4>Czym jest minigrant?<\/h4>\n<p>W ramach minigrantu zwracamy Uczestnikowi warsztat\u00f3w koszty podr\u00f3\u017cy do Krakowa (2. klas\u0105) oraz noclegu w \u0142\u0105cznej kwocie (tj. za nocleg i podr\u00f3\u017c) <strong>do 500 z\u0142<\/strong>. \u015arodki przekazujemy na konto bankowe Uczestnika <strong>po zako\u0144czeniu warsztat\u00f3w<\/strong> na podstawie: (1) faktury VAT za hotel wystawionej na IJP PAN oraz (2) wykorzystanych bilet\u00f3w.<\/p>\n<h4>Jak ubiega\u0107 si\u0119 o minigrant?<\/h4>\n<p>Aby ubiega\u0107 si\u0119 o <strong>jeden z czterech<\/strong> minigrant\u00f3w, nale\u017cy wype\u0142ni\u0107 <strong>najp\u00f3\u017aniej do 11 listopada 2019 r. (23:59)<\/strong> kr\u00f3tk\u0105 ankiet\u0119, w kt\u00f3rej &#8211; opr\u00f3cz informacji personalnych &#8211; nale\u017cy kr\u00f3tko opisa\u0107, jak uczestnictwo w warsztatach \u0142\u0105czy si\u0119 z zainteresowaniami badawczymi lub (w przypadku m\u0142odych badaczy) jak mo\u017ce pom\u00f3c w rozwoju kariery naukowej.<\/p>\n<p><a href=\"https:\/\/ankiety.ijp.pan.pl\/index.php\/829589?lang=pl\" target=\"_blank\" rel=\"noopener noreferrer\">Wype\u0142nij ankiet\u0119<\/a><\/p>\n<p>Decyzje w sprawie przyznania minigrant\u00f3w lub te\u017c przeniesienia na list\u0119 rezerwow\u0105 przyznawa\u0107 b\u0119dziemy na bie\u017c\u0105co, wedle zasady &#8222;kto pierwszy, ten lepszy&#8221;. O ostatecznej decyzji poinformujemy Uczestnika <strong>do 12 listopada 2019 r.<\/strong>. Wyniki post\u0119powania opublikujemy na stronie Projektu.<\/p>\n<h4>Czego oczekujemy?<\/h4>\n<p>Warunkiem refundacji jest <strong>uczestnictwo w dw\u00f3ch dniach obrad<\/strong> potwierdzone podpisem na li\u015bcie obecno\u015bci. Niestety, nie zwracamy \u015brodk\u00f3w poniesionych w wyniku odwo\u0142ania przyjazdu (niezale\u017cnie od przyczyny).<\/p>\n<p>Mamy nadziej\u0119, \u017ce dzi\u0119ki minigrantowi Uczestnik warsztat\u00f3w b\u0119dzie uczestniczy\u0142 w dyskusjach oraz nawi\u0105\u017ce kontakty z uczestnicz\u0105cymi w nich badaczami. Po zako\u0144czeniu warsztat\u00f3w poprosimy Uczestnik\u00f3w o podzielenie si\u0119 z nami swoimi wra\u017ceniami lub sugestiami.<\/p>\n","protected":false},"excerpt":{"rendered":"<p>Minigranty konferencyjne (2019) Kto mo\u017ce stara\u0107 si\u0119 o minigrant? O minigranty konferencyjne ubiega\u0107 mog\u0105 si\u0119 zar\u00f3wno m\u0142odzi (w tym: doktoranci), jak i do\u015bwiadczeni naukowcy, kt\u00f3rych badania zwi\u0105zane s\u0105 z tematyk\u0105 warsztat\u00f3w (polska \u0142acina \u015bredniowieczna, edycje, w tym cyfrowe, tworzenie i wykorzystanie korpus\u00f3w j\u0119zyk\u00f3w historycznych itd.). Ze wzgl\u0119du na charakter projektu priorytetowo traktujemy zg\u0142oszenia od m\u0142odych [&hellip;]<\/p>\n","protected":false},"author":1,"featured_media":0,"parent":283,"menu_order":0,"comment_status":"closed","ping_status":"closed","template":"","meta":{"footnotes":""},"class_list":["post-361","page","type-page","status-publish","hentry"],"blocksy_meta":[],"aioseo_notices":[],"_links":{"self":[{"href":"https:\/\/scriptores.pl\/efontes\/wp-json\/wp\/v2\/pages\/361","targetHints":{"allow":["GET"]}}],"collection":[{"href":"https:\/\/scriptores.pl\/efontes\/wp-json\/wp\/v2\/pages"}],"about":[{"href":"https:\/\/scriptores.pl\/efontes\/wp-json\/wp\/v2\/types\/page"}],"author":[{"embeddable":true,"href":"https:\/\/scriptores.pl\/efontes\/wp-json\/wp\/v2\/users\/1"}],"replies":[{"embeddable":true,"href":"https:\/\/scriptores.pl\/efontes\/wp-json\/wp\/v2\/comments?post=361"}],"version-history":[{"count":0,"href":"https:\/\/scriptores.pl\/efontes\/wp-json\/wp\/v2\/pages\/361\/revisions"}],"up":[{"embeddable":true,"href":"https:\/\/scriptores.pl\/efontes\/wp-json\/wp\/v2\/pages\/283"}],"wp:attachment":[{"href":"https:\/\/scriptores.pl\/efontes\/wp-json\/wp\/v2\/media?parent=361"}],"curies":[{"name":"wp","href":"https:\/\/api.w.org\/{rel}","templated":true}]}}