{"id":2602,"date":"2020-11-27T11:27:49","date_gmt":"2020-11-27T10:27:49","guid":{"rendered":"http:\/\/scriptores.pl\/efontes\/?page_id=2602"},"modified":"2020-11-27T12:41:12","modified_gmt":"2020-11-27T11:41:12","slug":"registration-for-english-papers","status":"publish","type":"page","link":"https:\/\/scriptores.pl\/efontes\/warsztaty\/ii-warsztaty-efontes-2020\/rejestracja-uczestnikow\/registration-for-english-papers\/","title":{"rendered":"Registration for English session only"},"content":{"rendered":"<noscript class=\"ninja-forms-noscript-message\">\n\tUwaga: ta zawarto\u015b\u0107 wymaga obs\u0142ugi j\u0119zyka JavaScript.<\/noscript>\n<div id=\"nf-form-8-cont\" class=\"nf-form-cont\" aria-live=\"polite\" aria-labelledby=\"nf-form-title-8\" aria-describedby=\"nf-form-errors-8\" role=\"form\">\n\n    <div class=\"nf-loading-spinner\"><\/div>\n\n<\/div>\n        <!-- That data is being printed as a workaround to page builders reordering the order of the scripts loaded-->\n        <script>var formDisplay=1;var nfForms=nfForms||[];var form=[];form.id='8';form.settings={\"objectType\":\"Form Setting\",\"editActive\":true,\"title\":\"Event Registration - Papers in English\",\"created_at\":\"2020-11-27 11:10:25\",\"form_title\":\"Event Registration\",\"default_label_pos\":\"above\",\"show_title\":\"0\",\"clear_complete\":\"1\",\"hide_complete\":\"1\",\"logged_in\":\"0\",\"key\":\"\",\"wrapper_class\":\"\",\"element_class\":\"\",\"add_submit\":\"0\",\"not_logged_in_msg\":\"\",\"sub_limit_number\":\"\",\"sub_limit_msg\":\"\",\"calculations\":[],\"formContentData\":[\"event_intro_description\",\"hr\",\"first_name_1606471849103\",\"last_name_1606471856750\",\"email_1606471867080\",\"institution_1606471873480\",\"hr_1\",\"papers_in_english_1606471959950\",\"i_have_read_zoom_s_privacy_policy_1606472722781\",\"hr_2\",\"rejestracja_1605564356322\"],\"currency\":\"\",\"unique_field_error\":\"A form with this value has already been submitted.\",\"changeEmailErrorMsg\":\"Wprowad\\u017a prawid\\u0142owy adres e-mail!\",\"changeDateErrorMsg\":\"Prosz\\u0119 wpisa\\u0107 prawid\\u0142ow\\u0105 dat\\u0119!\",\"confirmFieldErrorMsg\":\"Te pola musz\\u0105 si\\u0119 zgadza\\u0107!\",\"fieldNumberNumMinError\":\"B\\u0142\\u0105d \\u2014 liczba minimalna\",\"fieldNumberNumMaxError\":\"B\\u0142\\u0105d \\u2014 liczba maksymalna\",\"fieldNumberIncrementBy\":\"Zwi\\u0119ksz o \",\"formErrorsCorrectErrors\":\"Popraw b\\u0142\\u0119dy, zanim prze\\u015blesz formularz.\",\"validateRequiredField\":\"To jest wymagane pole.\",\"honeypotHoneypotError\":\"B\\u0142\\u0105d Honeypot\",\"fieldsMarkedRequired\":\"Pola oznaczone znakiem <span class=\\\"ninja-forms-req-symbol\\\">*<\\\/span> s\\u0105 wymagane\",\"drawerDisabled\":false,\"allow_public_link\":0,\"public_link\":\"https:\\\/\\\/scriptores.pl\\\/efontes\\\/ninja-forms\\\/8dafr\",\"embed_form\":\"\",\"public_link_key\":\"8dafr\",\"ninjaForms\":\"Ninja Forms\",\"fieldTextareaRTEInsertLink\":\"Wstaw odno\\u015bnik\",\"fieldTextareaRTEInsertMedia\":\"Wstaw media\",\"fieldTextareaRTESelectAFile\":\"Wybierz plik\",\"formHoneypot\":\"Je\\u015bli jeste\\u015b cz\\u0142owiekiem i widzisz to pole, nie wype\\u0142niaj go.\",\"fileUploadOldCodeFileUploadInProgress\":\"Przesy\\u0142anie pliku w toku.\",\"fileUploadOldCodeFileUpload\":\"PRZESY\\u0141ANIE PLIKU\",\"currencySymbol\":\"&#36;\",\"thousands_sep\":\"&nbsp;\",\"decimal_point\":\",\",\"siteLocale\":\"pl_PL\",\"dateFormat\":\"m\\\/d\\\/Y\",\"startOfWeek\":\"1\",\"of\":\"z\",\"previousMonth\":\"Poprzedni miesi\\u0105c\",\"nextMonth\":\"Nast\\u0119pny miesi\\u0105c\",\"months\":[\"Stycze\\u0144\",\"Luty\",\"Marzec\",\"Kwiecie\\u0144\",\"Maj\",\"Czerwiec\",\"Lipiec\",\"Sierpie\\u0144\",\"Wrzesie\\u0144\",\"Pa\\u017adziernik\",\"Listopad\",\"Grudzie\\u0144\"],\"monthsShort\":[\"Sty\",\"Lut\",\"Mar\",\"Kw\",\"Maj\",\"Cze\",\"Lip\",\"Sie\",\"Wrz\",\"Pa\\u017a\",\"Lis\",\"Gru\"],\"weekdays\":[\"Niedziela\",\"Poniedzia\\u0142ek\",\"Wtorek\",\"\\u015aroda\",\"Czwartek\",\"Pi\\u0105tek\",\"Sobota\"],\"weekdaysShort\":[\"Niedz\",\"Pon\",\"Wt\",\"\\u015ar\",\"Czw\",\"Pt\",\"Sob\"],\"weekdaysMin\":[\"Niedz\",\"Pon\",\"Wt\",\"\\u015ar\",\"Czw\",\"Pt\",\"Sob\"],\"recaptchaConsentMissing\":\"reCaptcha validation couldn&#039;t load.\",\"recaptchaMissingCookie\":\"reCaptcha v3 validation couldn&#039;t load the cookie needed to submit the form.\",\"recaptchaConsentEvent\":\"Accept reCaptcha cookies before sending the form.\",\"currency_symbol\":\"\",\"beforeForm\":\"\",\"beforeFields\":\"\",\"afterFields\":\"\",\"afterForm\":\"\"};form.fields=[{\"objectType\":\"Field\",\"objectDomain\":\"fields\",\"editActive\":false,\"order\":1,\"label\":\"Event Intro Description\",\"key\":\"event_intro_description\",\"type\":\"html\",\"created_at\":\"2016-08-28 16:16:05\",\"default\":\"<h3 align=\\\"center\\\"><span style=\\\"font-weight: normal;\\\">2nd efontes workshop<br><\\\/span><\\\/h3><h4 align=\\\"center\\\"><span style=\\\"font-weight: normal;\\\">Borders, turning points and periods in the Latin writing of the Polish Middle Ages<\\\/span><em><br><\\\/em><\\\/h4><h5 align=\\\"center\\\"><span style=\\\"font-weight: normal;\\\">3-4 December, 2020<br><\\\/span><\\\/h5><p align=\\\"center\\\"><br><\\\/p>\",\"container_class\":\"\",\"element_class\":\"\",\"field_label\":\"Event Intro Description\",\"field_key\":\"event_intro_description\",\"drawerDisabled\":false,\"id\":71,\"beforeField\":\"\",\"afterField\":\"\",\"value\":\"<h3 align=\\\"center\\\"><span style=\\\"font-weight: normal;\\\">2nd efontes workshop<br><\\\/span><\\\/h3><h4 align=\\\"center\\\"><span style=\\\"font-weight: normal;\\\">Borders, turning points and periods in the Latin writing of the Polish Middle Ages<\\\/span><em><br><\\\/em><\\\/h4><h5 align=\\\"center\\\"><span style=\\\"font-weight: normal;\\\">3-4 December, 2020<br><\\\/span><\\\/h5><p align=\\\"center\\\"><br><\\\/p>\",\"label_pos\":\"above\",\"parentType\":\"html\",\"element_templates\":[\"html\",\"input\"],\"old_classname\":\"\",\"wrap_template\":\"wrap\"},{\"objectType\":\"Field\",\"objectDomain\":\"fields\",\"editActive\":false,\"order\":2,\"label\":\"Divider\",\"key\":\"hr\",\"type\":\"hr\",\"created_at\":\"2016-08-28 16:16:05\",\"container_class\":\"\",\"element_class\":\"\",\"field_label\":\"Divider\",\"field_key\":\"hr\",\"id\":72,\"beforeField\":\"\",\"afterField\":\"\",\"value\":\"\",\"label_pos\":\"above\",\"parentType\":\"hr\",\"element_templates\":[\"hr\",\"input\"],\"old_classname\":\"\",\"wrap_template\":\"wrap\"},{\"objectType\":\"Field\",\"objectDomain\":\"fields\",\"editActive\":false,\"order\":3,\"label\":\"First Name\",\"key\":\"first_name_1606471849103\",\"type\":\"firstname\",\"created_at\":\"2016-08-28 16:16:05\",\"label_pos\":\"above\",\"required\":1,\"default\":\"\",\"placeholder\":\"\",\"container_class\":\"one-half first\",\"element_class\":\"\",\"admin_label\":\"\",\"help_text\":\"\",\"desc_text\":\"\",\"field_label\":\"Imi\\u0119\",\"field_key\":\"imie_1605563615352\",\"custom_name_attribute\":\"fname\",\"personally_identifiable\":1,\"value\":\"\",\"drawerDisabled\":false,\"id\":73,\"beforeField\":\"\",\"afterField\":\"\",\"parentType\":\"firstname\",\"element_templates\":[\"firstname\",\"input\"],\"old_classname\":\"\",\"wrap_template\":\"wrap\"},{\"objectType\":\"Field\",\"objectDomain\":\"fields\",\"editActive\":false,\"order\":4,\"label\":\"Last name\",\"key\":\"last_name_1606471856750\",\"type\":\"lastname\",\"created_at\":\"2016-08-28 16:16:05\",\"label_pos\":\"above\",\"required\":1,\"default\":\"\",\"placeholder\":\"\",\"container_class\":\"one-half\",\"element_class\":\"\",\"admin_label\":\"\",\"help_text\":\"\",\"desc_text\":\"\",\"field_label\":\"Nazwisko\",\"field_key\":\"nazwisko_1605563625214\",\"custom_name_attribute\":\"lname\",\"personally_identifiable\":1,\"value\":\"\",\"drawerDisabled\":false,\"id\":74,\"beforeField\":\"\",\"afterField\":\"\",\"parentType\":\"lastname\",\"element_templates\":[\"lastname\",\"input\"],\"old_classname\":\"\",\"wrap_template\":\"wrap\"},{\"objectType\":\"Field\",\"objectDomain\":\"fields\",\"editActive\":false,\"order\":5,\"label\":\"Email\",\"key\":\"email_1606471867080\",\"type\":\"email\",\"created_at\":\"2016-08-28 16:16:05\",\"label_pos\":\"above\",\"required\":1,\"default\":\"\",\"placeholder\":\"\",\"container_class\":\"one-half first\",\"element_class\":\"\",\"admin_label\":\"\",\"help_text\":\"\",\"desc_text\":\"\",\"field_label\":\"Adres e-mail\",\"field_key\":\"adres_e-mail_1605563633256\",\"custom_name_attribute\":\"email\",\"personally_identifiable\":1,\"value\":\"\",\"drawerDisabled\":false,\"id\":75,\"beforeField\":\"\",\"afterField\":\"\",\"parentType\":\"email\",\"element_templates\":[\"email\",\"input\"],\"old_classname\":\"\",\"wrap_template\":\"wrap\"},{\"objectType\":\"Field\",\"objectDomain\":\"fields\",\"editActive\":false,\"order\":6,\"label\":\"Institution\",\"key\":\"institution_1606471873480\",\"type\":\"lastname\",\"created_at\":\"2016-08-28 16:16:05\",\"label_pos\":\"above\",\"required\":0,\"default\":\"\",\"placeholder\":\"\",\"container_class\":\"one-half\",\"element_class\":\"\",\"admin_label\":\"\",\"help_text\":\"\",\"desc_text\":\"\",\"field_label\":\"Afiliacja\",\"field_key\":\"afiliacja_1605563660388\",\"custom_name_attribute\":\"lname\",\"personally_identifiable\":1,\"value\":\"\",\"drawerDisabled\":false,\"id\":79,\"beforeField\":\"\",\"afterField\":\"\",\"parentType\":\"lastname\",\"element_templates\":[\"lastname\",\"input\"],\"old_classname\":\"\",\"wrap_template\":\"wrap\"},{\"objectType\":\"Field\",\"objectDomain\":\"fields\",\"editActive\":false,\"order\":7,\"label\":\"Divider\",\"key\":\"hr_1\",\"type\":\"hr\",\"created_at\":\"2016-08-28 16:16:05\",\"container_class\":\"\",\"element_class\":\"\",\"field_label\":\"Divider\",\"field_key\":\"hr_1\",\"id\":76,\"beforeField\":\"\",\"afterField\":\"\",\"value\":\"\",\"label_pos\":\"above\",\"parentType\":\"hr\",\"element_templates\":[\"hr\",\"input\"],\"old_classname\":\"\",\"wrap_template\":\"wrap\"},{\"objectType\":\"Field\",\"objectDomain\":\"fields\",\"editActive\":false,\"order\":8,\"label\":\"Papers in English\",\"type\":\"listcheckbox\",\"key\":\"papers_in_english_1606471959950\",\"label_pos\":\"above\",\"required\":1,\"options\":[{\"errors\":[],\"max_options\":0,\"label\":\"Matylda W\\u0142odarczyk, El\\u017cbieta Adamczyk, Tagging discourse boundaries and code-switching in the Electronic Repository of Greater Poland Oaths (eROThA, 1386-1446) (12:15 AM \\u2013 1:00 PM Warsaw time)\",\"value\":\"2\",\"calc\":\"\",\"selected\":0,\"order\":0,\"settingModel\":{\"settings\":false,\"hide_merge_tags\":false,\"error\":false,\"name\":\"options\",\"type\":\"option-repeater\",\"label\":\"Ustawienia <a href=\\\"#\\\" class=\\\"nf-add-new\\\">Dodaj nowe<\\\/a> <a href=\\\"#\\\" class=\\\"extra nf-open-import-tooltip\\\"><i class=\\\"fa fa-sign-in\\\" aria-hidden=\\\"true\\\"><\\\/i> Import<\\\/a>\",\"width\":\"full\",\"group\":\"\",\"value\":[{\"label\":\"Jeden\",\"value\":\"jeden\",\"calc\":\"\",\"selected\":0,\"order\":0},{\"label\":\"Dwa\",\"value\":\"dwa\",\"calc\":\"\",\"selected\":0,\"order\":1},{\"label\":\"Trzy\",\"value\":\"trzy\",\"calc\":\"\",\"selected\":0,\"order\":2}],\"columns\":{\"label\":{\"header\":\"Etykieta\",\"default\":\"\"},\"value\":{\"header\":\"Warto\\u015b\\u0107\",\"default\":\"\"},\"calc\":{\"header\":\"Warto\\u015b\\u0107 obliczenia\",\"default\":\"\"},\"selected\":{\"header\":\"<span class=\\\"dashicons dashicons-yes\\\"><\\\/span>\",\"default\":0}}},\"manual_value\":true},{\"errors\":[],\"max_options\":0,\"label\":\"Emilia Jamroziak, Conceptualization of boundaries and turning points in Cistercian historiography of the 20th and 21st century (1:45 PM \\u2013 2:45 PM Warsaw time)\",\"value\":\"1\",\"calc\":\"\",\"selected\":0,\"order\":1,\"settingModel\":{\"settings\":false,\"hide_merge_tags\":false,\"error\":false,\"name\":\"options\",\"type\":\"option-repeater\",\"label\":\"Ustawienia <a href=\\\"#\\\" class=\\\"nf-add-new\\\">Dodaj nowe<\\\/a> <a href=\\\"#\\\" class=\\\"extra nf-open-import-tooltip\\\"><i class=\\\"fa fa-sign-in\\\" aria-hidden=\\\"true\\\"><\\\/i> Import<\\\/a>\",\"width\":\"full\",\"group\":\"\",\"value\":[{\"label\":\"Jeden\",\"value\":\"jeden\",\"calc\":\"\",\"selected\":0,\"order\":0},{\"label\":\"Dwa\",\"value\":\"dwa\",\"calc\":\"\",\"selected\":0,\"order\":1},{\"label\":\"Trzy\",\"value\":\"trzy\",\"calc\":\"\",\"selected\":0,\"order\":2}],\"columns\":{\"label\":{\"header\":\"Etykieta\",\"default\":\"\"},\"value\":{\"header\":\"Warto\\u015b\\u0107\",\"default\":\"\"},\"calc\":{\"header\":\"Warto\\u015b\\u0107 obliczenia\",\"default\":\"\"},\"selected\":{\"header\":\"<span class=\\\"dashicons dashicons-yes\\\"><\\\/span>\",\"default\":0}}},\"manual_value\":true}],\"container_class\":\"\",\"element_class\":\"\",\"admin_label\":\"\",\"help_text\":\"<br>\",\"drawerDisabled\":false,\"desc_text\":\"<p><span id=\\\"nf-drawer-content\\\"><span class=\\\"nf-setting-groups\\\"><span class=\\\"nf-field-settings\\\"><span class=\\\"nf-field-sub-settings\\\"><\\\/span><\\\/span><\\\/span><\\\/span><\\\/p><p><b>Conference programme<\\\/b><br><\\\/p><p><a href=\\\"https:\\\/\\\/scriptores.pl\\\/efontes\\\/en\\\/warsztaty\\\/ii-warsztaty-efontes-2020\\\/program-ii-warsztatow-efontes-2020\\\/\\\">https:\\\/\\\/scriptores.pl\\\/efontes\\\/en\\\/warsztaty\\\/ii-warsztaty-efontes-2020\\\/program-ii-warsztatow-efontes-2020\\\/<\\\/a><a href=\\\"Program konferencji: https:\\\/\\\/scriptores.pl\\\/efontes\\\/warsztaty\\\/ii-warsztaty-efontes-2020\\\/program-ii-warsztatow-efontes-2020\\\/\\\"><\\\/a><\\\/p><p>Please mind the time zone: <a href=\\\"https:\\\/\\\/time.is\\\/en\\\/Warsaw\\\">https:\\\/\\\/time.is\\\/en\\\/Warsaw<\\\/a><br><br><\\\/p><br><p><\\\/p>\",\"field_label\":\"Zamierzam uczestniczy\\u0107 w nast\\u0119puj\\u0105cych sesjach:\",\"field_key\":\"zamierzam_uczestniczyc_w_nastepujacych_sesjach_1605563908897\",\"id\":80,\"beforeField\":\"\",\"afterField\":\"\",\"value\":\"\",\"parentType\":\"list\",\"element_templates\":[\"listcheckbox\",\"input\"],\"old_classname\":\"list-checkbox\",\"wrap_template\":\"wrap\"},{\"objectType\":\"Field\",\"objectDomain\":\"fields\",\"editActive\":false,\"order\":9,\"label\":\" I have read Zoom's privacy policy\",\"type\":\"listradio\",\"key\":\"i_have_read_zoom_s_privacy_policy_1606472722781\",\"label_pos\":\"above\",\"required\":1,\"options\":[{\"errors\":[],\"max_options\":0,\"label\":\"YES\",\"value\":\"TAK\",\"calc\":\"\",\"selected\":0,\"order\":0,\"settingModel\":{\"settings\":false,\"hide_merge_tags\":false,\"error\":false,\"name\":\"options\",\"type\":\"option-repeater\",\"label\":\"Ustawienia <a href=\\\"#\\\" class=\\\"nf-add-new\\\">Dodaj nowe<\\\/a> <a href=\\\"#\\\" class=\\\"extra nf-open-import-tooltip\\\"><i class=\\\"fa fa-sign-in\\\" aria-hidden=\\\"true\\\"><\\\/i> Import<\\\/a>\",\"width\":\"full\",\"group\":\"\",\"value\":[{\"label\":\"Jeden\",\"value\":\"jeden\",\"calc\":\"\",\"selected\":0,\"order\":0},{\"label\":\"Dwa\",\"value\":\"dwa\",\"calc\":\"\",\"selected\":0,\"order\":1},{\"label\":\"Trzy\",\"value\":\"trzy\",\"calc\":\"\",\"selected\":0,\"order\":2}],\"columns\":{\"label\":{\"header\":\"Etykieta\",\"default\":\"\"},\"value\":{\"header\":\"Warto\\u015b\\u0107\",\"default\":\"\"},\"calc\":{\"header\":\"Warto\\u015b\\u0107 obliczenia\",\"default\":\"\"},\"selected\":{\"header\":\"<span class=\\\"dashicons dashicons-yes\\\"><\\\/span>\",\"default\":0}}},\"manual_value\":true},{\"errors\":[],\"max_options\":0,\"label\":\"NO\",\"value\":\"NIE\",\"calc\":\"\",\"selected\":0,\"order\":1,\"settingModel\":{\"settings\":false,\"hide_merge_tags\":false,\"error\":false,\"name\":\"options\",\"type\":\"option-repeater\",\"label\":\"Ustawienia <a href=\\\"#\\\" class=\\\"nf-add-new\\\">Dodaj nowe<\\\/a> <a href=\\\"#\\\" class=\\\"extra nf-open-import-tooltip\\\"><i class=\\\"fa fa-sign-in\\\" aria-hidden=\\\"true\\\"><\\\/i> Import<\\\/a>\",\"width\":\"full\",\"group\":\"\",\"value\":[{\"label\":\"Jeden\",\"value\":\"jeden\",\"calc\":\"\",\"selected\":0,\"order\":0},{\"label\":\"Dwa\",\"value\":\"dwa\",\"calc\":\"\",\"selected\":0,\"order\":1},{\"label\":\"Trzy\",\"value\":\"trzy\",\"calc\":\"\",\"selected\":0,\"order\":2}],\"columns\":{\"label\":{\"header\":\"Etykieta\",\"default\":\"\"},\"value\":{\"header\":\"Warto\\u015b\\u0107\",\"default\":\"\"},\"calc\":{\"header\":\"Warto\\u015b\\u0107 obliczenia\",\"default\":\"\"},\"selected\":{\"header\":\"<span class=\\\"dashicons dashicons-yes\\\"><\\\/span>\",\"default\":0}}},\"manual_value\":true}],\"container_class\":\"\",\"element_class\":\"\",\"admin_label\":\"\",\"help_text\":\"<p><br><\\\/p>\",\"desc_text\":\"<p><a href=\\\"https:\\\/\\\/zoom.us\\\/gdpr\\\">https:\\\/\\\/zoom.us\\\/gdpr<\\\/a><br><\\\/p>\",\"drawerDisabled\":false,\"field_label\":\" Zapozna\\u0142em\\\/am si\\u0119 z zasadami przetwarzania danych przez program Zoom \",\"field_key\":\"zapoznalem_am_sie_z_zasadami_przetwarzania_danych_przez_program_zoom_1605564229713\",\"id\":87,\"beforeField\":\"\",\"afterField\":\"\",\"value\":\"\",\"parentType\":\"list\",\"element_templates\":[\"listradio\",\"input\"],\"old_classname\":\"list-radio\",\"wrap_template\":\"wrap\"},{\"objectType\":\"Field\",\"objectDomain\":\"fields\",\"editActive\":false,\"order\":10,\"label\":\"Divider\",\"key\":\"hr_2\",\"type\":\"hr\",\"created_at\":\"2016-08-28 16:16:05\",\"container_class\":\"\",\"element_class\":\"\",\"field_label\":\"Divider\",\"field_key\":\"hr_2\",\"id\":77,\"beforeField\":\"\",\"afterField\":\"\",\"value\":\"\",\"label_pos\":\"above\",\"parentType\":\"hr\",\"element_templates\":[\"hr\",\"input\"],\"old_classname\":\"\",\"wrap_template\":\"wrap\"},{\"objectType\":\"Field\",\"objectDomain\":\"fields\",\"editActive\":false,\"order\":14,\"label\":\"Rejestracja\",\"key\":\"rejestracja_1605564356322\",\"type\":\"submit\",\"created_at\":\"2016-08-28 16:16:05\",\"processing_label\":\"Processing\",\"container_class\":\"\",\"element_class\":\"\",\"field_label\":\"Rejestracja\",\"field_key\":\"rejestracja_1605564356322\",\"drawerDisabled\":\"\",\"id\":78,\"beforeField\":\"\",\"afterField\":\"\",\"value\":\"\",\"label_pos\":\"above\",\"parentType\":\"textbox\",\"element_templates\":[\"submit\",\"button\",\"input\"],\"old_classname\":\"\",\"wrap_template\":\"wrap-no-label\"}];nfForms.push(form);<\/script>\n        \n","protected":false},"excerpt":{"rendered":"","protected":false},"author":1,"featured_media":0,"parent":1650,"menu_order":0,"comment_status":"closed","ping_status":"closed","template":"","meta":{"footnotes":""},"class_list":["post-2602","page","type-page","status-publish","hentry"],"blocksy_meta":[],"aioseo_notices":[],"_links":{"self":[{"href":"https:\/\/scriptores.pl\/efontes\/wp-json\/wp\/v2\/pages\/2602","targetHints":{"allow":["GET"]}}],"collection":[{"href":"https:\/\/scriptores.pl\/efontes\/wp-json\/wp\/v2\/pages"}],"about":[{"href":"https:\/\/scriptores.pl\/efontes\/wp-json\/wp\/v2\/types\/page"}],"author":[{"embeddable":true,"href":"https:\/\/scriptores.pl\/efontes\/wp-json\/wp\/v2\/users\/1"}],"replies":[{"embeddable":true,"href":"https:\/\/scriptores.pl\/efontes\/wp-json\/wp\/v2\/comments?post=2602"}],"version-history":[{"count":0,"href":"https:\/\/scriptores.pl\/efontes\/wp-json\/wp\/v2\/pages\/2602\/revisions"}],"up":[{"embeddable":true,"href":"https:\/\/scriptores.pl\/efontes\/wp-json\/wp\/v2\/pages\/1650"}],"wp:attachment":[{"href":"https:\/\/scriptores.pl\/efontes\/wp-json\/wp\/v2\/media?parent=2602"}],"curies":[{"name":"wp","href":"https:\/\/api.w.org\/{rel}","templated":true}]}}