{"id":26,"date":"2018-07-12T18:56:03","date_gmt":"2018-07-12T16:56:03","guid":{"rendered":"http:\/\/scriptores.pl\/fontes\/?page_id=26"},"modified":"2020-10-25T19:56:37","modified_gmt":"2020-10-25T18:56:37","slug":"publikacje","status":"publish","type":"page","link":"https:\/\/scriptores.pl\/efontes\/publikacje\/","title":{"rendered":"Publikacje"},"content":{"rendered":"<h6 align=\"justify\">Opis za\u0142o\u017ce\u0144 i prac nad pierwsz\u0105 wersj\u0105 korpusu<\/h6>\n<p class=\"western\" align=\"justify\">Krzysztof <b>Nowak<\/b>, Fontes Mediae et Infimae Latinitatis Polonorum.<a href=\"https:\/\/polonica.ijp.pan.pl\/downloads\/volumes\/34\/8.pdf\"><i> Z prac nad korpusem polskiej \u0142aciny \u015bredniowiecznej<\/i><\/a>, Polonica 34\/2014, ss. 105-114, ISSN 0137-9712.<\/p>\n","protected":false},"excerpt":{"rendered":"<p>Opis za\u0142o\u017ce\u0144 i prac nad korpusem<\/p>\n","protected":false},"author":1,"featured_media":0,"parent":0,"menu_order":0,"comment_status":"closed","ping_status":"closed","template":"","meta":{"footnotes":""},"class_list":["post-26","page","type-page","status-publish","hentry"],"blocksy_meta":[],"aioseo_notices":[],"_links":{"self":[{"href":"https:\/\/scriptores.pl\/efontes\/wp-json\/wp\/v2\/pages\/26","targetHints":{"allow":["GET"]}}],"collection":[{"href":"https:\/\/scriptores.pl\/efontes\/wp-json\/wp\/v2\/pages"}],"about":[{"href":"https:\/\/scriptores.pl\/efontes\/wp-json\/wp\/v2\/types\/page"}],"author":[{"embeddable":true,"href":"https:\/\/scriptores.pl\/efontes\/wp-json\/wp\/v2\/users\/1"}],"replies":[{"embeddable":true,"href":"https:\/\/scriptores.pl\/efontes\/wp-json\/wp\/v2\/comments?post=26"}],"version-history":[{"count":0,"href":"https:\/\/scriptores.pl\/efontes\/wp-json\/wp\/v2\/pages\/26\/revisions"}],"wp:attachment":[{"href":"https:\/\/scriptores.pl\/efontes\/wp-json\/wp\/v2\/media?parent=26"}],"curies":[{"name":"wp","href":"https:\/\/api.w.org\/{rel}","templated":true}]}}