{"id":22,"date":"2018-07-12T18:55:35","date_gmt":"2018-07-12T16:55:35","guid":{"rendered":"http:\/\/scriptores.pl\/fontes\/?page_id=22"},"modified":"2020-10-25T19:52:44","modified_gmt":"2020-10-25T18:52:44","slug":"zespol","status":"publish","type":"page","link":"https:\/\/scriptores.pl\/efontes\/zespol\/","title":{"rendered":"Zesp\u00f3\u0142"},"content":{"rendered":"<p><strong>Kierownik projektu<\/strong><br \/>\n<a href=\"https:\/\/ijp.pan.pl\/pracownicy\/krzysztof-nowak\">dr Krzysztof Nowak<\/a><\/p>\n<p><strong>Opieka nad prac\u0105 doktorsk\u0105<\/strong><br \/>\n<a href=\"https:\/\/ijp.pan.pl\/pracownicy\/michal-rzepiela\">dr hab. Micha\u0142 Rzepiela, prof. IJP PAN<\/a><\/p>\n<p><strong>Doktorant<\/strong><\/p>\n<p><a href=\"https:\/\/ijp.pan.pl\/pracownicy\/lukasz-halida\">mgr \u0141ukasz Halida<\/a><\/p>\n<p><strong>Anotatorzy<\/strong><\/p>\n<p>1. Anotacja struktury i tre\u015bci, korekta OCR (2018-)<\/p>\n<ul>\n<li>mgr Hanna Lesner (UG, od 2019)<\/li>\n<li>mgr Micha\u0142 Kulpa (WH UJ)<\/li>\n<li>mgr Piotr Ma\u0142ek (IBL PAN)<\/li>\n<li><a href=\"https:\/\/filozof.uni.lodz.pl\/staff\/dr-monika-mansfeld\/\">dr Monika Mansfeld<\/a> (IF U\u0141)<\/li>\n<li>mgr \u0141ukasz Tomanek (U\u015a)<\/li>\n<li><a href=\"https:\/\/www.ifk.uw.edu.pl\/instytut\/pracownicy\/katarzyna-wojtalik,141.html\">mgr Katarzyna Wojtalik<\/a> (IFK UW)<\/li>\n<\/ul>\n<p><strong>Infrastruktura serwerowa, doradztwo IT<br \/>\n<\/strong><\/p>\n<ul>\n<li><a href=\"https:\/\/ijp.pan.pl\/pracownicy\/bartlomiej-borek\">mgr in\u017c. Bart\u0142omiej Borek<\/a> (IJP PAN)<\/li>\n<\/ul>\n","protected":false},"excerpt":{"rendered":"<p>W projekcie udzia\u0142 bior\u0105 3 osoby oraz zesp\u00f3\u0142 anotator\u00f3w.<\/p>\n","protected":false},"author":1,"featured_media":0,"parent":0,"menu_order":0,"comment_status":"closed","ping_status":"closed","template":"template-fullwidth.php","meta":{"footnotes":""},"class_list":["post-22","page","type-page","status-publish","hentry"],"blocksy_meta":[],"aioseo_notices":[],"_links":{"self":[{"href":"https:\/\/scriptores.pl\/efontes\/wp-json\/wp\/v2\/pages\/22","targetHints":{"allow":["GET"]}}],"collection":[{"href":"https:\/\/scriptores.pl\/efontes\/wp-json\/wp\/v2\/pages"}],"about":[{"href":"https:\/\/scriptores.pl\/efontes\/wp-json\/wp\/v2\/types\/page"}],"author":[{"embeddable":true,"href":"https:\/\/scriptores.pl\/efontes\/wp-json\/wp\/v2\/users\/1"}],"replies":[{"embeddable":true,"href":"https:\/\/scriptores.pl\/efontes\/wp-json\/wp\/v2\/comments?post=22"}],"version-history":[{"count":0,"href":"https:\/\/scriptores.pl\/efontes\/wp-json\/wp\/v2\/pages\/22\/revisions"}],"wp:attachment":[{"href":"https:\/\/scriptores.pl\/efontes\/wp-json\/wp\/v2\/media?parent=22"}],"curies":[{"name":"wp","href":"https:\/\/api.w.org\/{rel}","templated":true}]}}