{"id":191,"date":"2019-02-18T09:50:18","date_gmt":"2019-02-18T08:50:18","guid":{"rendered":"http:\/\/scriptores.pl\/efontes\/?page_id=191"},"modified":"2021-04-22T11:22:16","modified_gmt":"2021-04-22T09:22:16","slug":"warsztaty","status":"publish","type":"page","link":"https:\/\/scriptores.pl\/efontes\/warsztaty\/","title":{"rendered":"Warsztaty"},"content":{"rendered":"<h1>Warsztaty projektu eFontes<\/h1>\n<h2>Idea Warsztat\u00f3w<\/h2>\n<p>Organizowane co roku spotkania stanowi\u0105 integraln\u0105 cz\u0119\u015b\u0107 projektu. Maj\u0105 one pog\u0142\u0119bi\u0107 nasz\u0105 wiedz\u0119 o zr\u00f3\u017cnicowaniu i bogactwie \u0142aci\u0144skiego pi\u015bmiennictwa w \u015bredniowiecznej Polsce, a zarazem podda\u0107 pod dyskusj\u0119 najwa\u017cniejsze aspekty tworzenia korpusu, kt\u00f3ry ma ambicj\u0119 owo zr\u00f3\u017cnicowanie odzwierciedla\u0107. Warsztaty stan\u0105 si\u0119 okazj\u0105 do zaprezentowania projektu oraz poznania oczekiwa\u0144 \u015brodowiska wobec tworzonego przez nas narz\u0119dzia. Mamy r\u00f3wnie\u017c nadziej\u0119, \u017ce przyczyni\u0105 si\u0119 do rozpoznania pyta\u0144 badawczych, w odpowiedzi na kt\u00f3re korpus mo\u017ce w przysz\u0142o\u015bci pom\u00f3c.<\/p>\n<p><em>Elektroniczny korpus polskiej \u0142aciny \u015bredniowiecznej<\/em> s\u0142u\u017cy\u0107 ma badaczom reprezentuj\u0105cym r\u00f3\u017cne dziedziny nauk, st\u0105d i interdyscyplinarny charakter warsztat\u00f3w: do udzia\u0142u w nich zapraszamy wydawc\u00f3w, filolog\u00f3w, j\u0119zykoznawc\u00f3w, historyk\u00f3w, historyk\u00f3w sztuki czy filozofii, a tak\u017ce przedstawicieli humanistyki cyfrowej. Ze wzgl\u0119du na charakter projektu szczeg\u00f3lnie zale\u017cy nam na szerokich uj\u0119ciach tematu, w kt\u00f3rych opr\u00f3cz przegl\u0105du stanu bada\u0144 i om\u00f3wienia kwestii spornych, znajd\u0105 si\u0119 sugestie dotycz\u0105ce struktury korpusu lub propozycje jego wykorzystania.<br \/>\nNasz projekt ma na celu r\u00f3wnie\u017c wsparcie badaczy na wczesnym etapie kariery. Mog\u0105 oni nie tylko uczestniczy\u0107 w obradach, ale tak\u017ce w cyklicznych szkoleniach po\u015bwi\u0119conych wykorzystaniu korpusu w pracy badawczej.<\/p>\n<h2>Plan warsztat\u00f3w<\/h2>\n<h3>2019<\/h3>\n<ul>\n<li>Termin: 12-13 grudnia<\/li>\n<li>Temat: <em>Reprezentatywno\u015b\u0107: funkcje i gatunki<\/em><\/li>\n<li><a href=\"https:\/\/scriptores.pl\/efontes\/strona-glowna\/i-warsztaty-efontes-call-for-papers\/\">Call for papers<\/a><\/li>\n<li><a href=\"https:\/\/scriptores.pl\/efontes\/warsztaty\/i-warsztaty-efontes\/program-i-warsztatow-efontes-2019\/\">Program warsztat\u00f3w<\/a><\/li>\n<\/ul>\n<h3>2020<\/h3>\n<ul>\n<li>Termin: 2-4 grudnia<\/li>\n<li>Temat: <em>Granice, cezury, epoki w \u0142aci\u0144skim pi\u015bmiennictwie polskiego \u015bredniowiecza<\/em><\/li>\n<li><a href=\"https:\/\/scriptores.pl\/efontes\/warsztaty\/ii-warsztaty-efontes-2020\/ii-warsztaty-efontes-call-for-papers\/\">Call for Papers<\/a><\/li>\n<li><a href=\"https:\/\/scriptores.pl\/efontes\/warsztaty\/ii-warsztaty-efontes-2020\/program-ii-warsztatow-efontes-2020\/\">Program warsztat\u00f3w<\/a><\/li>\n<\/ul>\n<h3>2021<\/h3>\n<ul>\n<li>Termin: 1-3 grudnia<\/li>\n<li>Temat: <em>S\u0142owa i rzeczy(wisto\u015b\u0107)<br \/>\n<\/em><\/li>\n<li><a href=\"https:\/\/scriptores.pl\/efontes\/iii-warsztaty-efontes-call-for-papers\/\">Call for Papers<\/a><\/li>\n<li>Program warsztat\u00f3w<\/li>\n<\/ul>\n<h3>2022<\/h3>\n<ul>\n<li>Temat:<\/li>\n<li>Konferencja podsumowuj\u0105ca projekt<\/li>\n<\/ul>\n","protected":false},"excerpt":{"rendered":"<p>Warsztaty projektu eFontes Idea Warsztat\u00f3w Organizowane co roku spotkania stanowi\u0105 integraln\u0105 cz\u0119\u015b\u0107 projektu. Maj\u0105 one pog\u0142\u0119bi\u0107 nasz\u0105 wiedz\u0119 o zr\u00f3\u017cnicowaniu i bogactwie \u0142aci\u0144skiego pi\u015bmiennictwa w \u015bredniowiecznej Polsce, a zarazem podda\u0107 pod dyskusj\u0119 najwa\u017cniejsze aspekty tworzenia korpusu, kt\u00f3ry ma ambicj\u0119 owo zr\u00f3\u017cnicowanie odzwierciedla\u0107. Warsztaty stan\u0105 si\u0119 okazj\u0105 do zaprezentowania projektu oraz poznania oczekiwa\u0144 \u015brodowiska wobec tworzonego [&hellip;]<\/p>\n","protected":false},"author":1,"featured_media":0,"parent":0,"menu_order":0,"comment_status":"closed","ping_status":"closed","template":"template-fullwidth.php","meta":{"footnotes":""},"class_list":["post-191","page","type-page","status-publish","hentry"],"blocksy_meta":[],"aioseo_notices":[],"_links":{"self":[{"href":"https:\/\/scriptores.pl\/efontes\/wp-json\/wp\/v2\/pages\/191","targetHints":{"allow":["GET"]}}],"collection":[{"href":"https:\/\/scriptores.pl\/efontes\/wp-json\/wp\/v2\/pages"}],"about":[{"href":"https:\/\/scriptores.pl\/efontes\/wp-json\/wp\/v2\/types\/page"}],"author":[{"embeddable":true,"href":"https:\/\/scriptores.pl\/efontes\/wp-json\/wp\/v2\/users\/1"}],"replies":[{"embeddable":true,"href":"https:\/\/scriptores.pl\/efontes\/wp-json\/wp\/v2\/comments?post=191"}],"version-history":[{"count":0,"href":"https:\/\/scriptores.pl\/efontes\/wp-json\/wp\/v2\/pages\/191\/revisions"}],"wp:attachment":[{"href":"https:\/\/scriptores.pl\/efontes\/wp-json\/wp\/v2\/media?parent=191"}],"curies":[{"name":"wp","href":"https:\/\/api.w.org\/{rel}","templated":true}]}}