{"id":164,"date":"2019-02-17T23:48:05","date_gmt":"2019-02-17T22:48:05","guid":{"rendered":"http:\/\/scriptores.pl\/efontes\/?page_id=164"},"modified":"2019-11-03T17:45:57","modified_gmt":"2019-11-03T16:45:57","slug":"i-warsztaty-efontes-call-for-papers","status":"publish","type":"page","link":"https:\/\/scriptores.pl\/efontes\/warsztaty\/i-warsztaty-efontes\/i-warsztaty-efontes-call-for-papers\/","title":{"rendered":"I Warsztaty eFontes (2019): Call for Papers"},"content":{"rendered":"[:pl]<h1>I Warsztaty eFontes: Call for Papers<\/h1>\r\n<h2><em>Gatunki i funkcje polskiego pi\u015bmiennictwa \u015bredniowiecznego w Korpusie eFontes<\/em><\/h2>\r\n<h3>Wprowadzenie<\/h3>\r\n<p>W dniach <strong>12-13 grudnia 2019 r.<\/strong>\u00a0 odb\u0119dzie si\u0119 w Krakowie I edycja warsztat\u00f3w eksperckich projektu <em>eFontes. Elektroniczny korpus polskiej \u0142aciny \u015bredniowiecznej<\/em> realizowanego w Pracowni \u0141aciny \u015aredniowiecznej Instytutu J\u0119zyka Polskiego PAN. Organizowane co roku spotkania maj\u0105 pog\u0142\u0119bi\u0107 nasz\u0105 wiedz\u0119 o zr\u00f3\u017cnicowaniu i bogactwie \u0142aci\u0144skiego pi\u015bmiennictwa \u015bredniowiecznej Polski, a zarazem podda\u0107 dyskusji specjalist\u00f3w najwa\u017cniejsze aspekty tworzenia korpusu polskiej \u0142aciny \u015bredniowiecznej. Spotkania b\u0119d\u0105 te\u017c okazj\u0105 dla zaprezentowania samego projektu oraz poznania oczekiwa\u0144 \u015brodowiska. W tym roku has\u0142em przewodnim warsztat\u00f3w b\u0119dzie <em>Reprezentatywno\u015b\u0107: gatunki i funkcje<\/em>, gdy\u017c przedmiotem refleksji chcieliby\u015bmy uczyni\u0107 gatunkowe i funkcjonalne zr\u00f3\u017cnicowanie \u0142aci\u0144skiego pi\u015bmiennictwa \u015bredniowiecznej Polski.<\/p>\r\n<p>Na gruncie j\u0119zykoznawstwa reprezentatywnym przyj\u0119\u0142o si\u0119 nazywa\u0107 taki korpus, kt\u00f3ry ma ambicj\u0119 odzwierciedla\u0107 produkcj\u0119 j\u0119zykow\u0105 danej epoki, przy czym r\u00f3wnie\u017c proporcje tekst\u00f3w w nim zawartych winny w miar\u0119 mo\u017cliwo\u015bci odtwarza\u0107 zr\u00f3\u017cnicowanie funkcji i gatunk\u00f3w pi\u015bmiennictwa. Dzi\u0119ki takiej konstrukcji, jak reprezentatywna pr\u00f3bka w badaniu sonda\u017cowym daje wgl\u0105d w nastroje czy pogl\u0105dy populacji, tak reprezentatywny korpus powinien pozwoli\u0107 na empiryczne badania nad j\u0119zykiem i kultur\u0105 \u015bredniowiecza.<\/p>\r\n<p><em>Facile dictu&#8230;<\/em> W korpusie historycznym, a takim jest <em>Elektroniczny korpus polskiej \u0142aciny \u015bredniowiecznej<\/em>, osi\u0105gni\u0119cie reprezentatywno\u015bci okazuje si\u0119 by\u0107 nie lada wyzwaniem. Problem\u00f3w nastr\u0119cza ju\u017c cho\u0107by stan zachowania i wydania zabytk\u00f3w polskiego \u015bredniowiecza. Wiele dzie\u0142 nie zachowa\u0142o si\u0119 bowiem do naszych czas\u00f3w, a te zachowane &#8211; pozostaj\u0105 cz\u0119sto wci\u0105\u017c niewydane. To za\u015b sprawia, \u017ce niekt\u00f3re z gatunk\u00f3w pi\u015bmiennictwa nie s\u0105 i najpewniej d\u0142ugo jeszcze nie b\u0119d\u0105\u00a0w korpusie nale\u017cycie reprezentowane. Zupe\u0142nie osobn\u0105 kwesti\u0105 jest jako\u015b\u0107 istniej\u0105cych edycji: niekt\u00f3re z nich daj\u0105 lepszy wgl\u0105d w latynistyczne przygotowanie wydawcy ni\u017c j\u0119zykowe kompetencje \u015bredniowiecznego autora. Wydania dobre i znakomite z kolei s\u0105 niekiedy obj\u0119te prawami autorskimi, co &#8211; znowu &#8211; skutecznie uniemo\u017cliwia ich w\u0142\u0105czenie do korpusu.<\/p>\r\n<p>Najpowa\u017cniejszym wyzwaniem dla tw\u00f3rc\u00f3w korpusu jest jednak samo bogactwo i zr\u00f3\u017cnicowanie polskiego pi\u015bmiennictwa \u0142aci\u0144skiego. Cho\u0107 ostatnie lata przynios\u0142y fundamentalne prace dotycz\u0105ce pi\u015bmienno\u015bci (w tym tzw. <em>loca scribendi<\/em>) cho\u0107by w miastach \u015bredniowiecznej Polski, a tak\u017ce otrzymali\u015bmy niezwykle pomocne syntezy stanu bada\u0144 i\u00a0 wyda\u0144 np. staropolskiej dyplomatyki, to jednak wydaje si\u0119, \u017ce na pe\u0142n\u0105 charakterystyk\u0119 funkcjonalnego, gatunkowego i spo\u0142ecznego zr\u00f3\u017cnicowania \u0142aci\u0144skiej produkcji w \u015bredniowiecznej Polsce przyjdzie nam jeszcze poczeka\u0107. A przecie\u017c <em>Elektroniczny korpus polskiej \u0142aciny \u015bredniowiecznej<\/em> ma ambicj\u0119 owo bogactwo odzwierciedla\u0107, b\u0119d\u0105c przy tym narz\u0119dziem dost\u0119pnym dla badaczy r\u00f3\u017cnych specjalno\u015bci, co poci\u0105ga za sob\u0105 konieczno\u015b\u0107 wykraczania poza w\u0105skie uj\u0119cia \u017ar\u00f3de\u0142 i poszukiwania uj\u0119\u0107 interdyscyplinarnych.<\/p>\r\n<h3>Udzia\u0142 w konferencji<\/h3>\r\n<p>Do udzia\u0142u w warsztatach serdecznie zapraszamy historyk\u00f3w, j\u0119zykoznawc\u00f3w, literaturoznawc\u00f3w oraz przedstawicieli innych specjalno\u015bci mediewistycznych. Liczymy zw\u0142aszcza na badaczy dysponuj\u0105cych do\u015bwiadczeniem interdyscyplinarnym, \u0142\u0105cz\u0105cych np. warsztat historyka i wydawcy tekst\u00f3w. Ze wzgl\u0119du na charakter projektu zale\u017cy nam na referatach, kt\u00f3rych autorzy, dokonuj\u0105c szerokiego uj\u0119cia wybranego tematu, dadz\u0105 zarazem kr\u00f3tki przegl\u0105d stanu bada\u0144, w tym kwestii spornych, oraz w miar\u0119 mo\u017cliwo\u015bci wska\u017c\u0105 konsekwencje dla struktury lub zawarto\u015bci korpusu. Czas wyst\u0105pienia nie powinien przekroczy\u0107 30 minut (+ dyskusja). Ze \u015brodk\u00f3w projektu mamy nadziej\u0119 sfinansowa\u0107 koszty podr\u00f3\u017cy i noclegu w Krakowie 6-8 spo\u015br\u00f3d zaproszonych prelegent\u00f3w.<\/p>\r\n<p>Skr\u00f3cone (do 100 s\u0142\u00f3w) streszczenie wyst\u0105pienia prosimy nadsy\u0142a\u0107 <strong>do 26 maja<\/strong> 2019 r., korzystaj\u0105c z poni\u017cszego formularza. <strong>Do 2 czerwca<\/strong> zostan\u0105 Pa\u0144stwo poinformowani o akceptacji wyst\u0105pienia.<\/p>\r\n<p><a href=\"https:\/\/ankiety.ijp.pan.pl\/index.php\/772211?lang=pl\" target=\"_blank\" rel=\"noopener noreferrer\">Formularz zg\u0142oszenia<\/a><\/p>\r\n<p>Wszelkie pytania prosimy kierowa\u0107 na adres krzysztof.nowak@ijp.pan.pl.<\/p>\r\n<h3>Tematy wyst\u0105pie\u0144<\/h3>\r\n<p>W wyst\u0105pieniach prelegenci mog\u0105 porusza\u0107 m.in. nast\u0119puj\u0105ce kwestie:<\/p>\r\n<p>1. Typologia pi\u015bmiennictwa polskiego \u015bredniowiecza \u0142aci\u0144skiego: problemy i kontrowersje.<\/p>\r\n<p>2. Jak bada\u0107 zr\u00f3\u017cnicowanie pi\u015bmiennictwa: funkcje, gatunki czy typy tekst\u00f3w?<\/p>\r\n<p>3.\u00a0 Zr\u00f3\u017cnicowanie spo\u0142eczne pi\u015bmiennictwa \u015bredniowiecznego: klasa, wiek, p\u0142e\u0107&#8230;<\/p>\r\n<p>4. Jak szacowa\u0107 rozmiar \u015bredniowiecznej produkcji i mierzy\u0107 popularno\u015b\u0107 dzie\u0142 na potrzeby korpusu?<\/p>\r\n<ul>\r\n<li>katalogi bibliotek i archiw\u00f3w<\/li>\r\n<li>narz\u0119dzia cyfrowe: <a href=\"https:\/\/manuscripta.pl\">manuscripta.pl<\/a>, <a href=\"https:\/\/fama.irht.cnrs.fr\/\/fr\/\">Fama<\/a><\/li>\r\n<li>cytaty i kryptocytaty jako miara popularno\u015bci<\/li>\r\n<\/ul>\r\n<p>5. &#8222;Bia\u0142e plamy&#8221;: czego w korpusie brak, a znale\u017a\u0107 si\u0119 w nim powinno (i dlaczego)?<\/p>\r\n<ul>\r\n<li>inskrypcje, piecz\u0119cie itp.<\/li>\r\n<li><em>inedita<\/em><\/li>\r\n<li>\u0142aci\u0144ski tekst w zabytkach polskich: glosy, marginalia&#8230;<\/li>\r\n<li>czy mo\u017cliwa jest rekonstrukcja tekst\u00f3w prymarnie m\u00f3wionych?<\/li>\r\n<\/ul>\r\n<p>6. Praktyka budowy korpus\u00f3w historycznych<\/p>\r\n<ul>\r\n<li>reprezentatywno\u015b\u0107 i zr\u00f3wnowa\u017cenie<\/li>\r\n<li>ortografia: autora, skryby, wydawcy?<\/li>\r\n<li>prawo autorskie a korpus<\/li>\r\n<li>edycje cyfrowe a korpus<\/li>\r\n<\/ul>\r\n<h3><strong>Wa\u017cne daty<\/strong><\/h3>\r\n<ul>\r\n<li><strong>26 maja<\/strong> 2019 r. &#8211; termin nadsy\u0142ania abstraktu<\/li>\r\n<li><strong>2 czerwca<\/strong> 2019 r. &#8211; informacja o akceptacji referatu<\/li>\r\n<li><strong>28 lipca<\/strong> 2019 r. &#8211; termin nadsy\u0142ania rozszerzonej wersji abstraktu<\/li>\r\n<li><strong>12-13 grudnia<\/strong> 2019 r. &#8211; warsztaty<\/li>\r\n<\/ul>\r\n<h3>Kolejne edycje<\/h3>\r\n<p><a href=\"https:\/\/scriptores.pl\/efontes\/warsztaty\/\">https:\/\/scriptores.pl\/efontes\/warsztaty\/<\/a><\/p>\r\n\r\n<p>&nbsp;<\/p>\r\n[:en]<h1>I Warsztaty eFontes: Call for Papers<\/h1>\r\n<h2><em>Gatunki i funkcje polskiego pi\u015bmiennictwa \u015bredniowiecznego w Korpusie eFontes<\/em><\/h2>\r\n<h3>Wprowadzenie<\/h3>\r\n<p>W dniach <strong>12-13 grudnia 2019 r.<\/strong> odb\u0119dzie si\u0119 w Krakowie I edycja warsztat\u00f3w projektu <em>eFontes. Elektroniczny korpus polskiej \u0142aciny \u015bredniowiecznej<\/em> realizowanego w Pracowni \u0141aciny \u015aredniowiecznej Instytutu J\u0119zyka Polskiego PAN. Organizowane co roku spotkania maj\u0105 pog\u0142\u0119bi\u0107 nasz\u0105 wiedz\u0119 o zr\u00f3\u017cnicowaniu i bogactwie \u0142aci\u0144skiego pi\u015bmiennictwa \u015bredniowiecznej Polski, a zarazem podda\u0107 dyskusji specjalist\u00f3w najwa\u017cniejsze aspekty tworzenia korpusu polskiej \u0142aciny \u015bredniowiecznej. Spotkania b\u0119d\u0105 te\u017c okazj\u0105 dla zaprezentowania samego projektu oraz poznania oczekiwa\u0144 \u015brodowiska. W tym roku has\u0142em przewodnim warsztat\u00f3w b\u0119dzie <em>Reprezentatywno\u015b\u0107: gatunki i funkcje<\/em>, gdy\u017c przedmiotem refleksji chcieliby\u015bmy uczyni\u0107 gatunkowe i funkcjonalne zr\u00f3\u017cnicowanie \u0142aci\u0144skiego pi\u015bmiennictwa \u015bredniowiecznej Polski.<\/p>\r\n<p>Na gruncie j\u0119zykoznawstwa reprezentatywnym przyj\u0119\u0142o si\u0119 nazywa\u0107 taki korpus, kt\u00f3ry ma ambicj\u0119 odzwierciedla\u0107 produkcj\u0119 j\u0119zykow\u0105 danej epoki, przy czym r\u00f3wnie\u017c proporcje tekst\u00f3w w nim zawartych winny w miar\u0119 mo\u017cliwo\u015bci odtwarza\u0107 zr\u00f3\u017cnicowanie funkcji i gatunk\u00f3w pi\u015bmiennictwa. Dzi\u0119ki takiej konstrukcji, jak reprezentatywna pr\u00f3bka w badaniu sonda\u017cowym daje wgl\u0105d w nastroje czy pogl\u0105dy populacji, tak reprezentatywny korpus powinien pozwoli\u0107 na empiryczne badania nad j\u0119zykiem i kultur\u0105 \u015bredniowiecza.<\/p>\r\n<p><em>Facile dictu&#8230;<\/em> W korpusie historycznym, a takim jest <em>Elektroniczny korpus polskiej \u0142aciny \u015bredniowiecznej<\/em>, osi\u0105gni\u0119cie reprezentatywno\u015bci okazuje si\u0119 by\u0107 nie lada wyzwaniem. Problem\u00f3w nastr\u0119cza ju\u017c cho\u0107by stan zachowania i wydania zabytk\u00f3w polskiego \u015bredniowiecza. Wiele dzie\u0142 nie zachowa\u0142o si\u0119 bowiem do naszych czas\u00f3w, a te zachowane &#8211; pozostaj\u0105 cz\u0119sto wci\u0105\u017c niewydane. To za\u015b sprawia, \u017ce niekt\u00f3re z gatunk\u00f3w pi\u015bmiennictwa nie s\u0105 i najpewniej d\u0142ugo jeszcze nie b\u0119d\u0105 w korpusie nale\u017cycie reprezentowane. Zupe\u0142nie osobn\u0105 kwesti\u0105 jest jako\u015b\u0107 istniej\u0105cych edycji: niekt\u00f3re z nich daj\u0105 lepszy wgl\u0105d w latynistyczne przygotowanie wydawcy ni\u017c j\u0119zykowe kompetencje \u015bredniowiecznego autora. Wydania dobre i znakomite z kolei s\u0105 niekiedy obj\u0119te prawami autorskimi, co &#8211; znowu &#8211; skutecznie uniemo\u017cliwia ich w\u0142\u0105czenie do korpusu.<\/p>\r\n<p>Najpowa\u017cniejszym wyzwaniem dla tw\u00f3rc\u00f3w korpusu jest jednak samo bogactwo i zr\u00f3\u017cnicowanie polskiego pi\u015bmiennictwa \u0142aci\u0144skiego. Cho\u0107 ostatnie lata przynios\u0142y fundamentalne prace dotycz\u0105ce pi\u015bmienno\u015bci (w tym tzw. <em>loca scribendi<\/em>) cho\u0107by w miastach \u015bredniowiecznej Polski, a tak\u017ce otrzymali\u015bmy niezwykle pomocne syntezy stanu bada\u0144 i wyda\u0144 np. staropolskiej dyplomatyki, to jednak wydaje si\u0119, \u017ce na pe\u0142n\u0105 charakterystyk\u0119 funkcjonalnego, gatunkowego i spo\u0142ecznego zr\u00f3\u017cnicowania \u0142aci\u0144skiej produkcji w \u015bredniowiecznej Polsce przyjdzie nam jeszcze poczeka\u0107. A przecie\u017c <em>Elektroniczny korpus polskiej \u0142aciny \u015bredniowiecznej<\/em> ma ambicj\u0119 owo bogactwo odzwierciedla\u0107, b\u0119d\u0105c przy tym narz\u0119dziem dost\u0119pnym dla badaczy r\u00f3\u017cnych specjalno\u015bci, co poci\u0105ga za sob\u0105 konieczno\u015b\u0107 wykraczania poza w\u0105skie uj\u0119cia \u017ar\u00f3de\u0142 i poszukiwania uj\u0119\u0107 interdyscyplinarnych.<\/p>\r\n<h3>Udzia\u0142 w konferencji<\/h3>\r\n<p>Do udzia\u0142u w warsztatach serdecznie zapraszamy historyk\u00f3w, j\u0119zykoznawc\u00f3w, literaturoznawc\u00f3w oraz przedstawicieli innych specjalno\u015bci mediewistycznych. Liczymy zw\u0142aszcza na badaczy dysponuj\u0105cych do\u015bwiadczeniem interdyscyplinarnym, \u0142\u0105cz\u0105cych np. warsztat historyka i wydawcy tekst\u00f3w. Ze wzgl\u0119du na charakter projektu zale\u017cy nam na referatach, kt\u00f3rych autorzy, dokonuj\u0105c szerokiego uj\u0119cia wybranego tematu, dadz\u0105 zarazem kr\u00f3tki przegl\u0105d stanu bada\u0144, w tym kwestii spornych, oraz w miar\u0119 mo\u017cliwo\u015bci wska\u017c\u0105 konsekwencje dla struktury lub zawarto\u015bci korpusu. Czas wyst\u0105pienia nie powinien przekroczy\u0107 30 minut (+ dyskusja). Ze \u015brodk\u00f3w projektu mamy nadziej\u0119 sfinansowa\u0107 koszty podr\u00f3\u017cy i noclegu w Krakowie 6-8 spo\u015br\u00f3d zaproszonych prelegent\u00f3w.<\/p>\r\n<p>Skr\u00f3cone (do 100 s\u0142\u00f3w) streszczenie wyst\u0105pienia prosimy nadsy\u0142a\u0107 <strong>do 26 maja<\/strong> 2019 r., korzystaj\u0105c z poni\u017cszego formularza. <strong>Do 2 czerwca<\/strong> zostan\u0105 Pa\u0144stwo poinformowani o akceptacji wyst\u0105pienia.<\/p>\r\n<p><a href=\"https:\/\/ankiety.ijp.pan.pl\/index.php\/772211?lang=pl\" target=\"_blank\" rel=\"noopener noreferrer\">Formularz zg\u0142oszenia<\/a><\/p>\r\n<p>Wszelkie pytania prosimy kierowa\u0107 na adres krzysztof.nowak@ijp.pan.pl.<\/p>\r\n<h3>Tematy wyst\u0105pie\u0144<\/h3>\r\n<p>W wyst\u0105pieniach prelegenci mog\u0105 porusza\u0107 m.in. nast\u0119puj\u0105ce kwestie:<\/p>\r\n<p>1. Typologia pi\u015bmiennictwa polskiego \u015bredniowiecza \u0142aci\u0144skiego: problemy i kontrowersje.<\/p>\r\n<p>2. Jak bada\u0107 zr\u00f3\u017cnicowanie pi\u015bmiennictwa: funkcje, gatunki czy typy tekst\u00f3w?<\/p>\r\n<p>3. Zr\u00f3\u017cnicowanie spo\u0142eczne pi\u015bmiennictwa \u015bredniowiecznego: klasa, wiek, p\u0142e\u0107&#8230;<\/p>\r\n<p>4. Jak szacowa\u0107 rozmiar \u015bredniowiecznej produkcji i mierzy\u0107 popularno\u015b\u0107 dzie\u0142 na potrzeby korpusu?<\/p>\r\n<ul>\r\n<li>katalogi bibliotek i archiw\u00f3w<\/li>\r\n<li>narz\u0119dzia cyfrowe: <a href=\"https:\/\/manuscripta.pl\">manuscripta.pl<\/a>, <a href=\"https:\/\/fama.irht.cnrs.fr\/\/fr\/\">Fama<\/a><\/li>\r\n<li>cytaty i kryptocytaty jako miara popularno\u015bci<\/li>\r\n<\/ul>\r\n<p>5. &#8222;Bia\u0142e plamy&#8221;: czego w korpusie brak, a znale\u017a\u0107 si\u0119 w nim powinno (i dlaczego)?<\/p>\r\n<ul>\r\n<li>inskrypcje, piecz\u0119cie itp.<\/li>\r\n<li><em>inedita<\/em><\/li>\r\n<li>\u0142aci\u0144ski tekst w zabytkach polskich: glosy, marginalia&#8230;<\/li>\r\n<li>czy mo\u017cliwa jest rekonstrukcja tekst\u00f3w prymarnie m\u00f3wionych?<\/li>\r\n<\/ul>\r\n<p>6. Praktyka budowy korpus\u00f3w historycznych<\/p>\r\n<ul>\r\n<li>reprezentatywno\u015b\u0107 i zr\u00f3wnowa\u017cenie<\/li>\r\n<li>ortografia: autora, skryby, wydawcy?<\/li>\r\n<li>prawo autorskie a korpus<\/li>\r\n<li>edycje cyfrowe a korpus<\/li>\r\n<\/ul>\r\n<h3><strong>Wa\u017cne daty<\/strong><\/h3>\r\n<ul>\r\n<li><strong>26 maja<\/strong> 2019 r. &#8211; termin nadsy\u0142ania abstraktu<\/li>\r\n<li><strong>2 czerwca<\/strong> 2019 r. &#8211; informacja o akceptacji referatu<\/li>\r\n<li><strong>28 lipca<\/strong> 2019 r. &#8211; termin nadsy\u0142ania rozszerzonej wersji abstraktu<\/li>\r\n<li><strong>12-13 grudnia<\/strong> 2019 r. &#8211; warsztaty<\/li>\r\n<\/ul>\r\n<h3>Kolejne edycje<\/h3>\r\n<p><a href=\"https:\/\/scriptores.pl\/efontes\/warsztaty\/\">https:\/\/scriptores.pl\/efontes\/warsztaty\/<\/a><\/p>\r\n\r\n<p>&nbsp;<\/p>\r\n[:]","protected":false},"excerpt":{"rendered":"<p>[:pl] I Warsztaty eFontes: Call for Papers Gatunki i funkcje polskiego pi\u015bmiennictwa \u015bredniowiecznego w Korpusie eFontes Wprowadzenie W dniach 12-13 grudnia 2019 r.\u00a0 odb\u0119dzie si\u0119 w Krakowie I edycja warsztat\u00f3w eksperckich projektu eFontes. Elektroniczny korpus polskiej \u0142aciny \u015bredniowiecznej realizowanego w Pracowni \u0141aciny \u015aredniowiecznej Instytutu J\u0119zyka Polskiego PAN. Organizowane co roku spotkania maj\u0105 pog\u0142\u0119bi\u0107 nasz\u0105 wiedz\u0119 [&hellip;]<\/p>\n","protected":false},"author":1,"featured_media":76,"parent":283,"menu_order":0,"comment_status":"closed","ping_status":"closed","template":"","meta":{"footnotes":""},"class_list":["post-164","page","type-page","status-publish","has-post-thumbnail","hentry"],"blocksy_meta":[],"aioseo_notices":[],"_links":{"self":[{"href":"https:\/\/scriptores.pl\/efontes\/wp-json\/wp\/v2\/pages\/164","targetHints":{"allow":["GET"]}}],"collection":[{"href":"https:\/\/scriptores.pl\/efontes\/wp-json\/wp\/v2\/pages"}],"about":[{"href":"https:\/\/scriptores.pl\/efontes\/wp-json\/wp\/v2\/types\/page"}],"author":[{"embeddable":true,"href":"https:\/\/scriptores.pl\/efontes\/wp-json\/wp\/v2\/users\/1"}],"replies":[{"embeddable":true,"href":"https:\/\/scriptores.pl\/efontes\/wp-json\/wp\/v2\/comments?post=164"}],"version-history":[{"count":0,"href":"https:\/\/scriptores.pl\/efontes\/wp-json\/wp\/v2\/pages\/164\/revisions"}],"up":[{"embeddable":true,"href":"https:\/\/scriptores.pl\/efontes\/wp-json\/wp\/v2\/pages\/283"}],"wp:featuredmedia":[{"embeddable":true,"href":"https:\/\/scriptores.pl\/efontes\/wp-json\/wp\/v2\/media\/76"}],"wp:attachment":[{"href":"https:\/\/scriptores.pl\/efontes\/wp-json\/wp\/v2\/media?parent=164"}],"curies":[{"name":"wp","href":"https:\/\/api.w.org\/{rel}","templated":true}]}}