{"id":10310,"date":"2021-11-26T19:10:06","date_gmt":"2021-11-26T18:10:06","guid":{"rendered":"https:\/\/scriptores.pl\/efontes\/?page_id=10310"},"modified":"2021-11-26T19:23:04","modified_gmt":"2021-11-26T18:23:04","slug":"zima-21-22","status":"publish","type":"page","link":"https:\/\/scriptores.pl\/efontes\/seminarium-efontes\/zima-21-22\/","title":{"rendered":"Zima 21\/22"},"content":{"rendered":"\t\t<div data-elementor-type=\"wp-page\" data-elementor-id=\"10310\" class=\"elementor elementor-10310\">\n\t\t\t\t\t\t<section class=\"elementor-section elementor-top-section elementor-element elementor-element-ebace2b elementor-section-boxed elementor-section-height-default elementor-section-height-default\" data-id=\"ebace2b\" data-element_type=\"section\">\n\t\t\t\t\t\t<div class=\"elementor-container elementor-column-gap-default\">\n\t\t\t\t\t<div class=\"elementor-column elementor-col-100 elementor-top-column elementor-element elementor-element-b1ac68d\" data-id=\"b1ac68d\" data-element_type=\"column\">\n\t\t\t<div class=\"elementor-widget-wrap elementor-element-populated\">\n\t\t\t\t\t\t<div class=\"elementor-element elementor-element-e45c84a elementor-widget elementor-widget-text-editor\" data-id=\"e45c84a\" data-element_type=\"widget\" data-widget_type=\"text-editor.default\">\n\t\t\t\t<div class=\"elementor-widget-container\">\n\t\t\t\t\t\t\t\t\t<p style=\"text-align: left;\">Od 21 stycznia 2022 r. powracamy z cyklem seminari\u00f3w wprowadzaj\u0105cych do u\u017cywanych przez nas metod humanistyki cyfrowej, elektronicznych narz\u0119dzi oraz podstaw pracy z korpusem. Spotyka\u0107 si\u0119 b\u0119dziemy co dwa tygodnie w pi\u0105tki w godz. 17-19. Tym razem wi\u0119cej uwagi po\u015bwi\u0119cimy zaproponowanym przez Pa\u0144stwa zagadnieniom, tj. semantyce dystrybucyjnej, badaniom zale\u017cno\u015bci tekst\u00f3w oraz przygotowaniu edycji cyfrowej.<\/p>\n<p><span style=\"text-decoration: underline;\">Ramowy program<\/span><\/p>\n<p>Od obrazu do tekstu<\/p>\n<ul>\n<li>anotacja r\u0119kopis\u00f3w i starodruk\u00f3w z programem Transkribus<\/li>\n<li>automatyczne rozpoznawanie tekstu r\u0119kopis\u00f3w i starodruk\u00f3w z programem Transkribus<\/li>\n<\/ul>\n<p>Od tekstu do edycji<\/p>\n<ul>\n<li>wprowadzenie do paleografii<\/li>\n<li>anotacja XML edycji krytycznej<\/li>\n<li>prezentacja i przeszukiwanie edycji<\/li>\n<\/ul>\n<p>Od edycji do korpusu<\/p>\n<ul>\n<li>anotacja manualna i trenowanie taggera<\/li>\n<li>metadane: rekoncyliacja danych biograficznych i geograficznych z Linked Open Data<\/li>\n<\/ul>\n<p>Po\u017cytki z korpusu<\/p>\n<ul>\n<li>statystyka leksykalna<\/li>\n<li>kolokacje, n-gramy, MWE<\/li>\n<li>wykrywanie zapo\u017cycze\u0144 z R \/ Pythonem<\/li>\n<\/ul>\n<p>Korpus a znaczenie<\/p>\n<ul>\n<li>co to jest i gdzie si\u0119 kryje?<\/li>\n<li style=\"text-align: left;\">co korpus m\u00f3wi nam o znaczeniu?<\/li>\n<li style=\"text-align: left;\">metody semantyki dystrybucyjnej<\/li>\n<\/ul>\t\t\t\t\t\t\t\t<\/div>\n\t\t\t\t<\/div>\n\t\t\t\t<section class=\"elementor-section elementor-inner-section elementor-element elementor-element-042ab9d elementor-section-boxed elementor-section-height-default elementor-section-height-default\" data-id=\"042ab9d\" data-element_type=\"section\">\n\t\t\t\t\t\t<div class=\"elementor-container elementor-column-gap-default\">\n\t\t\t\t\t<div class=\"elementor-column elementor-col-100 elementor-inner-column elementor-element elementor-element-addd49c\" data-id=\"addd49c\" data-element_type=\"column\">\n\t\t\t<div class=\"elementor-widget-wrap elementor-element-populated\">\n\t\t\t\t\t\t<div class=\"elementor-element elementor-element-b0ff2c7 elementor-button-info elementor-align-center elementor-widget elementor-widget-button\" data-id=\"b0ff2c7\" data-element_type=\"widget\" data-widget_type=\"button.default\">\n\t\t\t\t<div class=\"elementor-widget-container\">\n\t\t\t\t\t\t\t\t\t<div class=\"elementor-button-wrapper\">\n\t\t\t\t\t<a class=\"elementor-button elementor-button-link elementor-size-xl\" href=\"http:\/\/scriptores.pl\/efontes\/seminarium-efontes\/rejestracja\/\" target=\"_blank\">\n\t\t\t\t\t\t<span class=\"elementor-button-content-wrapper\">\n\t\t\t\t\t\t<span class=\"elementor-button-icon\">\n\t\t\t\t<i aria-hidden=\"true\" class=\"fas fa-user-circle\"><\/i>\t\t\t<\/span>\n\t\t\t\t\t\t\t\t\t<span class=\"elementor-button-text\">Rejestracja<\/span>\n\t\t\t\t\t<\/span>\n\t\t\t\t\t<\/a>\n\t\t\t\t<\/div>\n\t\t\t\t\t\t\t\t<\/div>\n\t\t\t\t<\/div>\n\t\t\t\t\t<\/div>\n\t\t<\/div>\n\t\t\t\t\t<\/div>\n\t\t<\/section>\n\t\t\t\t\t<\/div>\n\t\t<\/div>\n\t\t\t\t\t<\/div>\n\t\t<\/section>\n\t\t\t\t<\/div>\n\t\t","protected":false},"excerpt":{"rendered":"<p>Od 21 stycznia 2022 r. powracamy z cyklem seminari\u00f3w wprowadzaj\u0105cych do u\u017cywanych przez nas metod humanistyki cyfrowej, elektronicznych narz\u0119dzi oraz podstaw pracy z korpusem. Spotyka\u0107 si\u0119 b\u0119dziemy co dwa tygodnie w pi\u0105tki w godz. 17-19. Tym razem wi\u0119cej uwagi po\u015bwi\u0119cimy zaproponowanym przez Pa\u0144stwa zagadnieniom, tj. semantyce dystrybucyjnej, badaniom zale\u017cno\u015bci tekst\u00f3w oraz przygotowaniu edycji cyfrowej. Ramowy [&hellip;]<\/p>\n","protected":false},"author":1,"featured_media":0,"parent":8500,"menu_order":0,"comment_status":"closed","ping_status":"closed","template":"","meta":{"footnotes":""},"class_list":["post-10310","page","type-page","status-publish","hentry"],"blocksy_meta":[],"aioseo_notices":[],"_links":{"self":[{"href":"https:\/\/scriptores.pl\/efontes\/wp-json\/wp\/v2\/pages\/10310","targetHints":{"allow":["GET"]}}],"collection":[{"href":"https:\/\/scriptores.pl\/efontes\/wp-json\/wp\/v2\/pages"}],"about":[{"href":"https:\/\/scriptores.pl\/efontes\/wp-json\/wp\/v2\/types\/page"}],"author":[{"embeddable":true,"href":"https:\/\/scriptores.pl\/efontes\/wp-json\/wp\/v2\/users\/1"}],"replies":[{"embeddable":true,"href":"https:\/\/scriptores.pl\/efontes\/wp-json\/wp\/v2\/comments?post=10310"}],"version-history":[{"count":7,"href":"https:\/\/scriptores.pl\/efontes\/wp-json\/wp\/v2\/pages\/10310\/revisions"}],"predecessor-version":[{"id":10317,"href":"https:\/\/scriptores.pl\/efontes\/wp-json\/wp\/v2\/pages\/10310\/revisions\/10317"}],"up":[{"embeddable":true,"href":"https:\/\/scriptores.pl\/efontes\/wp-json\/wp\/v2\/pages\/8500"}],"wp:attachment":[{"href":"https:\/\/scriptores.pl\/efontes\/wp-json\/wp\/v2\/media?parent=10310"}],"curies":[{"name":"wp","href":"https:\/\/api.w.org\/{rel}","templated":true}]}}