{"id":44,"date":"2018-02-08T13:28:03","date_gmt":"2018-02-08T12:28:03","guid":{"rendered":"http:\/\/scriptores.pl\/dlugosz\/?page_id=44"},"modified":"2019-02-20T13:30:39","modified_gmt":"2019-02-20T12:30:39","slug":"zespol","status":"publish","type":"page","link":"https:\/\/scriptores.pl\/dlugosz\/zespol\/","title":{"rendered":"Zesp\u00f3\u0142"},"content":{"rendered":"<p><a href=\"https:\/\/ijp.pan.pl\/nasi-pracownicy\/profesorowie-nadzwyczajni\/dr-hab-michal-rzepiela-prof-ijp-pan\" target=\"_blank\" rel=\"noopener\">Dr hab. Micha\u0142 Rzepiela<\/a><\/p>\n<ul>\n<li style=\"list-style-type: none;\">\n<ul>\n<li>kierownik projektu, grantobiorca<\/li>\n<li>odpowiedzialny za charakterystyk\u0119 wybranych aspekt\u00f3w gramatyki i morfologii, sk\u0142adni oraz leksyki Jana D\u0142ugosza<\/li>\n<\/ul>\n<\/li>\n<\/ul>\n<ul>\n<li>opiekun pracy doktorskiej powstaj\u0105cej w projekcie<\/li>\n<\/ul>\n<p><a href=\"https:\/\/ijp.pan.pl\/nasi-pracownicy\/doktorzy\/krzysztof-nowak\" target=\"_blank\" rel=\"noopener\">Dr Krzysztof Nowak<\/a><\/p>\n<ul>\n<li>wykonawca merytoryczny projektu<\/li>\n<li>odpowiedzialny za anotacj\u0119 morfosyntaktyczn\u0105 i lemmatyzacj\u0119, a tak\u017ce anotacj\u0119 semantyczn\u0105 i nazw w\u0142asnych w korpusie<\/li>\n<li>odpowiedzialny za analiz\u0119 dystrybucyjn\u0105 leksem\u00f3w w korpusie oraz analiz\u0119 tematyczn\u0105 korpusu<\/li>\n<\/ul>\n<p><strong>Doktorant<\/strong><\/p>\n<p><a href=\"https:\/\/ijp.pan.pl\/pl\/nasi-pracownicy\/pozostali-pracownicy-naukowi\/zdzislaw-koczarski\">Mgr Zdzis\u0142aw Koczarski<\/a>\u00a0przygotuje pod kierunkiem dr. hab. Micha\u0142a Rzepieli prac\u0119 doktorsk\u0105 po\u015bwi\u0119con\u0105 wybranemu aspektowi j\u0119zyka Jana D\u0142ugosza.<\/p>\n<p><strong>Zesp\u00f3\u0142 anotacyjny<\/strong><\/p>\n<ul>\n<li>anotacja struktury i korekta OCR: <a href=\"https:\/\/ijp.pan.pl\/pl\/nasi-pracownicy\/pozostali-pracownicy-naukowi\/iwona-krawczyk\">mgr<\/a><a href=\"https:\/\/ijp.pan.pl\/pl\/nasi-pracownicy\/pozostali-pracownicy-naukowi\/iwona-krawczyk\"> Iwona Krawczyk,\u00a0<\/a><a href=\"https:\/\/ijp.pan.pl\/pl\/nasi-pracownicy\/pozostali-pracownicy-naukowi\/jagoda-marszalek\">mgr Jagoda Marsza\u0142ek,\u00a0<\/a>mgr Kaja Stomp\u00f3r-Lesiecka<\/li>\n<li>r\u0119czna anotacja morfologii i weryfikacja anotacji automatycznej: <a href=\"https:\/\/jagiellonian.academia.edu\/TomaszBabnis\">mgr Tomasz Babnis<\/a>, <a href=\"https:\/\/ijp.pan.pl\/pl\/nasi-pracownicy\/pozostali-pracownicy-naukowi\/iwona-krawczyk\">mgr<\/a><a href=\"https:\/\/ijp.pan.pl\/pl\/nasi-pracownicy\/pozostali-pracownicy-naukowi\/iwona-krawczyk\"> Iwona Krawczyk<\/a>, <a href=\"https:\/\/uw.academia.edu\/KonradKokoszkiewicz\">dr Konrad Kokoszkiewicz<\/a><\/li>\n<\/ul>\n<p><\/p>","protected":false},"excerpt":{"rendered":"<p>Zesp\u00f3\u0142 obecnie liczy 6 os\u00f3b.<\/p>\n","protected":false},"author":1,"featured_media":0,"parent":0,"menu_order":0,"comment_status":"closed","ping_status":"closed","template":"template-fullwidth.php","meta":{"footnotes":""},"class_list":["post-44","page","type-page","status-publish","hentry"],"aioseo_notices":[],"_links":{"self":[{"href":"https:\/\/scriptores.pl\/dlugosz\/wp-json\/wp\/v2\/pages\/44","targetHints":{"allow":["GET"]}}],"collection":[{"href":"https:\/\/scriptores.pl\/dlugosz\/wp-json\/wp\/v2\/pages"}],"about":[{"href":"https:\/\/scriptores.pl\/dlugosz\/wp-json\/wp\/v2\/types\/page"}],"author":[{"embeddable":true,"href":"https:\/\/scriptores.pl\/dlugosz\/wp-json\/wp\/v2\/users\/1"}],"replies":[{"embeddable":true,"href":"https:\/\/scriptores.pl\/dlugosz\/wp-json\/wp\/v2\/comments?post=44"}],"version-history":[{"count":12,"href":"https:\/\/scriptores.pl\/dlugosz\/wp-json\/wp\/v2\/pages\/44\/revisions"}],"predecessor-version":[{"id":198,"href":"https:\/\/scriptores.pl\/dlugosz\/wp-json\/wp\/v2\/pages\/44\/revisions\/198"}],"wp:attachment":[{"href":"https:\/\/scriptores.pl\/dlugosz\/wp-json\/wp\/v2\/media?parent=44"}],"curies":[{"name":"wp","href":"https:\/\/api.w.org\/{rel}","templated":true}]}}