{"id":38,"date":"2018-02-08T13:27:04","date_gmt":"2018-02-08T12:27:04","guid":{"rendered":"http:\/\/scriptores.pl\/dlugosz\/?page_id=38"},"modified":"2018-07-15T00:00:54","modified_gmt":"2018-07-14T22:00:54","slug":"publikacje","status":"publish","type":"page","link":"https:\/\/scriptores.pl\/dlugosz\/publikacje\/","title":{"rendered":"Publikacje"},"content":{"rendered":"<p>Wi\u0119cej informacji ju\u017c wkr\u00f3tce.<\/p>","protected":false},"excerpt":{"rendered":"<p>Publikacje zwi\u0105zane z realizacj\u0105 projektu, wyst\u0105pienia konferencyjne<\/p>\n","protected":false},"author":1,"featured_media":0,"parent":0,"menu_order":0,"comment_status":"closed","ping_status":"closed","template":"template-fullwidth.php","meta":{"footnotes":""},"class_list":["post-38","page","type-page","status-publish","hentry"],"aioseo_notices":[],"_links":{"self":[{"href":"https:\/\/scriptores.pl\/dlugosz\/wp-json\/wp\/v2\/pages\/38","targetHints":{"allow":["GET"]}}],"collection":[{"href":"https:\/\/scriptores.pl\/dlugosz\/wp-json\/wp\/v2\/pages"}],"about":[{"href":"https:\/\/scriptores.pl\/dlugosz\/wp-json\/wp\/v2\/types\/page"}],"author":[{"embeddable":true,"href":"https:\/\/scriptores.pl\/dlugosz\/wp-json\/wp\/v2\/users\/1"}],"replies":[{"embeddable":true,"href":"https:\/\/scriptores.pl\/dlugosz\/wp-json\/wp\/v2\/comments?post=38"}],"version-history":[{"count":3,"href":"https:\/\/scriptores.pl\/dlugosz\/wp-json\/wp\/v2\/pages\/38\/revisions"}],"predecessor-version":[{"id":174,"href":"https:\/\/scriptores.pl\/dlugosz\/wp-json\/wp\/v2\/pages\/38\/revisions\/174"}],"wp:attachment":[{"href":"https:\/\/scriptores.pl\/dlugosz\/wp-json\/wp\/v2\/media?parent=38"}],"curies":[{"name":"wp","href":"https:\/\/api.w.org\/{rel}","templated":true}]}}