{"id":8,"date":"2018-02-08T01:56:25","date_gmt":"2018-02-08T00:56:25","guid":{"rendered":"http:\/\/scriptores.pl\/dlugosz\/?page_id=8"},"modified":"2019-06-04T23:16:53","modified_gmt":"2019-06-04T21:16:53","slug":"bibliografia","status":"publish","type":"page","link":"https:\/\/scriptores.pl\/dlugosz\/en\/narzedzia\/bibliografia\/","title":{"rendered":"Jan D\u0142ugosz&#8217;s Bibliography"},"content":{"rendered":"<p><\/p>\n<h3>Searchable bibliography of the project<\/h3>\n<h4>(selective, limited to language, textual history, authorship, sources)<\/h4>\n<p>Bibliografia ma charakter selektywny: w centrum naszego zainteresowania stoj\u0105 j\u0119zyk pisarza, historia tekstu, w tym problemy autorstwa dzie\u0142 oraz ich \u017ar\u00f3d\u0142a.<\/p>\n<p>Bibliografi\u0119 opracowano na podstawie m.in. <em>Nowego Korbuta<\/em> oraz bibliografii Zbigniewa Sta\u0144czyka. Aby uwzgl\u0119dni\u0107 prac\u0119 w bibliografii lub zaproponowa\u0107 zmian\u0119, uprzejmie prosimy o skorzystanie <a href=\"http:\/\/scriptores.pl\/dlugosz\/bibliografia\/dodaj-wpis-do-bibliografii\/\" target=\"_blank\" rel=\"noopener noreferrer\">z formularza kontaktowego<\/a>.<\/p>\n<p>Bibliografi\u0119 mo\u017cna:<\/p>\n<ul>\n<li><span style=\"text-decoration: underline;\">przegl\u0105da\u0107<\/span>, wybieraj\u0105c typ opracowania i has\u0142o przedmiotowe:\n<ul>\n<li><em>bibliographica<\/em> &#8211; opracowania bibliograficzne,<\/li>\n<li><em>opera<\/em> &#8211; dzie\u0142a Jana D\u0142ugosza,<\/li>\n<li><em>spectantia<\/em> &#8211; opracowania po\u015bwi\u0119cone historykowi,<\/li>\n<li><em>exspectantia<\/em> &#8211; pending.<\/li>\n<\/ul>\n<\/li>\n<li><span style=\"text-decoration: underline;\">przeszukiwa\u0107<\/span>, wpisuj\u0105c fraz\u0119 w poni\u017cszym oknie.<\/li>\n<\/ul>\n<p>Opisy bibliograficzne mo\u017cna importowa\u0107:<\/p>\n<ul>\n<li>korzystaj\u0105c z linku CITE znajduj\u0105cego si\u0119 po ka\u017cdym opisie.,<\/li>\n<li>bezpo\u015brednio ze <a href=\"https:\/\/www.zotero.org\/groups\/2107315\/dlugosz?\" target=\"_blank\" rel=\"noopener noreferrer\">strony bibliografii grupowej Zotero<\/a>.<\/li>\n<\/ul>\n<a name=\"zotpress-lib-095b86df7eec3415830f2345ff213295\"><\/a>\n<div id=\"zotpress-lib-095b86df7eec3415830f2345ff213295\" class=\"zp-Library zp-Browse\">\n<span class=\"ZP_API_USER_ID ZP_ATTR\">2107315<\/span>\n\n<span class=\"ZP_MAXTAGS ZP_ATTR\">100<\/span>\n<span class=\"ZP_STYLE ZP_ATTR\">chicago-author-date<\/span>\n<span class=\"ZP_SORTBY ZP_ATTR\">creator<\/span>\n<span class=\"ZP_ORDER ZP_ATTR\">asc<\/span>\n<span class=\"ZP_CITEABLE ZP_ATTR\">1<\/span>\n<span class=\"ZP_DOWNLOADABLE ZP_ATTR\"><\/span>\n<span class=\"ZP_SHOWTAGS ZP_ATTR\"><\/span>\n<span class=\"ZP_SHOWIMAGE ZP_ATTR\"><\/span>\n<span class=\"ZP_TOPLEVEL ZP_ATTR\">toplevel<\/span><span class=\"ZP_TARGET ZP_ATTR\"><\/span>\n<span class=\"ZP_URLWRAP ZP_ATTR\"><\/span><span class=\"ZP_BROWSEBAR ZP_ATTR\">1<\/span>\n<input type=\"hidden\" class=\"ZOTPRESS_AC_MAXPERPAGE\" name=\"ZOTPRESS_AC_MAXPERPAGE\" value=\"10\">\n<div class=\"zp-Browse-Bar\"><div class=\"zp-Browse-Collections\"><div class='zp-Browse-Select'>\n<select class='zp-Browse-Collections-Select loading'>\n<option class='loading' value='loading'>Loading ...<\/option><option value='blank' class='blank'>Top Level<\/option><\/select>\n<\/div>\n\n<\/div><!-- .zp-Browse-Collections -->\n<div class=\"zp-Browse-Tags\"><div class='zp-Browse-Select'>\n<select class=\"zp-List-Tags\" name=\"zp-List-Tags\" class=\"loading\">\n<option class='loading' value='loading'>Loading ...<\/option>\n<\/select>\n<\/div>\n\n<\/div><!-- .zp-Browse-Tags -->\n<\/div><!-- .zp-Browse-Bar -->\n\n<div class=\"zp-List loading\"><div class='zp-Collection-Title'>Top Level Items<\/div>\n<div class=\"zpSearchResultsContainer\"><\/div><div class=\"zpSearchResultsPagingContainer\"><div class=\"zpSearchResultsPagingContainerInner\"><div class=\"zpSearchResultsPagingCrop\"><div class=\"zpSearchResultsPaging\"><\/div><\/div><\/div><\/div><\/div><!-- .zp-List -->\n<\/div><!-- .zp-Browse -->\n\n\n<a name=\"zotpress-lib-ab4f951ccad8089cd3e51cfbff19e5e9\"><\/a>\n<div id=\"zotpress-lib-ab4f951ccad8089cd3e51cfbff19e5e9\" class=\"zp-Library zp-Browse\">\n<span class=\"ZP_API_USER_ID ZP_ATTR\">2107315<\/span>\n\n<span class=\"ZP_MAXTAGS ZP_ATTR\">100<\/span>\n<span class=\"ZP_STYLE ZP_ATTR\">chicago-author-date<\/span>\n<span class=\"ZP_SORTBY ZP_ATTR\">creator<\/span>\n<span class=\"ZP_ORDER ZP_ATTR\">asc<\/span>\n<span class=\"ZP_CITEABLE ZP_ATTR\">1<\/span>\n<span class=\"ZP_DOWNLOADABLE ZP_ATTR\"><\/span>\n<span class=\"ZP_SHOWTAGS ZP_ATTR\"><\/span>\n<span class=\"ZP_SHOWIMAGE ZP_ATTR\"><\/span>\n<span class=\"ZP_TOPLEVEL ZP_ATTR\">toplevel<\/span><span class=\"ZP_TARGET ZP_ATTR\"><\/span>\n<span class=\"ZP_URLWRAP ZP_ATTR\"><\/span><span class=\"ZP_BROWSEBAR ZP_ATTR\">1<\/span>\n<input type=\"hidden\" class=\"ZOTPRESS_AC_MAXPERPAGE\" name=\"ZOTPRESS_AC_MAXPERPAGE\" value=\"10\">\n<div class=\"zp-Browse-Bar\"><div class=\"zp-Zotpress-SearchBox\"><input class=\"zp-Zotpress-SearchBox-Input\" class=\"help\" type=\"text\" placeholder=\"Type to search\" \/><div class='zp-SearchBy-Container'><span class=\"zp-SearchBy\">Search by:<\/span><div class=\"zpSearchFilterContainer\"><input type=\"radio\" name=\"zpSearchFilters\" class=\"item\" value=\"item\" checked=\"checked\"><label for=\"item\">item<\/label><\/div>\n<\/div>\n\n<input type=\"hidden\" class=\"ZOTPRESS_AC_MINLENGTH\" name=\"ZOTPRESS_AC_MINLENGTH\" value=\"3\" \/><input type=\"hidden\" class=\"ZOTPRESS_AC_MAXRESULTS\" name=\"ZOTPRESS_AC_MAXRESULTS\" value=\"50\" \/><input type=\"hidden\" class=\"ZOTPRESS_AC_MAXPAGES\" name=\"ZOTPRESS_AC_MAXPAGES\" value=\"10\" \/><input type=\"hidden\" class=\"ZOTPRESS_AC_DOWNLOAD\" name=\"ZOTPRESS_AC_DOWNLOAD\" value=\"\" \/><input type=\"hidden\" class=\"ZOTPRESS_AC_CITE\" name=\"ZOTPRESS_AC_CITE\" value=\"1\" \/><input type=\"hidden\" class=\"ZOTPRESS_PLUGIN_URL\" name=\"ZOTPRESS_PLUGIN_URL\" value=\"https:\/\/scriptores.pl\/dlugosz\/wp-content\/plugins\/zotpress\/\" \/><input type=\"hidden\" class=\"ZOTPRESS_USER\" name=\"ZOTPRESS_USER\" value=\"2107315\" \/><\/div>\n<\/div><!-- .zp-Browse-Bar -->\n\n<div class=\"zp-List\"><img decoding=\"async\" class=\"zpSearchLoading\" src=\"https:\/\/scriptores.pl\/dlugosz\/wp-content\/plugins\/zotpress\/\/images\/loading_default.gif\" alt=\"thinking\"><div class=\"zpSearchResultsContainer\"><\/div><div class=\"zpSearchResultsPagingContainer\"><div class=\"zpSearchResultsPagingContainerInner\"><div class=\"zpSearchResultsPagingCrop\"><div class=\"zpSearchResultsPaging\"><\/div><\/div><\/div><\/div><\/div><!-- .zp-List -->\n<\/div><!-- .zp-Browse -->\n\n\n<p>Version log:<br \/>\n2019\/06\/04 &#8211; added Dlugossiana I &amp; II etc. > ca. 200 entries [ZK]<br \/>\n2018\/03\/02 &#8211; initialized with 100 entries [KN]<\/p>","protected":false},"excerpt":{"rendered":"<p>Searchable bibliography of the project (selective, limited to language, textual history, authorship, sources) Bibliografia ma charakter selektywny: w centrum naszego zainteresowania stoj\u0105 j\u0119zyk pisarza, historia tekstu, w tym problemy autorstwa &#8230;<\/p>\n","protected":false},"author":1,"featured_media":60,"parent":47,"menu_order":0,"comment_status":"closed","ping_status":"closed","template":"","meta":{"footnotes":""},"class_list":["post-8","page","type-page","status-publish","has-post-thumbnail","hentry"],"aioseo_notices":[],"_links":{"self":[{"href":"https:\/\/scriptores.pl\/dlugosz\/en\/wp-json\/wp\/v2\/pages\/8","targetHints":{"allow":["GET"]}}],"collection":[{"href":"https:\/\/scriptores.pl\/dlugosz\/en\/wp-json\/wp\/v2\/pages"}],"about":[{"href":"https:\/\/scriptores.pl\/dlugosz\/en\/wp-json\/wp\/v2\/types\/page"}],"author":[{"embeddable":true,"href":"https:\/\/scriptores.pl\/dlugosz\/en\/wp-json\/wp\/v2\/users\/1"}],"replies":[{"embeddable":true,"href":"https:\/\/scriptores.pl\/dlugosz\/en\/wp-json\/wp\/v2\/comments?post=8"}],"version-history":[{"count":68,"href":"https:\/\/scriptores.pl\/dlugosz\/en\/wp-json\/wp\/v2\/pages\/8\/revisions"}],"predecessor-version":[{"id":241,"href":"https:\/\/scriptores.pl\/dlugosz\/en\/wp-json\/wp\/v2\/pages\/8\/revisions\/241"}],"up":[{"embeddable":true,"href":"https:\/\/scriptores.pl\/dlugosz\/en\/wp-json\/wp\/v2\/pages\/47"}],"wp:featuredmedia":[{"embeddable":true,"href":"https:\/\/scriptores.pl\/dlugosz\/en\/wp-json\/wp\/v2\/media\/60"}],"wp:attachment":[{"href":"https:\/\/scriptores.pl\/dlugosz\/en\/wp-json\/wp\/v2\/media?parent=8"}],"curies":[{"name":"wp","href":"https:\/\/api.w.org\/{rel}","templated":true}]}}