{"id":98,"date":"2017-10-10T10:34:34","date_gmt":"2017-10-10T08:34:34","guid":{"rendered":"http:\/\/scriptores.pl\/dialogi\/?page_id=98"},"modified":"2020-11-12T12:21:11","modified_gmt":"2020-11-12T11:21:11","slug":"spotkanie-iii","status":"publish","type":"page","link":"https:\/\/scriptores.pl\/dialogi\/archiwum\/spotkanie-iii\/","title":{"rendered":"Spotkanie III"},"content":{"rendered":"<p>6 XII 2017 g. 13:00<\/p>\n<p><strong>dr\u00a0Beata Raszewska-\u017burek<\/strong><\/p>\n<p><em>Zgoda w rozumieniu Polak\u00f3w czas\u00f3w staro- i \u015bredniopolskich (analiza leksykalno-semantyczna)<\/em><\/p>\n<p>&nbsp;<\/p>\n<p>Abstrakt:<\/p>\n<p style=\"text-align: justify\">Referat b\u0119dzie porusza\u0142 problemy, kt\u00f3re zosta\u0142y przedstawione w publikacji <em>Zgoda w rozumieniu Polak\u00f3w czas\u00f3w staro- i \u015bredniopolskich (analiza leksykalno-semantyczna).\u00a0<\/em>Monografia po\u015bwi\u0119cona jest zgodzie \u2013 poj\u0119ciu ze sfery spo\u0142ecznej i warto\u015bci uznawanej przez Polak\u00f3w doby staro- i \u015bredniopolskiej. Szczeg\u00f3\u0142owym badaniom poddano hiperonim poj\u0119cia zgoda \u2013 leksem <em>zgoda<\/em> wraz z derywatami i oppositum \u2013 <em>niezgoda<\/em>. Opracowanie oparte jest na materiale kartotek trzech s\u0142ownik\u00f3w odpowiednich okres\u00f3w polszczyzny. Najobszerniejsz\u0105 cz\u0119\u015b\u0107 pracy stanowi analiza u\u017cy\u0107 leksem\u00f3w z rodziny <em>zgody<\/em> i <em>niezgody<\/em> w tekstach doby staro- i \u015bredniopolskiej. Szczeg\u00f3lnie zwraca si\u0119 uwag\u0119 na powi\u0105zania leksemu <em>zgoda<\/em> (i pochodnych) z nazwami innych poj\u0119\u0107, kt\u00f3re pokaza\u0142y, \u017ce pojmowanie zgody mie\u015bci\u0142o si\u0119 w pewnych uk\u0142adach poj\u0119ciowych. Istot\u0105 pracy jest pr\u00f3ba dotarcia do dawnego sensu zgody \u2013 przedstawia si\u0119 ona jako stan relacji mi\u0119dzy cz\u0142onkami spo\u0142eczno\u015bci lub spo\u0142eczno\u015bciami, zar\u00f3wno stan realny, jak i \u2013 znacznie cz\u0119\u015bciej \u2013 modelowy. Tak widziana zgoda by\u0142a zasad\u0105 reguluj\u0105c\u0105 zachowania mi\u0119dzyludzkie i wa\u017cn\u0105 warto\u015bci\u0105 spo\u0142eczn\u0105. O zarysie takiego rozumienia zgody mo\u017cna m\u00f3wi\u0107 ju\u017c w staropolszczy\u017anie, w pe\u0142ni ukszta\u0142towa\u0142o si\u0119 ono w renesansie i utrzyma\u0142o si\u0119 bez wi\u0119kszych zmian do po\u0142owy XVIII w.<\/p>\n<p style=\"text-align: justify\"><a href=\"https:\/\/www.youtube.com\/watch?v=4kY5rSMwTUc\">Transmisja on-line<\/a><\/p>\n<p>&nbsp;<\/p>\n","protected":false},"excerpt":{"rendered":"<p>6 XII 2017 g. 13:00 dr\u00a0Beata Raszewska-\u017burek Zgoda w rozumieniu Polak\u00f3w czas\u00f3w staro- i \u015bredniopolskich (analiza leksykalno-semantyczna) &nbsp; Abstrakt: Referat b\u0119dzie porusza\u0142 problemy, kt\u00f3re zosta\u0142y przedstawione w publikacji Zgoda w rozumieniu Polak\u00f3w czas\u00f3w staro- i \u015bredniopolskich (analiza leksykalno-semantyczna).\u00a0Monografia po\u015bwi\u0119cona jest zgodzie \u2013 poj\u0119ciu ze sfery spo\u0142ecznej i warto\u015bci uznawanej przez Polak\u00f3w doby staro- i \u015bredniopolskiej. [&hellip;]<\/p>\n","protected":false},"author":5,"featured_media":0,"parent":37,"menu_order":0,"comment_status":"closed","ping_status":"closed","template":"","meta":{"footnotes":""},"class_list":["post-98","page","type-page","status-publish","hentry"],"aioseo_notices":[],"_links":{"self":[{"href":"https:\/\/scriptores.pl\/dialogi\/wp-json\/wp\/v2\/pages\/98","targetHints":{"allow":["GET"]}}],"collection":[{"href":"https:\/\/scriptores.pl\/dialogi\/wp-json\/wp\/v2\/pages"}],"about":[{"href":"https:\/\/scriptores.pl\/dialogi\/wp-json\/wp\/v2\/types\/page"}],"author":[{"embeddable":true,"href":"https:\/\/scriptores.pl\/dialogi\/wp-json\/wp\/v2\/users\/5"}],"replies":[{"embeddable":true,"href":"https:\/\/scriptores.pl\/dialogi\/wp-json\/wp\/v2\/comments?post=98"}],"version-history":[{"count":6,"href":"https:\/\/scriptores.pl\/dialogi\/wp-json\/wp\/v2\/pages\/98\/revisions"}],"predecessor-version":[{"id":224,"href":"https:\/\/scriptores.pl\/dialogi\/wp-json\/wp\/v2\/pages\/98\/revisions\/224"}],"up":[{"embeddable":true,"href":"https:\/\/scriptores.pl\/dialogi\/wp-json\/wp\/v2\/pages\/37"}],"wp:attachment":[{"href":"https:\/\/scriptores.pl\/dialogi\/wp-json\/wp\/v2\/media?parent=98"}],"curies":[{"name":"wp","href":"https:\/\/api.w.org\/{rel}","templated":true}]}}