{"id":90,"date":"2017-10-03T12:45:07","date_gmt":"2017-10-03T10:45:07","guid":{"rendered":"http:\/\/scriptores.pl\/dialogi\/?page_id=90"},"modified":"2020-11-12T12:17:07","modified_gmt":"2020-11-12T11:17:07","slug":"spotkanie-ii","status":"publish","type":"page","link":"https:\/\/scriptores.pl\/dialogi\/archiwum\/spotkanie-ii\/","title":{"rendered":"Spotkanie II"},"content":{"rendered":"<p>18 X 2017 g. 13:00<\/p>\n<p><strong>dr hab. Maria Trawi\u0144ska, prof. IS PAN<\/strong><\/p>\n<p><em>Wielkopolskie roty s\u0105dowe z XIV i XV wieku. S\u0142ownik onomastyczny<\/em><\/p>\n<p>&nbsp;<\/p>\n<p>Abstrakt:<\/p>\n<p style=\"text-align: justify\">Celem opracowywanego s\u0142ownika w wersji elektronicznej jest pokazanie: rozmaito\u015bci mian odnosz\u0105cych si\u0119 do wymienionych os\u00f3b i wi\u0105\u017c\u0105cego si\u0119 z tym sposobu ich identyfikacji, pocz\u0105tk\u00f3w kszta\u0142towania si\u0119 dwuelementowego sposobu nazywania, przechodzenia nazw pospolitych do grupy nazw w\u0142asnych oraz dwuj\u0119zyczno\u015bci w nazywaniu. Podstaw\u0105 materia\u0142ow\u0105 s\u0142ownika s\u0105 wielkopolskie roty s\u0105dowe w wydaniu H. Kowalewicza i W. Kuraszkiewicza, kt\u00f3rzy w pi\u0119ciotomowej edycji zamie\u015bcili prawie 60\u00a0000 zapis\u00f3w nazw w\u0142asnych. Za\u0142o\u017cony spos\u00f3b prezentacji materia\u0142u niesie wiele pyta\u0144, kt\u00f3re wynikaj\u0105 nie tylko ze sposobu operowania nim przez \u015bredniowiecznych pisarzy i uj\u0119cia przez wydawc\u00f3w, ale tak\u017ce z fragmentaryczno\u015bci \u017ar\u00f3d\u0142a \u2013 roty stanowi\u0105 tylko niewielk\u0105 cz\u0119\u015b\u0107 zabytku.<\/p>\n<p style=\"text-align: justify\"><a href=\"https:\/\/www.youtube.com\/watch?v=20PZzF7fHhE\">Transmisja on-line<\/a><\/p>\n","protected":false},"excerpt":{"rendered":"<p>18 X 2017 g. 13:00 dr hab. Maria Trawi\u0144ska, prof. IS PAN Wielkopolskie roty s\u0105dowe z XIV i XV wieku. S\u0142ownik onomastyczny &nbsp; Abstrakt: Celem opracowywanego s\u0142ownika w wersji elektronicznej jest pokazanie: rozmaito\u015bci mian odnosz\u0105cych si\u0119 do wymienionych os\u00f3b i wi\u0105\u017c\u0105cego si\u0119 z tym sposobu ich identyfikacji, pocz\u0105tk\u00f3w kszta\u0142towania si\u0119 dwuelementowego sposobu nazywania, przechodzenia nazw [&hellip;]<\/p>\n","protected":false},"author":5,"featured_media":0,"parent":37,"menu_order":2,"comment_status":"closed","ping_status":"closed","template":"","meta":{"footnotes":""},"class_list":["post-90","page","type-page","status-publish","hentry"],"aioseo_notices":[],"_links":{"self":[{"href":"https:\/\/scriptores.pl\/dialogi\/wp-json\/wp\/v2\/pages\/90","targetHints":{"allow":["GET"]}}],"collection":[{"href":"https:\/\/scriptores.pl\/dialogi\/wp-json\/wp\/v2\/pages"}],"about":[{"href":"https:\/\/scriptores.pl\/dialogi\/wp-json\/wp\/v2\/types\/page"}],"author":[{"embeddable":true,"href":"https:\/\/scriptores.pl\/dialogi\/wp-json\/wp\/v2\/users\/5"}],"replies":[{"embeddable":true,"href":"https:\/\/scriptores.pl\/dialogi\/wp-json\/wp\/v2\/comments?post=90"}],"version-history":[{"count":7,"href":"https:\/\/scriptores.pl\/dialogi\/wp-json\/wp\/v2\/pages\/90\/revisions"}],"predecessor-version":[{"id":215,"href":"https:\/\/scriptores.pl\/dialogi\/wp-json\/wp\/v2\/pages\/90\/revisions\/215"}],"up":[{"embeddable":true,"href":"https:\/\/scriptores.pl\/dialogi\/wp-json\/wp\/v2\/pages\/37"}],"wp:attachment":[{"href":"https:\/\/scriptores.pl\/dialogi\/wp-json\/wp\/v2\/media?parent=90"}],"curies":[{"name":"wp","href":"https:\/\/api.w.org\/{rel}","templated":true}]}}