{"id":64,"date":"2017-02-07T10:38:04","date_gmt":"2017-02-07T09:38:04","guid":{"rendered":"http:\/\/scriptores.pl\/dialogi\/?page_id=64"},"modified":"2017-10-03T12:41:28","modified_gmt":"2017-10-03T10:41:28","slug":"kontakt-2","status":"publish","type":"page","link":"https:\/\/scriptores.pl\/dialogi\/kontakt-2\/","title":{"rendered":"Kontakt"},"content":{"rendered":"<p>Instytut J\u0119zyka Polskiego PAN<\/p>\n<p>Pracownia J\u0119zyka Staropolskiego<\/p>\n<p>al. Mickiewicza 31<\/p>\n<p>31-120 Krak\u00f3w<\/p>\n<p><a href=\"https:\/\/pjs.ijp-pan.krakow.pl\/\">https:\/\/pjs.ijp-pan.krakow.pl\/<\/a><\/p>\n<p>katarzyna.jasinska@ijp.pan.pl<\/p>\n<p>&nbsp;<\/p>\n<p><img decoding=\"async\" class=\"alignnone size-full wp-image-44\" src=\"http:\/\/scriptores.pl\/dialogi\/wp-content\/uploads\/sites\/5\/2017\/01\/ijp-pan-e1484564754435.png\" alt=\"ijp-pan-e1475682177708\" width=\"20\" height=\"36\" \/><\/p>","protected":false},"excerpt":{"rendered":"<p>Instytut J\u0119zyka Polskiego PAN Pracownia J\u0119zyka Staropolskiego al. Mickiewicza 31 31-120 Krak\u00f3w https:\/\/pjs.ijp-pan.krakow.pl\/ katarzyna.jasinska@ijp.pan.pl &nbsp;<\/p>\n","protected":false},"author":5,"featured_media":0,"parent":0,"menu_order":0,"comment_status":"closed","ping_status":"closed","template":"","meta":{"footnotes":""},"class_list":["post-64","page","type-page","status-publish","hentry"],"aioseo_notices":[],"_links":{"self":[{"href":"https:\/\/scriptores.pl\/dialogi\/wp-json\/wp\/v2\/pages\/64","targetHints":{"allow":["GET"]}}],"collection":[{"href":"https:\/\/scriptores.pl\/dialogi\/wp-json\/wp\/v2\/pages"}],"about":[{"href":"https:\/\/scriptores.pl\/dialogi\/wp-json\/wp\/v2\/types\/page"}],"author":[{"embeddable":true,"href":"https:\/\/scriptores.pl\/dialogi\/wp-json\/wp\/v2\/users\/5"}],"replies":[{"embeddable":true,"href":"https:\/\/scriptores.pl\/dialogi\/wp-json\/wp\/v2\/comments?post=64"}],"version-history":[{"count":3,"href":"https:\/\/scriptores.pl\/dialogi\/wp-json\/wp\/v2\/pages\/64\/revisions"}],"predecessor-version":[{"id":89,"href":"https:\/\/scriptores.pl\/dialogi\/wp-json\/wp\/v2\/pages\/64\/revisions\/89"}],"wp:attachment":[{"href":"https:\/\/scriptores.pl\/dialogi\/wp-json\/wp\/v2\/media?parent=64"}],"curies":[{"name":"wp","href":"https:\/\/api.w.org\/{rel}","templated":true}]}}