{"id":226,"date":"2020-11-12T12:25:08","date_gmt":"2020-11-12T11:25:08","guid":{"rendered":"http:\/\/scriptores.pl\/dialogi\/?page_id=226"},"modified":"2020-11-16T10:49:35","modified_gmt":"2020-11-16T09:49:35","slug":"spotkanie-ix","status":"publish","type":"page","link":"https:\/\/scriptores.pl\/dialogi\/spotkanie-ix\/","title":{"rendered":"Spotkanie IX"},"content":{"rendered":"<p>23 XI 2020 g. 13:00<\/p>\n<p><strong>dr Rafa\u0142 Szepty\u0144ski<\/strong><\/p>\n<p><em>Dwa \u201enowe\u201d wyrazy staropolskie: (1) czetnik, (2) ska\u0142<\/em><\/p>\n<p>Referat po\u015bwi\u0119cony jest dw\u00f3m niejasnym dot\u0105d zapisom staropolskim: <em>\u017fczetniki<\/em> (1402) oraz <em>\u017fkal<\/em> (<em>ca<\/em> 1416). Prelegent stara si\u0119 przezwyci\u0119\u017cy\u0107 problemy interpretacyjne, odwo\u0142uj\u0105c si\u0119 w pierwszym rz\u0119dzie do materia\u0142u XVI-wiecznego, a dalej \u2013 si\u0119gaj\u0105c po \u017ar\u00f3d\u0142a gwarowe i folklorystyczne oraz dane por\u00f3wnawcze z innych j\u0119zyk\u00f3w s\u0142owia\u0144skich. Proponowane lekcje to:<\/p>\n<p>(I) <em>\u00a0<\/em>instr.pl. <em>z czetniki<\/em> \u2018z towarzyszami\u2019,<\/p>\n<p>(II) nom.sg. <em>ska\u0142<\/em> \u2018narz\u0119dzie do rozszczepiania, roz\u0142upywania\u2019.<\/p>\n<p>Link do spotkania: <a href=\"https:\/\/us02web.zoom.us\/j\/85082194407?pwd=SHF2bnhRbC9KT05ONmd5U21OK0ZaQT09\">https:\/\/us02web.zoom.us\/j\/85082194407?pwd=SHF2bnhRbC9KT05ONmd5U21OK0ZaQT09<\/a><\/p>\n","protected":false},"excerpt":{"rendered":"<p>23 XI 2020 g. 13:00 dr Rafa\u0142 Szepty\u0144ski Dwa \u201enowe\u201d wyrazy staropolskie: (1) czetnik, (2) ska\u0142 Referat po\u015bwi\u0119cony jest dw\u00f3m niejasnym dot\u0105d zapisom staropolskim: \u017fczetniki (1402) oraz \u017fkal (ca 1416). Prelegent stara si\u0119 przezwyci\u0119\u017cy\u0107 problemy interpretacyjne, odwo\u0142uj\u0105c si\u0119 w pierwszym rz\u0119dzie do materia\u0142u XVI-wiecznego, a dalej \u2013 si\u0119gaj\u0105c po \u017ar\u00f3d\u0142a gwarowe i folklorystyczne oraz dane [&hellip;]<\/p>\n","protected":false},"author":5,"featured_media":0,"parent":0,"menu_order":0,"comment_status":"closed","ping_status":"closed","template":"","meta":{"footnotes":""},"class_list":["post-226","page","type-page","status-publish","hentry"],"aioseo_notices":[],"_links":{"self":[{"href":"https:\/\/scriptores.pl\/dialogi\/wp-json\/wp\/v2\/pages\/226","targetHints":{"allow":["GET"]}}],"collection":[{"href":"https:\/\/scriptores.pl\/dialogi\/wp-json\/wp\/v2\/pages"}],"about":[{"href":"https:\/\/scriptores.pl\/dialogi\/wp-json\/wp\/v2\/types\/page"}],"author":[{"embeddable":true,"href":"https:\/\/scriptores.pl\/dialogi\/wp-json\/wp\/v2\/users\/5"}],"replies":[{"embeddable":true,"href":"https:\/\/scriptores.pl\/dialogi\/wp-json\/wp\/v2\/comments?post=226"}],"version-history":[{"count":4,"href":"https:\/\/scriptores.pl\/dialogi\/wp-json\/wp\/v2\/pages\/226\/revisions"}],"predecessor-version":[{"id":232,"href":"https:\/\/scriptores.pl\/dialogi\/wp-json\/wp\/v2\/pages\/226\/revisions\/232"}],"wp:attachment":[{"href":"https:\/\/scriptores.pl\/dialogi\/wp-json\/wp\/v2\/media?parent=226"}],"curies":[{"name":"wp","href":"https:\/\/api.w.org\/{rel}","templated":true}]}}