{"id":164,"date":"2019-02-28T09:39:28","date_gmt":"2019-02-28T08:39:28","guid":{"rendered":"http:\/\/scriptores.pl\/dialogi\/?page_id=164"},"modified":"2020-11-12T12:19:49","modified_gmt":"2020-11-12T11:19:49","slug":"spotkanie-vii","status":"publish","type":"page","link":"https:\/\/scriptores.pl\/dialogi\/spotkanie-vii\/","title":{"rendered":"Spotkanie VII"},"content":{"rendered":"<p>6 III 2019 g. 13.00<\/p>\n<p><strong>dr Anna Ledzi\u0144ska<\/strong><\/p>\n<p><em>Pokora, humiliatio, humilitas. Polsko-\u0142aci\u0144skie interferencje semantyczne w \u015bredniowiecznym j\u0119zyku prawa<\/em><\/p>\n<p>&nbsp;<\/p>\n<p>Abstrakt:<\/p>\n<p>Badacze \u0142aciny \u015bredniowiecznej zgodni s\u0105 co do tego, \u017ce najwi\u0119cej interesuj\u0105cych zjawisk w obr\u0119bie znacze\u0144 i s\u0142owotw\u00f3rstwa wyraz\u00f3w pojawi\u0142o si\u0119 w leksemach opisuj\u0105cych rzeczywisto\u015b\u0107 codzienn\u0105, kt\u00f3ra na przestrzeni setek lat rozwoju \u0142aciny uleg\u0142a wielkiej zmianie. Dotyczy to nie tylko rzeczy najbardziej namacalnych, a wi\u0119c nazw przedmiot\u00f3w u\u017cytkowych cz\u0119stokro\u0107 zapo\u017cyczanych z j\u0119zyk\u00f3w wernakularnych, ale r\u00f3wnie\u017c opisu stosunk\u00f3w spo\u0142ecznych, zwyczaj\u00f3w i praktyk prawnych zachowanych w rozmaitych dokumentach, zw\u0142aszcza zapiskach s\u0105dowych. Wyk\u0142ad dotyczy\u0107 b\u0119dzie interferencji semantycznej zaobserwowanej w tekstach prawnych pomi\u0119dzy staropolskim leksemem POKORA a \u0142aci\u0144skimi HUMILIATIO, HUMILITAS, a dodatkowo HOMAGIUM i VENIA.<\/p>\n<p><a href=\"https:\/\/www.youtube.com\/watch?v=0_U7TzI05ZE&amp;list=PL1bH0K-HvWsQyI0fNnHNObU_3qeCui6wq&amp;index=7\">Transmisja<\/a><\/p>\n","protected":false},"excerpt":{"rendered":"<p>6 III 2019 g. 13.00 dr Anna Ledzi\u0144ska Pokora, humiliatio, humilitas. Polsko-\u0142aci\u0144skie interferencje semantyczne w \u015bredniowiecznym j\u0119zyku prawa &nbsp; Abstrakt: Badacze \u0142aciny \u015bredniowiecznej zgodni s\u0105 co do tego, \u017ce najwi\u0119cej interesuj\u0105cych zjawisk w obr\u0119bie znacze\u0144 i s\u0142owotw\u00f3rstwa wyraz\u00f3w pojawi\u0142o si\u0119 w leksemach opisuj\u0105cych rzeczywisto\u015b\u0107 codzienn\u0105, kt\u00f3ra na przestrzeni setek lat rozwoju \u0142aciny uleg\u0142a wielkiej zmianie. [&hellip;]<\/p>\n","protected":false},"author":5,"featured_media":0,"parent":0,"menu_order":0,"comment_status":"closed","ping_status":"closed","template":"","meta":{"footnotes":""},"class_list":["post-164","page","type-page","status-publish","hentry"],"aioseo_notices":[],"_links":{"self":[{"href":"https:\/\/scriptores.pl\/dialogi\/wp-json\/wp\/v2\/pages\/164","targetHints":{"allow":["GET"]}}],"collection":[{"href":"https:\/\/scriptores.pl\/dialogi\/wp-json\/wp\/v2\/pages"}],"about":[{"href":"https:\/\/scriptores.pl\/dialogi\/wp-json\/wp\/v2\/types\/page"}],"author":[{"embeddable":true,"href":"https:\/\/scriptores.pl\/dialogi\/wp-json\/wp\/v2\/users\/5"}],"replies":[{"embeddable":true,"href":"https:\/\/scriptores.pl\/dialogi\/wp-json\/wp\/v2\/comments?post=164"}],"version-history":[{"count":3,"href":"https:\/\/scriptores.pl\/dialogi\/wp-json\/wp\/v2\/pages\/164\/revisions"}],"predecessor-version":[{"id":219,"href":"https:\/\/scriptores.pl\/dialogi\/wp-json\/wp\/v2\/pages\/164\/revisions\/219"}],"wp:attachment":[{"href":"https:\/\/scriptores.pl\/dialogi\/wp-json\/wp\/v2\/media?parent=164"}],"curies":[{"name":"wp","href":"https:\/\/api.w.org\/{rel}","templated":true}]}}