{"id":130,"date":"2018-02-12T10:18:10","date_gmt":"2018-02-12T09:18:10","guid":{"rendered":"http:\/\/scriptores.pl\/dialogi\/?page_id=130"},"modified":"2020-11-12T12:19:11","modified_gmt":"2020-11-12T11:19:11","slug":"spotkanie-iv","status":"publish","type":"page","link":"https:\/\/scriptores.pl\/dialogi\/spotkanie-iv\/","title":{"rendered":"Spotkanie IV"},"content":{"rendered":"<p><strong>7 III 2018 g. 13:00<\/strong><\/p>\n<p>dr hab. Aleksandra Janowska, prof. U\u015a<\/p>\n<p><em>Problemy opisu staropolskiej derywacji czasownikowej<\/em><\/p>\n<p>&nbsp;<\/p>\n<p>Abstrakt:<\/p>\n<p>S\u0142owotw\u00f3rstwo czasownik\u00f3w nie poddaje si\u0119 \u0142atwo opisowi, zw\u0142aszcza gdy si\u0119gamy po materia\u0142 najdawniejszy. Ale w\u0142a\u015bnie tak skomplikowana materia szczeg\u00f3lnie przyci\u0105ga uwag\u0119 badaczy. Nic wi\u0119c dziwnego, \u017ce literatura po\u015bwi\u0119cona wspomnianym zagadnieniom jest stosunkowo bogata. W dalszym ci\u0105gu jednak mamy poczucie, i\u017c o derywacji staropolskiej ma\u0142o wiemy, i\u017c jeszcze nie uchwycili\u015bmy istotnych jej cech. Problemy pojawiaj\u0105 si\u0119 ju\u017c przy wyodr\u0119bnianiu przedmiotu bada\u0144, na przyk\u0142ad przy okre\u015blaniu, z jakim przedrostkiem mamy do czynienia (z\u2013s, prze\u2013przed itd.) Zastanawiaj\u0105 ponadto d\u0142ugie szeregi wariantywnych form, tautologiczne konstrukcje. Okazuje si\u0119 te\u017c, \u017ce niewiele mo\u017cemy powiedzie\u0107 o mechanizmach derywacyjnych tamtego okresu.<\/p>\n<p><a href=\"https:\/\/www.youtube.com\/watch?v=5mudxvZhDVQ\">Transmisja on-line<\/a><\/p>\n","protected":false},"excerpt":{"rendered":"<p>7 III 2018 g. 13:00 dr hab. Aleksandra Janowska, prof. U\u015a Problemy opisu staropolskiej derywacji czasownikowej &nbsp; Abstrakt: S\u0142owotw\u00f3rstwo czasownik\u00f3w nie poddaje si\u0119 \u0142atwo opisowi, zw\u0142aszcza gdy si\u0119gamy po materia\u0142 najdawniejszy. Ale w\u0142a\u015bnie tak skomplikowana materia szczeg\u00f3lnie przyci\u0105ga uwag\u0119 badaczy. Nic wi\u0119c dziwnego, \u017ce literatura po\u015bwi\u0119cona wspomnianym zagadnieniom jest stosunkowo bogata. W dalszym ci\u0105gu jednak [&hellip;]<\/p>\n","protected":false},"author":5,"featured_media":0,"parent":0,"menu_order":0,"comment_status":"closed","ping_status":"closed","template":"","meta":{"footnotes":""},"class_list":["post-130","page","type-page","status-publish","hentry"],"aioseo_notices":[],"_links":{"self":[{"href":"https:\/\/scriptores.pl\/dialogi\/wp-json\/wp\/v2\/pages\/130","targetHints":{"allow":["GET"]}}],"collection":[{"href":"https:\/\/scriptores.pl\/dialogi\/wp-json\/wp\/v2\/pages"}],"about":[{"href":"https:\/\/scriptores.pl\/dialogi\/wp-json\/wp\/v2\/types\/page"}],"author":[{"embeddable":true,"href":"https:\/\/scriptores.pl\/dialogi\/wp-json\/wp\/v2\/users\/5"}],"replies":[{"embeddable":true,"href":"https:\/\/scriptores.pl\/dialogi\/wp-json\/wp\/v2\/comments?post=130"}],"version-history":[{"count":5,"href":"https:\/\/scriptores.pl\/dialogi\/wp-json\/wp\/v2\/pages\/130\/revisions"}],"predecessor-version":[{"id":217,"href":"https:\/\/scriptores.pl\/dialogi\/wp-json\/wp\/v2\/pages\/130\/revisions\/217"}],"wp:attachment":[{"href":"https:\/\/scriptores.pl\/dialogi\/wp-json\/wp\/v2\/media?parent=130"}],"curies":[{"name":"wp","href":"https:\/\/api.w.org\/{rel}","templated":true}]}}