{"id":4,"date":"2017-01-11T12:33:02","date_gmt":"2017-01-11T11:33:02","guid":{"rendered":"http:\/\/scriptores.pl\/dialogi\/?page_id=4"},"modified":"2017-02-15T07:32:04","modified_gmt":"2017-02-15T06:32:04","slug":"strona-glowna","status":"publish","type":"page","link":"https:\/\/scriptores.pl\/dialogi\/en\/","title":{"rendered":"Strona g\u0142\u00f3wna"},"content":{"rendered":"<p style=\"text-align: justify\">Serdecznie zapraszamy do udzia\u0142u w cyklu spotka\u0144 <em>Dialogi<\/em> <em>staropolskie<\/em> organizowanych przez Pracowni\u0119 J\u0119zyka Staropolskiego Instytutu J\u0119zyka Polskiego PAN w Krakowie. Tematyka wyk\u0142ad\u00f3w oscyluje wok\u00f3\u0142 szeroko poj\u0119tej filologii staropolskiej, zach\u0119camy zatem do uczestnictwa nie tylko j\u0119zykoznawc\u00f3w, ale r\u00f3wnie\u017c paleograf\u00f3w, historyk\u00f3w, literaturoznawc\u00f3w, kulturoznawc\u00f3w czy wydawc\u00f3w tekst\u00f3w dawnych.<\/p>\n<p style=\"text-align: justify\">Spotkania odbywaj\u0105 si\u0119 w sali konferencyjnej Instytutu J\u0119zyka Polskiego PAN (I pi\u0119tro) przy al. Mickiewicza 31.<\/p>\n<p style=\"text-align: justify\">Zobacz <a href=\"http:\/\/scriptores.pl\/dialogi\/spotkania\/\">program<\/a><\/p>\n<h1><\/h1>\n<p>&nbsp;<\/p>\n","protected":false},"excerpt":{"rendered":"<p>Serdecznie zapraszamy do udzia\u0142u w cyklu spotka\u0144 Dialogi staropolskie organizowanych przez Pracowni\u0119 J\u0119zyka Staropolskiego Instytutu J\u0119zyka Polskiego PAN w Krakowie. Tematyka wyk\u0142ad\u00f3w oscyluje wok\u00f3\u0142 szeroko poj\u0119tej filologii staropolskiej, zach\u0119camy zatem do uczestnictwa nie tylko j\u0119zykoznawc\u00f3w, ale r\u00f3wnie\u017c paleograf\u00f3w, historyk\u00f3w, literaturoznawc\u00f3w, kulturoznawc\u00f3w czy wydawc\u00f3w tekst\u00f3w dawnych. Spotkania odbywaj\u0105 si\u0119 w sali konferencyjnej Instytutu J\u0119zyka Polskiego PAN [&hellip;]<\/p>\n","protected":false},"author":5,"featured_media":0,"parent":0,"menu_order":0,"comment_status":"closed","ping_status":"closed","template":"","meta":{"footnotes":""},"class_list":["post-4","page","type-page","status-publish","hentry"],"aioseo_notices":[],"_links":{"self":[{"href":"https:\/\/scriptores.pl\/dialogi\/en\/wp-json\/wp\/v2\/pages\/4","targetHints":{"allow":["GET"]}}],"collection":[{"href":"https:\/\/scriptores.pl\/dialogi\/en\/wp-json\/wp\/v2\/pages"}],"about":[{"href":"https:\/\/scriptores.pl\/dialogi\/en\/wp-json\/wp\/v2\/types\/page"}],"author":[{"embeddable":true,"href":"https:\/\/scriptores.pl\/dialogi\/en\/wp-json\/wp\/v2\/users\/5"}],"replies":[{"embeddable":true,"href":"https:\/\/scriptores.pl\/dialogi\/en\/wp-json\/wp\/v2\/comments?post=4"}],"version-history":[{"count":22,"href":"https:\/\/scriptores.pl\/dialogi\/en\/wp-json\/wp\/v2\/pages\/4\/revisions"}],"predecessor-version":[{"id":78,"href":"https:\/\/scriptores.pl\/dialogi\/en\/wp-json\/wp\/v2\/pages\/4\/revisions\/78"}],"wp:attachment":[{"href":"https:\/\/scriptores.pl\/dialogi\/en\/wp-json\/wp\/v2\/media?parent=4"}],"curies":[{"name":"wp","href":"https:\/\/api.w.org\/{rel}","templated":true}]}}