{"id":39,"date":"2017-01-16T11:46:34","date_gmt":"2017-01-16T10:46:34","guid":{"rendered":"http:\/\/scriptores.pl\/dialogi\/?page_id=39"},"modified":"2020-11-12T12:21:03","modified_gmt":"2020-11-12T11:21:03","slug":"spotkanie-i","status":"publish","type":"page","link":"https:\/\/scriptores.pl\/dialogi\/en\/archiwum\/spotkanie-i\/","title":{"rendered":"Spotkanie I"},"content":{"rendered":"<p>22 II 2016 g. 13.00<\/p>\n<p><strong>dr Zofia Wanicowa<br \/>\n<\/strong><\/p>\n<p><em>Czy <\/em>S\u0142ownik staropolski<em> potrzebuje obrony?<\/em><\/p>\n<p>&nbsp;<\/p>\n<p>Abstrakt:<\/p>\n<p style=\"text-align: justify\">Spotkania dotycz\u0105ce staropolszczyzny postanowi\u0142am\u00a0 zacz\u0105\u0107 od podzielenia si\u0119 do\u015bwiadczeniami pracy badawczej nad najstarsz\u0105 warstw\u0105 pisanej polszczyzny. Wyst\u0105pienie ma na celu u\u015bwiadomienie odbiorcom, z jakimi trudno\u015bciami musieli si\u0119 mierzy\u0107 autorzy s\u0142ownikowych hase\u0142, jak trudno w konwencji leksykonu przedstawi\u0107 proces badawczy prowadz\u0105cy do ostatecznego kszta\u0142tu has\u0142a.<\/p>\n<p style=\"text-align: justify\">Omawiam rzecz og\u00f3lnie, ale tak\u017ce pokazuj\u0119, jak w praktyce krok po kroku mo\u017cna rozwi\u0105za\u0107 zdawa\u0142oby si\u0119 nierozwi\u0105zywalne, co podsumowuje znane stwierdzenie redaktora S\u0142ownika staropolskiego prof. Stanis\u0142awa Urba\u0144czyka: &#8220;Problemy trudne, ciemne, zagadkowe jawi\u0105 si\u0119 wszystkim bardzo proste i oczywiste, pod jednym wszak\u017ce warunkiem, \u017ce&#8230; zosta\u0142y ju\u017c rozwik\u0142ane&#8221;.<\/p>\n<p><a href=\"https:\/\/www.youtube.com\/watch?v=QrrmQdnCKng\">Transmisja on-line<\/a><\/p>\n<p>&nbsp;<\/p>\n","protected":false},"excerpt":{"rendered":"<p>22 II 2016 g. 13.00 dr Zofia Wanicowa Czy S\u0142ownik staropolski potrzebuje obrony? &nbsp; Abstrakt: Spotkania dotycz\u0105ce staropolszczyzny postanowi\u0142am\u00a0 zacz\u0105\u0107 od podzielenia si\u0119 do\u015bwiadczeniami pracy badawczej nad najstarsz\u0105 warstw\u0105 pisanej polszczyzny. Wyst\u0105pienie ma na celu u\u015bwiadomienie odbiorcom, z jakimi trudno\u015bciami musieli si\u0119 mierzy\u0107 autorzy s\u0142ownikowych hase\u0142, jak trudno w konwencji leksykonu przedstawi\u0107 proces badawczy prowadz\u0105cy [&hellip;]<\/p>\n","protected":false},"author":5,"featured_media":0,"parent":37,"menu_order":0,"comment_status":"closed","ping_status":"closed","template":"","meta":{"footnotes":""},"class_list":["post-39","page","type-page","status-publish","hentry"],"aioseo_notices":[],"_links":{"self":[{"href":"https:\/\/scriptores.pl\/dialogi\/en\/wp-json\/wp\/v2\/pages\/39","targetHints":{"allow":["GET"]}}],"collection":[{"href":"https:\/\/scriptores.pl\/dialogi\/en\/wp-json\/wp\/v2\/pages"}],"about":[{"href":"https:\/\/scriptores.pl\/dialogi\/en\/wp-json\/wp\/v2\/types\/page"}],"author":[{"embeddable":true,"href":"https:\/\/scriptores.pl\/dialogi\/en\/wp-json\/wp\/v2\/users\/5"}],"replies":[{"embeddable":true,"href":"https:\/\/scriptores.pl\/dialogi\/en\/wp-json\/wp\/v2\/comments?post=39"}],"version-history":[{"count":8,"href":"https:\/\/scriptores.pl\/dialogi\/en\/wp-json\/wp\/v2\/pages\/39\/revisions"}],"predecessor-version":[{"id":223,"href":"https:\/\/scriptores.pl\/dialogi\/en\/wp-json\/wp\/v2\/pages\/39\/revisions\/223"}],"up":[{"embeddable":true,"href":"https:\/\/scriptores.pl\/dialogi\/en\/wp-json\/wp\/v2\/pages\/37"}],"wp:attachment":[{"href":"https:\/\/scriptores.pl\/dialogi\/en\/wp-json\/wp\/v2\/media?parent=39"}],"curies":[{"name":"wp","href":"https:\/\/api.w.org\/{rel}","templated":true}]}}