{"id":27,"date":"2017-01-16T11:05:43","date_gmt":"2017-01-16T10:05:43","guid":{"rendered":"http:\/\/scriptores.pl\/dialogi\/?page_id=27"},"modified":"2020-11-12T12:22:29","modified_gmt":"2020-11-12T11:22:29","slug":"spotkania","status":"publish","type":"page","link":"https:\/\/scriptores.pl\/dialogi\/en\/spotkania\/","title":{"rendered":"Program"},"content":{"rendered":"<p>23 XI 2020 g. 13:00<\/p>\n<p><strong>dr Rafa\u0142 Szepty\u0144ski<\/strong><\/p>\n<p><em>Dwa \u201enowe\u201d wyrazy staropolskie: (1) czetnik, (2) ska\u0142<\/em><\/p>\n<p>Szczeg\u00f3\u0142y<\/p>\n<p>&nbsp;<\/p>\n<p>20 XI 2019 g. 13:00<\/p>\n<p><strong>dr Andrea Svobodov\u00e1<br \/>\n<\/strong><\/p>\n<p><em>diabible.com. Datab\u00e1ze pozdn\u011b st\u0159edov\u011bk\u00fdch biblick\u00fdch text\u016f<\/em><\/p>\n<p><a href=\"http:\/\/scriptores.pl\/dialogi\/archiwum\/186-2\/\">Szczeg\u00f3\u0142y<\/a><\/p>\n<p><a href=\"https:\/\/www.youtube.com\/watch?v=7Ky_4pGET-A\">Transmisja<\/a><\/p>\n<p>&nbsp;<\/p>\n<p>6 III 2019 g. 13.00<\/p>\n<p><strong>dr Anna Ledzi\u0144ska<\/strong><\/p>\n<p><em>Pokora, humiliatio, humilitas. Polsko-\u0142aci\u0144skie interferencje semantyczne w \u015bredniowiecznym j\u0119zyku prawa<\/em><\/p>\n<p><a href=\"http:\/\/scriptores.pl\/dialogi\/spotkanie-vii\/\">Szczeg\u00f3\u0142y<\/a><\/p>\n<p><a href=\"https:\/\/www.youtube.com\/watch?v=0_U7TzI05ZE&amp;list=PL1bH0K-HvWsQyI0fNnHNObU_3qeCui6wq&amp;index=7\">Transmisja<\/a><\/p>\n<p>&nbsp;<\/p>\n<p>16 I 2019 g. 13:00<\/p>\n<p><strong>dr hab. Anna Zajchowska-Bo\u0142tromiuk<br \/>\n<\/strong><\/p>\n<p><em>Dominika\u0144ska lekcja historii Polski. W\u0105tki historyczne w p\u00f3\u017ano\u015bredniowiecznych kazaniach z bibliotek polskich dominikan\u00f3w<\/em><\/p>\n<p><a href=\"http:\/\/scriptores.pl\/dialogi\/archiwum\/spotkanie-vi\/\">Szczeg\u00f3\u0142y<\/a><\/p>\n<p><a href=\"https:\/\/www.youtube.com\/watch?v=RexltHgcLZI\">Transmisja<\/a><\/p>\n<p>&nbsp;<\/p>\n<p>27 VI 2018 g. 13:00<\/p>\n<p><strong>dr hab. Thomas Menzel<br \/>\n<\/strong><\/p>\n<p><em>Kompleksowo\u015b\u0107 systemu fleksyjnego w j\u0119zykach \u0142u\u017cyckich i w polszczy\u017anie<\/em><\/p>\n<p><a href=\"http:\/\/scriptores.pl\/dialogi\/spotkanie-v\/\">Szczeg\u00f3\u0142y<\/a><\/p>\n<p><a href=\"https:\/\/www.youtube.com\/watch?v=hAtl_giFgEg\">Transmisja<\/a><\/p>\n<p>&nbsp;<\/p>\n<p>7 III 2018 g. 13:00<\/p>\n<p><strong>dr hab. Aleksandra Janowska, prof. U\u015a<\/strong><\/p>\n<p><em>Problemy opisu staropolskiej derywacji czasownikowej<\/em><\/p>\n<p><a href=\"http:\/\/scriptores.pl\/dialogi\/spotkanie-iv\/\">Szczeg\u00f3\u0142y<\/a><\/p>\n<p><a href=\"https:\/\/www.youtube.com\/channel\/UCTPB8Jskj51J3DqA6nO5isA\">Transmisja<\/a><\/p>\n<p>&nbsp;<\/p>\n<p>6 XII 2017 g. 13:00<\/p>\n<p><strong>dr Beata Raszewska-\u017burek<\/strong><\/p>\n<p><em>Zgoda w rozumieniu Polak\u00f3w czas\u00f3w staro- i \u015bredniopolskich (analiza leksykalno-semantyczna)<\/em><\/p>\n<p><a href=\"http:\/\/scriptores.pl\/dialogi\/archiwum\/spotkanie-iii\/\">Szczeg\u00f3\u0142y<\/a><\/p>\n<p><a href=\"https:\/\/www.youtube.com\/watch?v=4kY5rSMwTUc\">Transmisja<\/a><\/p>\n<p>&nbsp;<\/p>\n<p>18 X 2017 g. 13:00<\/p>\n<p><strong>dr hab. Maria Trawi\u0144ska, prof. IS PAN<\/strong><\/p>\n<p><em>Wielkopolskie roty s\u0105dowe z XIV i XV wieku. S\u0142ownik onomastyczny<\/em><\/p>\n<p><a href=\"http:\/\/scriptores.pl\/dialogi\/archiwum\/spotkanie-ii\/\">Szczeg\u00f3\u0142y<\/a><\/p>\n<p><a href=\"https:\/\/www.youtube.com\/playlist?list=PL1bH0K-HvWsQyI0fNnHNObU_3qeCui6wq\">Transmisja<\/a><\/p>\n<p>&nbsp;<\/p>\n<p>22 II 2017 g. 13:00<br \/>\n<strong>dr Zofia Wanicowa<\/strong><\/p>\n<p><em>Czy <\/em>S\u0142ownik staropolski<em> potrzebuje obrony?<\/em><\/p>\n<p><a href=\"http:\/\/scriptores.pl\/dialogi\/archwium\/spotkanie-i\/\" target=\"_blank\" rel=\"noopener noreferrer\">Szczeg\u00f3\u0142y<\/a><\/p>\n<p><a href=\"https:\/\/www.youtube.com\/watch?v=QrrmQdnCKng\">Transmisja<\/a><\/p>\n","protected":false},"excerpt":{"rendered":"<p>23 XI 2020 g. 13:00 dr Rafa\u0142 Szepty\u0144ski Dwa \u201enowe\u201d wyrazy staropolskie: (1) czetnik, (2) ska\u0142 Szczeg\u00f3\u0142y &nbsp; 20 XI 2019 g. 13:00 dr Andrea Svobodov\u00e1 diabible.com. Datab\u00e1ze pozdn\u011b st\u0159edov\u011bk\u00fdch biblick\u00fdch text\u016f Szczeg\u00f3\u0142y Transmisja &nbsp; 6 III 2019 g. 13.00 dr Anna Ledzi\u0144ska Pokora, humiliatio, humilitas. Polsko-\u0142aci\u0144skie interferencje semantyczne w \u015bredniowiecznym j\u0119zyku prawa Szczeg\u00f3\u0142y Transmisja [&hellip;]<\/p>\n","protected":false},"author":5,"featured_media":0,"parent":0,"menu_order":0,"comment_status":"closed","ping_status":"closed","template":"","meta":{"footnotes":""},"class_list":["post-27","page","type-page","status-publish","hentry"],"aioseo_notices":[],"_links":{"self":[{"href":"https:\/\/scriptores.pl\/dialogi\/en\/wp-json\/wp\/v2\/pages\/27","targetHints":{"allow":["GET"]}}],"collection":[{"href":"https:\/\/scriptores.pl\/dialogi\/en\/wp-json\/wp\/v2\/pages"}],"about":[{"href":"https:\/\/scriptores.pl\/dialogi\/en\/wp-json\/wp\/v2\/types\/page"}],"author":[{"embeddable":true,"href":"https:\/\/scriptores.pl\/dialogi\/en\/wp-json\/wp\/v2\/users\/5"}],"replies":[{"embeddable":true,"href":"https:\/\/scriptores.pl\/dialogi\/en\/wp-json\/wp\/v2\/comments?post=27"}],"version-history":[{"count":21,"href":"https:\/\/scriptores.pl\/dialogi\/en\/wp-json\/wp\/v2\/pages\/27\/revisions"}],"predecessor-version":[{"id":35,"href":"https:\/\/scriptores.pl\/dialogi\/en\/wp-json\/wp\/v2\/pages\/27\/revisions\/35"}],"wp:attachment":[{"href":"https:\/\/scriptores.pl\/dialogi\/en\/wp-json\/wp\/v2\/media?parent=27"}],"curies":[{"name":"wp","href":"https:\/\/api.w.org\/{rel}","templated":true}]}}